{"id":895,"date":"2024-07-23T02:24:59","date_gmt":"2024-07-23T02:24:59","guid":{"rendered":"https:\/\/dtttek.com\/?page_id=895"},"modified":"2024-09-02T21:06:17","modified_gmt":"2024-09-02T12:06:17","slug":"datenschutzrichtlinie","status":"publish","type":"page","link":"https:\/\/dtttek.com\/de\/datenschutzrichtlinie\/","title":{"rendered":"Datenschutzrichtlinie"},"content":{"rendered":"<div data-elementor-type=\"wp-page\" data-elementor-id=\"895\" class=\"elementor elementor-895\" data-elementor-post-type=\"page\">\n\t\t\t\t<div class=\"elementor-element elementor-element-109d0146 e-flex e-con-boxed e-con e-parent\" data-id=\"109d0146\" data-element_type=\"container\" data-settings=\"{&quot;ekit_has_onepagescroll_dot&quot;:&quot;yes&quot;}\">\n\t\t\t\t\t<div class=\"e-con-inner\">\n\t\t\t\t<div class=\"elementor-element elementor-element-609f3c7d elementor-widget elementor-widget-text-editor\" data-id=\"609f3c7d\" data-element_type=\"widget\" data-settings=\"{&quot;ekit_we_effect_on&quot;:&quot;none&quot;}\" data-widget_type=\"text-editor.default\">\n\t\t\t\t<div class=\"elementor-widget-container\">\n\t\t\t\t\t\t\t\t\t<div data-page-id=\"YkK0dOjF2ow5Eux4ZBjcyzAKnJz\" data-docx-has-block-data=\"false\"><div>Vielen Dank f\u00fcr Ihren Besuch auf dtttek.com (der \u201eSite\u201c).<\/div><div>Diese Datenschutz- und Sicherheitsrichtlinie (\u201eRichtlinie\u201c) erl\u00e4utert die <a href=\"https:\/\/dtttek.com\/de\/\">Information<\/a> die wir auf der Site und w\u00e4hrend Ihres Besuchs in unserem Gesch\u00e4ft oder anderweitig \u00fcber Sie erfassen, wie wir personenbezogene Daten verwenden, welche Sicherheitsma\u00dfnahmen zum Schutz der Informationen getroffen wurden und welche M\u00f6glichkeiten Sie haben, unsere Auswahlm\u00f6glichkeiten hinsichtlich der Verwendung dieser Informationen zu \u00fcberpr\u00fcfen, zu \u00e4ndern und\/oder einzuschr\u00e4nken.<\/div><div>\u00a0<\/div><div>Diese Richtlinie ist Teil der Nutzungsbedingungen dieser Website und f\u00fcr alle Website-Benutzer verbindlich.<\/div><div>\u00a0<\/div><div>Wenn Sie Einw\u00e4nde gegen diese Datenschutzrichtlinie haben, sollten Sie die Nutzung der Site unverz\u00fcglich einstellen.<\/div><div>\u00a0<\/div><div>Indem Sie Ihre personenbezogenen Daten angeben, erkl\u00e4ren Sie sich damit einverstanden, dass dtttek.com die gesammelten Daten verwendet, um unseren Verpflichtungen Ihnen gegen\u00fcber nachzukommen und Ihnen die Dienste bereitzustellen, die Sie erwarten.<\/div><div>\u00a0<\/div><ol start=\"1\"><li data-list=\"number\"><div>Wie wir Ihre Daten verwenden<\/div><\/li><\/ol><div>Die von uns erhobenen personenbezogenen Daten werden f\u00fcr folgende Zwecke verwendet:<\/div><div>\u00a0<\/div><ul><li data-list=\"bullet\"><div>Technische Administration der Website<\/div><\/li><li data-list=\"bullet\"><div>Verbessern Sie Ihr Website-Erlebnis<\/div><\/li><li data-list=\"bullet\"><div>Forschung und Entwicklung<\/div><\/li><li data-list=\"bullet\"><div>Kundendienst<\/div><\/li><li data-list=\"bullet\"><div>Marketing<\/div><\/li><\/ul><div>Hierzu geh\u00f6rt die Zusendung von Informationen \u00fcber f\u00fcr Sie relevante Produkte und Dienstleistungen per E-Mail und telefonisch. All dies unterliegt Ihren Pr\u00e4ferenzen, und wir informieren Sie stets deutlich dar\u00fcber, wie Sie sich abmelden k\u00f6nnen.<\/div><div>\u00a0<\/div><div>Um dieses Dokument anzufordern, wenden Sie sich bitte schriftlich an den Kundenservice von dtttek.com. Sie k\u00f6nnen Ihre Einwilligung zur Nutzung Ihrer Daten f\u00fcr Marketingzwecke (z. B. Versand von Katalogen, Newslettern oder Angeboten) jederzeit widerrufen. Sie erreichen uns telefonisch oder per E-Mail.<\/div><div>\u00a0<\/div><ol start=\"2\"><li data-list=\"number\"><div>Wir verkaufen Ihre Daten nicht an Dritte.<\/div><\/li><\/ol><div>Wir k\u00f6nnen jedoch Daten an Dritte weitergeben, wenn dies zum Abschlie\u00dfen einer Transaktion oder zur Erbringung einer Dienstleistung, zu Verwaltungszwecken oder aufgrund gesetzlicher Vorschriften erforderlich ist.<\/div><div>\u00a0<\/div><div>Alle an Dritte weitergegebenen Daten dienen der Erf\u00fcllung der Verpflichtungen von dtttek.com. Wir k\u00f6nnen Ihre personenbezogenen Daten auch an Organisationen wie Kreditauskunfteien oder Inkassob\u00fcros weitergeben, um Bonit\u00e4tspr\u00fcfungen, Identit\u00e4tspr\u00fcfungen, die \u00dcberwachung von Kreditratings und das Inkasso durchzuf\u00fchren.<\/div><div>\u00a0<\/div><div>Dar\u00fcber hinaus k\u00f6nnen wir Ihre Daten weitergeben, wenn dies gesetzlich vorgeschrieben ist oder um potenziellen oder vermuteten Betrug zu verhindern. Ihre personenbezogenen Daten k\u00f6nnen auch im Falle einer Fusion, einer Unternehmensumstrukturierung von Sanopti oder bei der Ver\u00e4u\u00dferung oder \u00dcbernahme aller oder eines Teils unserer Verm\u00f6genswerte durch Dritte weitergegeben werden. Wenn Sie nicht m\u00f6chten, dass wir Ihre personenbezogenen Daten auf diese Weise weitergeben, stellen Sie sie uns bitte nicht zur Verf\u00fcgung.<\/div><div>\u00a0<\/div><ol start=\"3\"><li data-list=\"number\"><div>Cookies sind Daten, die auf der Festplatte eines Benutzers gespeichert werden und Informationen \u00fcber den Benutzer enthalten.<\/div><\/li><\/ol><div>\u00a0<\/div><div>Wir verwenden sowohl Sitzungscookies als auch dauerhafte Cookies. Cookies erm\u00f6glichen es uns, die allgemeinen Interessen der Benutzer zu verfolgen und gezielt anzusprechen, indem wir beliebte Bereiche und Produkte analysieren, um zuk\u00fcnftige Erfahrungen auf der Site zu verbessern.<\/div><div>\u00a0<\/div><div>Cookies richten auf Ihrem Computersystem oder Ihren Dateien keinen Schaden an und nur die Website, die Ihnen ein bestimmtes Cookie \u00fcbermittelt, kann diese Cookies lesen, \u00e4ndern oder l\u00f6schen.<\/div><div>\u00a0<\/div><div>Wenn Sie nicht m\u00f6chten, dass durch die Verwendung von Cookies Informationen gesammelt werden, verf\u00fcgen die meisten Browser \u00fcber einfache Programme, mit denen Sie vorhandene Cookies l\u00f6schen, Cookies automatisch ablehnen oder die \u00dcbertragung bestimmter Cookies auf Ihren Computer ablehnen oder akzeptieren k\u00f6nnen.<\/div><div>\u00a0<\/div><div>Sie k\u00f6nnen Cookies mithilfe Ihres Browsers ganz einfach von Ihrem Computer oder Mobilger\u00e4t l\u00f6schen. Anweisungen zum Umgang mit Cookies und zum L\u00f6schen dieser finden Sie in der \u201eHilfe\u201c Ihres Browsers.<\/div><div>\u00a0<\/div><div>Sie k\u00f6nnen Cookies deaktivieren oder sich benachrichtigen lassen, wenn ein neues Cookie an Ihren Computer oder Ihr Mobilger\u00e4t gesendet wird. Beachten Sie jedoch, dass Sie bei Deaktivierung von Cookies nicht alle Funktionen nutzen k\u00f6nnen.<\/div><div>\u00a0<\/div><ol start=\"4\"><li data-list=\"number\"><div>dtttek.com trifft alle Vorkehrungen, um Benutzerinformationen zu sch\u00fctzen.<\/div><\/li><\/ol><div>Wenn unsere Registrierungs-\/Bestellformulare Benutzer zur Eingabe vertraulicher Daten (wie Kreditkartennummern und\/oder Sozialversicherungsnummern) auffordern, werden diese durch Secure Socket Layer (SSL)-Verschl\u00fcsselungssoftware verschl\u00fcsselt und gesch\u00fctzt. Auf sicheren Seiten (wie unseren Bestellformularen) wird unten im Webbrowser ein Schlosssymbol angezeigt.<\/div><div>\u00a0<\/div><div>Wenn Sie sich nicht auf einer sicheren Seite befinden, wird kein Schlosssymbol angezeigt. Dar\u00fcber hinaus befinden sich unsere Server, auf denen personenbezogene Daten gespeichert sind, in einer sicheren Umgebung mit eingeschr\u00e4nktem Zugriff. Sicherheitssysteme (einschlie\u00dflich Verschl\u00fcsselungssysteme) sind jedoch nicht absolut sicher.<\/div><div>\u00a0<\/div><div>Wir unternehmen angemessene Anstrengungen, um Ihre personenbezogenen Daten zu sch\u00fctzen, k\u00f6nnen jedoch keine absolute Sicherheit garantieren.<\/div><div>\u00a0<\/div><div>Wenn Sie Fragen zur Sicherheit unserer Website haben, f\u00fcllen Sie bitte eine Anfrage f\u00fcr weitere Informationen \u00fcber die <strong>Kontaktseite<\/strong>.<\/div><div>\u00a0<\/div><ol start=\"5\"><li data-list=\"number\"><div>Informationserg\u00e4nzung.<\/div><\/li><\/ol><div>Damit dtttek.com seinen Verpflichtungen gegen\u00fcber unseren Kunden ordnungsgem\u00e4\u00df nachkommen kann, ist es f\u00fcr uns notwendig, die Informationen, die wir aus Drittquellen, wie beispielsweise den Websites unserer Partner, erhalten, zu erg\u00e4nzen.<\/div><div>\u00a0<\/div><div>Beispielsweise k\u00f6nnen wir Informationen \u00fcber einen K\u00e4ufer mit anderen Informationen kombinieren.<\/div><div>\u00a0<\/div><div>Wenn ein Benutzer bei einem dieser Unternehmen einen Kauf t\u00e4tigt, erfassen die Unternehmen die Kaufinformationen und geben sie an uns weiter, damit wir die Site an die Pr\u00e4ferenzen des Benutzers anpassen k\u00f6nnen.<\/div><div>\u00a0<\/div><div>\u00c4ndern sich die personenbezogenen Daten eines Nutzers (z. B. Postleitzahl, Telefonnummer, E-Mail- oder Postanschrift) oder w\u00fcnscht der Nutzer unsere Dienste nicht mehr, bieten wir ihm die M\u00f6glichkeit, die personenbezogenen Daten, die er uns \u00fcbermittelt hat, zu korrigieren, zu aktualisieren oder zu l\u00f6schen\/deaktivieren. Dies kann \u00fcber die Abmeldefunktion in unseren Mitteilungen erfolgen.<\/div><div>\u00a0<\/div><div>\u00c4nderungen dieser Richtlinie: Wir behalten uns das Recht vor, diese Datenschutzrichtlinie sowie alle Richtlinien und Verfahren im Zusammenhang mit dem Umgang mit den \u00fcber diese Website erfassten Daten ohne vorherige Ank\u00fcndigung zu \u00e4ndern. Das Datum der letzten \u00dcberarbeitung dieser Datenschutzrichtlinie finden Sie oben auf dieser Seite. \u00c4nderungen unserer Datenschutzrichtlinie treten mit ihrer Ver\u00f6ffentlichung im Internet, zug\u00e4nglich \u00fcber diese Website, in Kraft. Die Nutzung der Website nach solchen \u00c4nderungen gilt als Zustimmung zu den dann geltenden \u00fcberarbeiteten Richtlinien. Wir empfehlen Ihnen, unsere Datenschutzrichtlinie regelm\u00e4\u00dfig zu \u00fcberpr\u00fcfen, um sicherzustellen, dass Sie mit der aktuellsten Version vertraut sind.<\/div><\/div>\t\t\t\t\t\t\t\t<\/div>\n\t\t\t\t<\/div>\n\t\t\t\t\t<\/div>\n\t\t\t\t<\/div>\n\t\t\t\t<\/div>","protected":false},"excerpt":{"rendered":"<p>Thank you for visiting dtttek.com (the \u201cSite\u201d).This Privacy and Security Policy (\u201cPolicy\u201d) explains the information we collect about you on the Site and during your visit to our store or otherwise, how we use personal data information, some of the security measures in place to protect the information, and your choices in reviewing, modifying, and\/or&hellip;&nbsp;<a href=\"https:\/\/dtttek.com\/de\/datenschutzrichtlinie\/\" rel=\"bookmark\">Weiterlesen \u00bb<span class=\"screen-reader-text\">Datenschutzrichtlinie<\/span><\/a><\/p>","protected":false},"author":1,"featured_media":0,"parent":0,"menu_order":0,"comment_status":"closed","ping_status":"closed","template":"","meta":{"content-type":"","om_disable_all_campaigns":false,"neve_meta_sidebar":"","neve_meta_container":"","neve_meta_enable_content_width":"","neve_meta_content_width":0,"neve_meta_title_alignment":"","neve_meta_author_avatar":"","neve_post_elements_order":"","neve_meta_disable_header":"","neve_meta_disable_footer":"","neve_meta_disable_title":"","footnotes":""},"class_list":["post-895","page","type-page","status-publish","hentry"],"yoast_head":"<!-- This site is optimized with the Yoast SEO Premium plugin v23.0 (Yoast SEO v26.5) - https:\/\/yoast.com\/wordpress\/plugins\/seo\/ -->\n<title>DTTTEK Leading Sensor Manufacturer in China Privacy Policy<\/title>\n<meta name=\"description\" content=\"Read DTTTEK&#039;s Privacy Policy. As a leading sensor manufacturer in China, we prioritize your data security and confidentiality.\" \/>\n<meta name=\"robots\" content=\"index, follow, max-snippet:-1, max-image-preview:large, max-video-preview:-1\" \/>\n<link rel=\"canonical\" href=\"https:\/\/dtttek.com\/de\/datenschutzrichtlinie\/\" \/>\n<meta property=\"og:locale\" content=\"de_DE\" \/>\n<meta property=\"og:type\" content=\"article\" \/>\n<meta property=\"og:title\" content=\"Privacy Policy\" \/>\n<meta property=\"og:description\" content=\"Read DTTTEK&#039;s Privacy Policy. As a leading sensor manufacturer in China, we prioritize your data security and confidentiality.\" \/>\n<meta property=\"og:url\" content=\"https:\/\/dtttek.com\/de\/datenschutzrichtlinie\/\" \/>\n<meta property=\"og:site_name\" content=\"DTTTEK\" \/>\n<meta property=\"article:modified_time\" content=\"2024-09-02T12:06:17+00:00\" \/>\n<meta name=\"twitter:card\" content=\"summary_large_image\" \/>\n<meta name=\"twitter:label1\" content=\"Gesch\u00e4tzte Lesezeit\" \/>\n\t<meta name=\"twitter:data1\" content=\"5\u00a0Minuten\" \/>\n<script type=\"application\/ld+json\" class=\"yoast-schema-graph\">{\"@context\":\"https:\/\/schema.org\",\"@graph\":[{\"@type\":\"WebPage\",\"@id\":\"https:\/\/dtttek.com\/privacy-policy\/\",\"url\":\"https:\/\/dtttek.com\/privacy-policy\/\",\"name\":\"DTTTEK Leading Sensor Manufacturer in China Privacy Policy\",\"isPartOf\":{\"@id\":\"https:\/\/dtttek.com\/#website\"},\"datePublished\":\"2024-07-23T02:24:59+00:00\",\"dateModified\":\"2024-09-02T12:06:17+00:00\",\"description\":\"Read DTTTEK's Privacy Policy. As a leading sensor manufacturer in China, we prioritize your data security and confidentiality.\",\"breadcrumb\":{\"@id\":\"https:\/\/dtttek.com\/privacy-policy\/#breadcrumb\"},\"inLanguage\":\"de\",\"potentialAction\":[{\"@type\":\"ReadAction\",\"target\":[\"https:\/\/dtttek.com\/privacy-policy\/\"]}]},{\"@type\":\"BreadcrumbList\",\"@id\":\"https:\/\/dtttek.com\/privacy-policy\/#breadcrumb\",\"itemListElement\":[{\"@type\":\"ListItem\",\"position\":1,\"name\":\"Home\",\"item\":\"https:\/\/dtttek.com\/\"},{\"@type\":\"ListItem\",\"position\":2,\"name\":\"Privacy Policy\"}]},{\"@type\":\"WebSite\",\"@id\":\"https:\/\/dtttek.com\/#website\",\"url\":\"https:\/\/dtttek.com\/\",\"name\":\"DTTTEK\",\"description\":\"High quality sensor manufacturer\",\"publisher\":{\"@id\":\"https:\/\/dtttek.com\/#organization\"},\"potentialAction\":[{\"@type\":\"SearchAction\",\"target\":{\"@type\":\"EntryPoint\",\"urlTemplate\":\"https:\/\/dtttek.com\/?s={search_term_string}\"},\"query-input\":{\"@type\":\"PropertyValueSpecification\",\"valueRequired\":true,\"valueName\":\"search_term_string\"}}],\"inLanguage\":\"de\"},{\"@type\":\"Organization\",\"@id\":\"https:\/\/dtttek.com\/#organization\",\"name\":\"DTTTEK\",\"url\":\"https:\/\/dtttek.com\/\",\"logo\":{\"@type\":\"ImageObject\",\"inLanguage\":\"de\",\"@id\":\"https:\/\/dtttek.com\/#\/schema\/logo\/image\/\",\"url\":\"https:\/\/dtttek.com\/wp-content\/uploads\/2024\/08\/cropped-logo-1.png\",\"contentUrl\":\"https:\/\/dtttek.com\/wp-content\/uploads\/2024\/08\/cropped-logo-1.png\",\"width\":512,\"height\":512,\"caption\":\"DTTTEK\"},\"image\":{\"@id\":\"https:\/\/dtttek.com\/#\/schema\/logo\/image\/\"}}]}<\/script>\n<!-- \/ Yoast SEO Premium plugin. -->","yoast_head_json":{"title":"DTTTEK F\u00fchrender Sensorhersteller in China Datenschutzrichtlinie","description":"Lesen Sie die Datenschutzrichtlinie von DTTTEK. Als f\u00fchrender Sensorhersteller in China haben Ihre Datensicherheit und Vertraulichkeit f\u00fcr uns oberste Priorit\u00e4t.","robots":{"index":"index","follow":"follow","max-snippet":"max-snippet:-1","max-image-preview":"max-image-preview:large","max-video-preview":"max-video-preview:-1"},"canonical":"https:\/\/dtttek.com\/de\/datenschutzrichtlinie\/","og_locale":"de_DE","og_type":"article","og_title":"Privacy Policy","og_description":"Read DTTTEK's Privacy Policy. As a leading sensor manufacturer in China, we prioritize your data security and confidentiality.","og_url":"https:\/\/dtttek.com\/de\/datenschutzrichtlinie\/","og_site_name":"DTTTEK","article_modified_time":"2024-09-02T12:06:17+00:00","twitter_card":"summary_large_image","twitter_misc":{"Gesch\u00e4tzte Lesezeit":"5\u00a0Minuten"},"schema":{"@context":"https:\/\/schema.org","@graph":[{"@type":"WebPage","@id":"https:\/\/dtttek.com\/privacy-policy\/","url":"https:\/\/dtttek.com\/privacy-policy\/","name":"DTTTEK F\u00fchrender Sensorhersteller in China Datenschutzrichtlinie","isPartOf":{"@id":"https:\/\/dtttek.com\/#website"},"datePublished":"2024-07-23T02:24:59+00:00","dateModified":"2024-09-02T12:06:17+00:00","description":"Lesen Sie die Datenschutzrichtlinie von DTTTEK. Als f\u00fchrender Sensorhersteller in China haben Ihre Datensicherheit und Vertraulichkeit f\u00fcr uns oberste Priorit\u00e4t.","breadcrumb":{"@id":"https:\/\/dtttek.com\/privacy-policy\/#breadcrumb"},"inLanguage":"de","potentialAction":[{"@type":"ReadAction","target":["https:\/\/dtttek.com\/privacy-policy\/"]}]},{"@type":"BreadcrumbList","@id":"https:\/\/dtttek.com\/privacy-policy\/#breadcrumb","itemListElement":[{"@type":"ListItem","position":1,"name":"Home","item":"https:\/\/dtttek.com\/"},{"@type":"ListItem","position":2,"name":"Privacy Policy"}]},{"@type":"WebSite","@id":"https:\/\/dtttek.com\/#website","url":"https:\/\/dtttek.com\/","name":"DTTTEK","description":"Hochwertiger Sensorhersteller","publisher":{"@id":"https:\/\/dtttek.com\/#organization"},"potentialAction":[{"@type":"SearchAction","target":{"@type":"EntryPoint","urlTemplate":"https:\/\/dtttek.com\/?s={search_term_string}"},"query-input":{"@type":"PropertyValueSpecification","valueRequired":true,"valueName":"search_term_string"}}],"inLanguage":"de"},{"@type":"Organization","@id":"https:\/\/dtttek.com\/#organization","name":"DTTTEK","url":"https:\/\/dtttek.com\/","logo":{"@type":"ImageObject","inLanguage":"de","@id":"https:\/\/dtttek.com\/#\/schema\/logo\/image\/","url":"https:\/\/dtttek.com\/wp-content\/uploads\/2024\/08\/cropped-logo-1.png","contentUrl":"https:\/\/dtttek.com\/wp-content\/uploads\/2024\/08\/cropped-logo-1.png","width":512,"height":512,"caption":"DTTTEK"},"image":{"@id":"https:\/\/dtttek.com\/#\/schema\/logo\/image\/"}}]}},"_links":{"self":[{"href":"https:\/\/dtttek.com\/de\/wp-json\/wp\/v2\/pages\/895","targetHints":{"allow":["GET"]}}],"collection":[{"href":"https:\/\/dtttek.com\/de\/wp-json\/wp\/v2\/pages"}],"about":[{"href":"https:\/\/dtttek.com\/de\/wp-json\/wp\/v2\/types\/page"}],"author":[{"embeddable":true,"href":"https:\/\/dtttek.com\/de\/wp-json\/wp\/v2\/users\/1"}],"replies":[{"embeddable":true,"href":"https:\/\/dtttek.com\/de\/wp-json\/wp\/v2\/comments?post=895"}],"version-history":[{"count":0,"href":"https:\/\/dtttek.com\/de\/wp-json\/wp\/v2\/pages\/895\/revisions"}],"wp:attachment":[{"href":"https:\/\/dtttek.com\/de\/wp-json\/wp\/v2\/media?parent=895"}],"curies":[{"name":"wp","href":"https:\/\/api.w.org\/{rel}","templated":true}]}}