{"id":2873,"date":"2024-08-19T19:37:33","date_gmt":"2024-08-19T10:37:33","guid":{"rendered":"https:\/\/dtttek.com\/?post_type=product&#038;p=2873"},"modified":"2024-09-03T15:23:11","modified_gmt":"2024-09-03T06:23:11","slug":"termistor-lineal-ptc","status":"publish","type":"product","link":"https:\/\/dtttek.com\/es\/producto\/termistor-lineal-ptc\/","title":{"rendered":"Termistor lineal PTC"},"content":{"rendered":"<h3><span style=\"color: #37b6ed;\">Descripci\u00f3n<\/span><\/h3>\n<p>El <a href=\"https:\/\/dtttek.com\/es\/producto\/termistor-lineal-ptc\/\">Termistor lineal PTC <\/a>El termistor fabricado por DTTTEK es un encapsulado axial de vidrio con plomo. Su valor de resistencia aumenta linealmente con el aumento de la temperatura y presenta una buena linealidad. En comparaci\u00f3n con el termistor fabricado con cer\u00e1mica polim\u00e9rica PTC, no requiere compensaci\u00f3n lineal para simplificar el dise\u00f1o del circuito. Adem\u00e1s, presenta una buena consistencia de resistencia, gran intercambiabilidad y una apariencia y especificaciones estandarizadas.<\/p>\n<h3><span style=\"color: #37b6ed;\">Solicitud<\/span><\/h3>\n<ul>\n<li><strong>\u00b7\u00a0 <\/strong>Comunicaci\u00f3n<\/li>\n<li><strong>\u00b7\u00a0 <\/strong>Autom\u00f3vil<\/li>\n<li><strong>\u00b7\u00a0 <\/strong>Instrumento<\/li>\n<li><strong>\u00b7\u00a0 <\/strong>Computadora<\/li>\n<li><strong>\u00b7\u00a0\u00a0<\/strong>Medici\u00f3n y control de temperatura en electrodom\u00e9sticos y otras industrias<\/li>\n<\/ul>\n<h3><span style=\"color: #37b6ed;\">Indicadores t\u00e9cnicos<\/span><\/h3>\n<table>\n<tbody>\n<tr>\n<td width=\"284\">Resistencia nominal (resistencia de potencia cero a 25 \u00b0C)<\/td>\n<td width=\"284\">577 \u03a9 \uff5e 627 \u03a9<\/td>\n<\/tr>\n<tr>\n<td width=\"284\">Exactitud<\/td>\n<td width=\"284\">\u00b11%, \u00b12%, \u00b13%, \u00b15%<\/td>\n<\/tr>\n<tr>\n<td width=\"284\">Constante de tiempo t\u00e9rmica (en aire en calma)<\/td>\n<td width=\"284\">\u226410 segundos<\/td>\n<\/tr>\n<tr>\n<td width=\"284\">Coeficiente de disipaci\u00f3n t\u00e9rmica (en aire en calma)<\/td>\n<td width=\"284\">2,5\uff5e5 mW\/\u2103<\/td>\n<\/tr>\n<tr>\n<td width=\"284\">Corriente m\u00e1xima de funcionamiento<\/td>\n<td width=\"284\">Iopr=1,0 mA<\/td>\n<\/tr>\n<tr>\n<td width=\"284\">Potencia nominal (25\u00b0C)<\/td>\n<td width=\"284\">10 mW<\/td>\n<\/tr>\n<tr>\n<td width=\"284\">Estabilidad<\/td>\n<td width=\"284\">Tasa de cambio anual \u2264 0,01 \u2103\/a\u00f1o<\/td>\n<\/tr>\n<tr>\n<td width=\"284\">Rango de temperatura de funcionamiento<\/td>\n<td width=\"284\">-50\uff5e+200\u2103<\/td>\n<\/tr>\n<\/tbody>\n<\/table>\n<h3><span style=\"color: #37b6ed;\">Diagrama<\/span><\/h3>\n<p><img fetchpriority=\"high\" decoding=\"async\" class=\"alignnone  wp-image-4152\" src=\"https:\/\/dtttek.com\/wp-content\/uploads\/2024\/08\/1-8.png\" alt=\"\" width=\"905\" height=\"173\" srcset=\"https:\/\/dtttek.com\/wp-content\/uploads\/2024\/08\/1-8.png 2027w, https:\/\/dtttek.com\/wp-content\/uploads\/2024\/08\/1-8-300x57.png 300w, https:\/\/dtttek.com\/wp-content\/uploads\/2024\/08\/1-8-1024x196.png 1024w, https:\/\/dtttek.com\/wp-content\/uploads\/2024\/08\/1-8-768x147.png 768w, https:\/\/dtttek.com\/wp-content\/uploads\/2024\/08\/1-8-1536x294.png 1536w, https:\/\/dtttek.com\/wp-content\/uploads\/2024\/08\/1-8-18x3.png 18w\" sizes=\"(max-width: 905px) 100vw, 905px\" \/><\/p>\n<p><img decoding=\"async\" class=\"alignnone  wp-image-4153\" src=\"https:\/\/dtttek.com\/wp-content\/uploads\/2024\/08\/2_\u4fee\u590d\u540e-scaled.jpg\" alt=\"\" width=\"899\" height=\"936\" srcset=\"https:\/\/dtttek.com\/wp-content\/uploads\/2024\/08\/2_\u4fee\u590d\u540e-scaled.jpg 2458w, https:\/\/dtttek.com\/wp-content\/uploads\/2024\/08\/2_\u4fee\u590d\u540e-288x300.jpg 288w, https:\/\/dtttek.com\/wp-content\/uploads\/2024\/08\/2_\u4fee\u590d\u540e-983x1024.jpg 983w, https:\/\/dtttek.com\/wp-content\/uploads\/2024\/08\/2_\u4fee\u590d\u540e-768x800.jpg 768w, https:\/\/dtttek.com\/wp-content\/uploads\/2024\/08\/2_\u4fee\u590d\u540e-1475x1536.jpg 1475w, https:\/\/dtttek.com\/wp-content\/uploads\/2024\/08\/2_\u4fee\u590d\u540e-1966x2048.jpg 1966w, https:\/\/dtttek.com\/wp-content\/uploads\/2024\/08\/2_\u4fee\u590d\u540e-12x12.jpg 12w, https:\/\/dtttek.com\/wp-content\/uploads\/2024\/08\/2_\u4fee\u590d\u540e-300x312.jpg 300w\" sizes=\"(max-width: 899px) 100vw, 899px\" \/><\/p>\n<p><img decoding=\"async\" class=\"alignnone  wp-image-4154\" src=\"https:\/\/dtttek.com\/wp-content\/uploads\/2024\/08\/3_\u4fee\u590d\u540e-scaled.jpg\" alt=\"\" width=\"904\" height=\"824\" srcset=\"https:\/\/dtttek.com\/wp-content\/uploads\/2024\/08\/3_\u4fee\u590d\u540e-scaled.jpg 2560w, https:\/\/dtttek.com\/wp-content\/uploads\/2024\/08\/3_\u4fee\u590d\u540e-300x273.jpg 300w, https:\/\/dtttek.com\/wp-content\/uploads\/2024\/08\/3_\u4fee\u590d\u540e-1024x933.jpg 1024w, https:\/\/dtttek.com\/wp-content\/uploads\/2024\/08\/3_\u4fee\u590d\u540e-768x700.jpg 768w, https:\/\/dtttek.com\/wp-content\/uploads\/2024\/08\/3_\u4fee\u590d\u540e-1536x1400.jpg 1536w, https:\/\/dtttek.com\/wp-content\/uploads\/2024\/08\/3_\u4fee\u590d\u540e-2048x1867.jpg 2048w, https:\/\/dtttek.com\/wp-content\/uploads\/2024\/08\/3_\u4fee\u590d\u540e-13x12.jpg 13w\" sizes=\"(max-width: 904px) 100vw, 904px\" \/><\/p>\n<p>&nbsp;<\/p>","protected":false},"excerpt":{"rendered":"<h5><span style=\"color: #37b6ed;\">Caracter\u00edstica<\/span><\/h5>\n<p><strong>\u00b7 <\/strong>Capacidad de alta temperatura hasta +300 \u00b0C<br \/>\n<strong>\u00b7 <\/strong>Paquete de vidrio sellado<br \/>\n<strong>\u00b7 <\/strong>Bajo costo<br \/>\n<strong>\u00b7 <\/strong>Excelente estabilidad a largo plazo<br \/>\n<strong>\u00b7 <\/strong>Valores de resistencia y tolerancias no est\u00e1ndar<br \/>\n<strong>\u00b7 <\/strong>Disponible en embalaje de cinta y carrete.<\/p>","protected":false},"featured_media":2183,"template":"","meta":{"content-type":"","om_disable_all_campaigns":false,"neve_meta_sidebar":"","neve_meta_container":"","neve_meta_enable_content_width":"on","neve_meta_content_width":60,"neve_meta_title_alignment":"","neve_meta_author_avatar":"","neve_post_elements_order":"","neve_meta_disable_header":"","neve_meta_disable_footer":"","neve_meta_disable_title":""},"product_brand":[],"product_cat":[13],"product_tag":[41,54,51,53,48],"class_list":{"0":"post-2873","1":"product","2":"type-product","3":"status-publish","4":"has-post-thumbnail","6":"product_cat-ntc-thermistor","7":"product_tag-epoxy-packaged-temperature-sensor","8":"product_tag-glass-encapsulated-thermistors","9":"product_tag-ntc-epoxy-enameled-wire-components","10":"product_tag-ntc-single-ended-glass-sealed-element","11":"product_tag-tpe-injection-molding-temperature","13":"first","14":"instock","15":"shipping-taxable","16":"product-type-simple"},"yoast_head":"<!-- This site is optimized with the Yoast SEO Premium plugin v23.0 (Yoast SEO v26.5) - https:\/\/yoast.com\/wordpress\/plugins\/seo\/ -->\n<title>PTC Linear Thermistors Accurate &amp; Durable | DTTTEK<\/title>\n<meta name=\"description\" content=\"PTC Linear Thermistors Reliable, accurate temperature sensors with robust glass encapsulation for superior performance and durability.\" \/>\n<meta name=\"robots\" content=\"index, follow, max-snippet:-1, max-image-preview:large, max-video-preview:-1\" \/>\n<link rel=\"canonical\" href=\"https:\/\/dtttek.com\/es\/producto\/glass-encapsulated-ntc-thermistor\/\" \/>\n<meta property=\"og:locale\" content=\"es_ES\" \/>\n<meta property=\"og:type\" content=\"article\" \/>\n<meta property=\"og:title\" content=\"PTC Linear Thermistor\" \/>\n<meta property=\"og:description\" content=\"PTC Linear Thermistors Reliable, accurate temperature sensors with robust glass encapsulation for superior performance and durability.\" \/>\n<meta property=\"og:url\" content=\"https:\/\/dtttek.com\/es\/producto\/glass-encapsulated-ntc-thermistor\/\" \/>\n<meta property=\"og:site_name\" content=\"DTTTEK\" \/>\n<meta property=\"article:modified_time\" content=\"2024-09-03T06:23:11+00:00\" \/>\n<meta property=\"og:image\" content=\"https:\/\/dtttek.com\/wp-content\/uploads\/2024\/08\/5\uff081.png\" \/>\n\t<meta property=\"og:image:width\" content=\"1000\" \/>\n\t<meta property=\"og:image:height\" content=\"1000\" \/>\n\t<meta property=\"og:image:type\" content=\"image\/png\" \/>\n<meta name=\"twitter:card\" content=\"summary_large_image\" \/>\n<meta name=\"twitter:label1\" content=\"Tiempo de lectura\" \/>\n\t<meta name=\"twitter:data1\" content=\"2 minutos\" \/>\n<script type=\"application\/ld+json\" class=\"yoast-schema-graph\">{\"@context\":\"https:\/\/schema.org\",\"@graph\":[{\"@type\":\"WebPage\",\"@id\":\"https:\/\/dtttek.com\/product\/ptc-linear-thermistor\/\",\"url\":\"https:\/\/dtttek.com\/product\/glass-encapsulated-ntc-thermistor\/\",\"name\":\"PTC Linear Thermistors Accurate & Durable | DTTTEK\",\"isPartOf\":{\"@id\":\"https:\/\/dtttek.com\/#website\"},\"primaryImageOfPage\":{\"@id\":\"https:\/\/dtttek.com\/product\/glass-encapsulated-ntc-thermistor\/#primaryimage\"},\"image\":{\"@id\":\"https:\/\/dtttek.com\/product\/glass-encapsulated-ntc-thermistor\/#primaryimage\"},\"thumbnailUrl\":\"https:\/\/dtttek.com\/wp-content\/uploads\/2024\/08\/5\uff081.png\",\"datePublished\":\"2024-08-19T10:37:33+00:00\",\"dateModified\":\"2024-09-03T06:23:11+00:00\",\"description\":\"PTC Linear Thermistors Reliable, accurate temperature sensors with robust glass encapsulation for superior performance and durability.\",\"breadcrumb\":{\"@id\":\"https:\/\/dtttek.com\/product\/glass-encapsulated-ntc-thermistor\/#breadcrumb\"},\"inLanguage\":\"es\",\"potentialAction\":[{\"@type\":\"ReadAction\",\"target\":[\"https:\/\/dtttek.com\/product\/glass-encapsulated-ntc-thermistor\/\"]}]},{\"@type\":\"ImageObject\",\"inLanguage\":\"es\",\"@id\":\"https:\/\/dtttek.com\/product\/glass-encapsulated-ntc-thermistor\/#primaryimage\",\"url\":\"https:\/\/dtttek.com\/wp-content\/uploads\/2024\/08\/5\uff081.png\",\"contentUrl\":\"https:\/\/dtttek.com\/wp-content\/uploads\/2024\/08\/5\uff081.png\",\"width\":1000,\"height\":1000,\"caption\":\"Glass Encapsulated Thermistors\"},{\"@type\":\"BreadcrumbList\",\"@id\":\"https:\/\/dtttek.com\/product\/glass-encapsulated-ntc-thermistor\/#breadcrumb\",\"itemListElement\":[{\"@type\":\"ListItem\",\"position\":1,\"name\":\"Home\",\"item\":\"https:\/\/dtttek.com\/\"},{\"@type\":\"ListItem\",\"position\":2,\"name\":\"Product\",\"item\":\"https:\/\/dtttek.com\/product-page\/\"},{\"@type\":\"ListItem\",\"position\":3,\"name\":\"PTC Linear Thermistor\"}]},{\"@type\":\"WebSite\",\"@id\":\"https:\/\/dtttek.com\/#website\",\"url\":\"https:\/\/dtttek.com\/\",\"name\":\"DTTTEK\",\"description\":\"High quality sensor manufacturer\",\"publisher\":{\"@id\":\"https:\/\/dtttek.com\/#organization\"},\"potentialAction\":[{\"@type\":\"SearchAction\",\"target\":{\"@type\":\"EntryPoint\",\"urlTemplate\":\"https:\/\/dtttek.com\/?s={search_term_string}\"},\"query-input\":{\"@type\":\"PropertyValueSpecification\",\"valueRequired\":true,\"valueName\":\"search_term_string\"}}],\"inLanguage\":\"es\"},{\"@type\":\"Organization\",\"@id\":\"https:\/\/dtttek.com\/#organization\",\"name\":\"DTTTEK\",\"url\":\"https:\/\/dtttek.com\/\",\"logo\":{\"@type\":\"ImageObject\",\"inLanguage\":\"es\",\"@id\":\"https:\/\/dtttek.com\/#\/schema\/logo\/image\/\",\"url\":\"https:\/\/dtttek.com\/wp-content\/uploads\/2024\/08\/cropped-logo-1.png\",\"contentUrl\":\"https:\/\/dtttek.com\/wp-content\/uploads\/2024\/08\/cropped-logo-1.png\",\"width\":512,\"height\":512,\"caption\":\"DTTTEK\"},\"image\":{\"@id\":\"https:\/\/dtttek.com\/#\/schema\/logo\/image\/\"}}]}<\/script>\n<!-- \/ Yoast SEO Premium plugin. -->","yoast_head_json":{"title":"Termistores lineales PTC: precisos y duraderos | DTTTEK","description":"Termistores lineales PTC Sensores de temperatura confiables y precisos con encapsulaci\u00f3n de vidrio robusta para un rendimiento y durabilidad superiores.","robots":{"index":"index","follow":"follow","max-snippet":"max-snippet:-1","max-image-preview":"max-image-preview:large","max-video-preview":"max-video-preview:-1"},"canonical":"https:\/\/dtttek.com\/es\/producto\/glass-encapsulated-ntc-thermistor\/","og_locale":"es_ES","og_type":"article","og_title":"PTC Linear Thermistor","og_description":"PTC Linear Thermistors Reliable, accurate temperature sensors with robust glass encapsulation for superior performance and durability.","og_url":"https:\/\/dtttek.com\/es\/producto\/glass-encapsulated-ntc-thermistor\/","og_site_name":"DTTTEK","article_modified_time":"2024-09-03T06:23:11+00:00","og_image":[{"width":1000,"height":1000,"url":"https:\/\/dtttek.com\/wp-content\/uploads\/2024\/08\/5\uff081.png","type":"image\/png"}],"twitter_card":"summary_large_image","twitter_misc":{"Tiempo de lectura":"2 minutos"},"schema":{"@context":"https:\/\/schema.org","@graph":[{"@type":"WebPage","@id":"https:\/\/dtttek.com\/product\/ptc-linear-thermistor\/","url":"https:\/\/dtttek.com\/product\/glass-encapsulated-ntc-thermistor\/","name":"Termistores lineales PTC: precisos y duraderos | DTTTEK","isPartOf":{"@id":"https:\/\/dtttek.com\/#website"},"primaryImageOfPage":{"@id":"https:\/\/dtttek.com\/product\/glass-encapsulated-ntc-thermistor\/#primaryimage"},"image":{"@id":"https:\/\/dtttek.com\/product\/glass-encapsulated-ntc-thermistor\/#primaryimage"},"thumbnailUrl":"https:\/\/dtttek.com\/wp-content\/uploads\/2024\/08\/5\uff081.png","datePublished":"2024-08-19T10:37:33+00:00","dateModified":"2024-09-03T06:23:11+00:00","description":"Termistores lineales PTC Sensores de temperatura confiables y precisos con encapsulaci\u00f3n de vidrio robusta para un rendimiento y durabilidad superiores.","breadcrumb":{"@id":"https:\/\/dtttek.com\/product\/glass-encapsulated-ntc-thermistor\/#breadcrumb"},"inLanguage":"es","potentialAction":[{"@type":"ReadAction","target":["https:\/\/dtttek.com\/product\/glass-encapsulated-ntc-thermistor\/"]}]},{"@type":"ImageObject","inLanguage":"es","@id":"https:\/\/dtttek.com\/product\/glass-encapsulated-ntc-thermistor\/#primaryimage","url":"https:\/\/dtttek.com\/wp-content\/uploads\/2024\/08\/5\uff081.png","contentUrl":"https:\/\/dtttek.com\/wp-content\/uploads\/2024\/08\/5\uff081.png","width":1000,"height":1000,"caption":"Glass Encapsulated Thermistors"},{"@type":"BreadcrumbList","@id":"https:\/\/dtttek.com\/product\/glass-encapsulated-ntc-thermistor\/#breadcrumb","itemListElement":[{"@type":"ListItem","position":1,"name":"Home","item":"https:\/\/dtttek.com\/"},{"@type":"ListItem","position":2,"name":"Product","item":"https:\/\/dtttek.com\/product-page\/"},{"@type":"ListItem","position":3,"name":"PTC Linear Thermistor"}]},{"@type":"WebSite","@id":"https:\/\/dtttek.com\/#website","url":"https:\/\/dtttek.com\/","name":"DTTTEK","description":"Fabricante de sensores de alta calidad","publisher":{"@id":"https:\/\/dtttek.com\/#organization"},"potentialAction":[{"@type":"SearchAction","target":{"@type":"EntryPoint","urlTemplate":"https:\/\/dtttek.com\/?s={search_term_string}"},"query-input":{"@type":"PropertyValueSpecification","valueRequired":true,"valueName":"search_term_string"}}],"inLanguage":"es"},{"@type":"Organization","@id":"https:\/\/dtttek.com\/#organization","name":"DTTTEK","url":"https:\/\/dtttek.com\/","logo":{"@type":"ImageObject","inLanguage":"es","@id":"https:\/\/dtttek.com\/#\/schema\/logo\/image\/","url":"https:\/\/dtttek.com\/wp-content\/uploads\/2024\/08\/cropped-logo-1.png","contentUrl":"https:\/\/dtttek.com\/wp-content\/uploads\/2024\/08\/cropped-logo-1.png","width":512,"height":512,"caption":"DTTTEK"},"image":{"@id":"https:\/\/dtttek.com\/#\/schema\/logo\/image\/"}}]}},"_links":{"self":[{"href":"https:\/\/dtttek.com\/es\/wp-json\/wp\/v2\/product\/2873","targetHints":{"allow":["GET"]}}],"collection":[{"href":"https:\/\/dtttek.com\/es\/wp-json\/wp\/v2\/product"}],"about":[{"href":"https:\/\/dtttek.com\/es\/wp-json\/wp\/v2\/types\/product"}],"version-history":[{"count":0,"href":"https:\/\/dtttek.com\/es\/wp-json\/wp\/v2\/product\/2873\/revisions"}],"wp:featuredmedia":[{"embeddable":true,"href":"https:\/\/dtttek.com\/es\/wp-json\/wp\/v2\/media\/2183"}],"wp:attachment":[{"href":"https:\/\/dtttek.com\/es\/wp-json\/wp\/v2\/media?parent=2873"}],"wp:term":[{"taxonomy":"product_brand","embeddable":true,"href":"https:\/\/dtttek.com\/es\/wp-json\/wp\/v2\/product_brand?post=2873"},{"taxonomy":"product_cat","embeddable":true,"href":"https:\/\/dtttek.com\/es\/wp-json\/wp\/v2\/product_cat?post=2873"},{"taxonomy":"product_tag","embeddable":true,"href":"https:\/\/dtttek.com\/es\/wp-json\/wp\/v2\/product_tag?post=2873"}],"curies":[{"name":"wp","href":"https:\/\/api.w.org\/{rel}","templated":true}]}}