{"id":5371,"date":"2024-11-20T17:24:06","date_gmt":"2024-11-20T08:24:06","guid":{"rendered":"https:\/\/dtttek.com\/?post_type=product&#038;p=5371"},"modified":"2024-11-27T18:30:10","modified_gmt":"2024-11-27T09:30:10","slug":"sonda-de-temperatura-para-barbacoa-sensor-de-temperatura-pt1000-sensor-de-temperatura-para-estufa-de-pellets-para-barbacoa-sensor-de-temperatura-pt1000","status":"publish","type":"product","link":"https:\/\/dtttek.com\/es\/producto\/sonda-de-temperatura-para-barbacoa-sensor-de-temperatura-pt1000-sensor-de-temperatura-para-estufa-de-pellets-para-barbacoa-sensor-de-temperatura-pt1000\/","title":{"rendered":"Sonda de temperatura para barbacoa PT1000 Sensor de temperatura para estufa de pellets para barbacoa Sensor de temperatura PT1000"},"content":{"rendered":"<h3><span style=\"color: #37b6ed;\">Descripci\u00f3n<\/span><\/h3>\n<p>Esta sonda de temperatura para barbacoa de DTTTEK mide la temperatura dentro de la parrilla y env\u00eda una se\u00f1al al controlador para mantenerla constante. Este dispositivo es compatible con las parrillas de pellets Camp Chef.<\/p>\n<p>Este producto ha sido mejorado en dise\u00f1o, es m\u00e1s duradero, cuenta con caracter\u00edsticas estables, funciones actualizadas y alta confiabilidad. Apto para todo tipo de carnes, facilita el control de la temperatura interna de los alimentos y es una excelente sonda de repuesto o adicional. Adem\u00e1s, la punta del tubo de la sonda puede lavarse bajo el grifo o con un pa\u00f1o h\u00famedo.<\/p>\n<h3><span style=\"color: #37b6ed;\">Solicitud<\/span><\/h3>\n<p><strong>\u00b7<\/strong> Alimento especial para horno ahumador de pellets de madera<br \/>\n<strong>\u00b7<\/strong> Adecuado para parrillas y ahumadores.<br \/>\n<strong>\u00b7<\/strong> Con funci\u00f3n de sonda de carne controlada digitalmente.<\/p>\n<h3><span style=\"color: #37b6ed;\">Indicadores t\u00e9cnicos<\/span><\/h3>\n<table style=\"height: 707px;\" width=\"1318\">\n<tbody>\n<tr>\n<td width=\"282\">Tipo de sensor<\/td>\n<td width=\"282\">Resistencia PT<\/td>\n<\/tr>\n<tr>\n<td width=\"282\">Rango de medici\u00f3n de temperatura<\/td>\n<td width=\"282\">-50~500 \u00b0C<\/td>\n<\/tr>\n<tr>\n<td width=\"282\">Exactitud<\/td>\n<td width=\"282\">\u00b10,6 \u00b0C (0 \u00b0C)<\/td>\n<\/tr>\n<tr>\n<td width=\"282\">Temperatura de funcionamiento<\/td>\n<td width=\"282\">-50~500 \u2103<\/td>\n<\/tr>\n<tr>\n<td width=\"282\">Material de la carcasa<\/td>\n<td width=\"282\">resistencia de pel\u00edcula delgada de platino<\/td>\n<\/tr>\n<tr>\n<td width=\"282\">Modo de salida<\/td>\n<td width=\"282\">tipo anal\u00f3gico<\/td>\n<\/tr>\n<tr>\n<td width=\"282\">Paquete<\/td>\n<td width=\"282\">Resistencia de pel\u00edcula fina de platino<\/td>\n<\/tr>\n<tr>\n<td width=\"282\">Objeto de detecci\u00f3n<\/td>\n<td width=\"282\">Sensor de temperatura de barbacoa<\/td>\n<\/tr>\n<tr>\n<td width=\"282\">Longitud del cable<\/td>\n<td width=\"282\">1250 mm<\/td>\n<\/tr>\n<tr>\n<td width=\"282\">Material del cable<\/td>\n<td width=\"282\">acero inoxidable 304<\/td>\n<\/tr>\n<tr>\n<td width=\"282\">Forma de la sonda<\/td>\n<td width=\"282\">\u04445.0*178 mm (despu\u00e9s del tama\u00f1o del moldeo) puntiagudo, acero inoxidable 304<\/td>\n<\/tr>\n<\/tbody>\n<\/table>\n<h3><span style=\"color: #37b6ed;\">Diagrama<\/span><\/h3>\n<p><img fetchpriority=\"high\" decoding=\"async\" class=\"alignnone wp-image-5372\" src=\"https:\/\/dtttek.com\/wp-content\/uploads\/2024\/11\/Meat-Probe-PT1000-PT100-Rtd-Temperature-Sensor-Probes-Clips-Compatible-with-Pit-Boss-Series-Pellet-Grill-Smoker-Waterproof-BBQ.jpg\" alt=\"\" width=\"1225\" height=\"2702\" srcset=\"https:\/\/dtttek.com\/wp-content\/uploads\/2024\/11\/Meat-Probe-PT1000-PT100-Rtd-Temperature-Sensor-Probes-Clips-Compatible-with-Pit-Boss-Series-Pellet-Grill-Smoker-Waterproof-BBQ.jpg 750w, https:\/\/dtttek.com\/wp-content\/uploads\/2024\/11\/Meat-Probe-PT1000-PT100-Rtd-Temperature-Sensor-Probes-Clips-Compatible-with-Pit-Boss-Series-Pellet-Grill-Smoker-Waterproof-BBQ-136x300.jpg 136w, https:\/\/dtttek.com\/wp-content\/uploads\/2024\/11\/Meat-Probe-PT1000-PT100-Rtd-Temperature-Sensor-Probes-Clips-Compatible-with-Pit-Boss-Series-Pellet-Grill-Smoker-Waterproof-BBQ-464x1024.jpg 464w, https:\/\/dtttek.com\/wp-content\/uploads\/2024\/11\/Meat-Probe-PT1000-PT100-Rtd-Temperature-Sensor-Probes-Clips-Compatible-with-Pit-Boss-Series-Pellet-Grill-Smoker-Waterproof-BBQ-696x1536.jpg 696w, https:\/\/dtttek.com\/wp-content\/uploads\/2024\/11\/Meat-Probe-PT1000-PT100-Rtd-Temperature-Sensor-Probes-Clips-Compatible-with-Pit-Boss-Series-Pellet-Grill-Smoker-Waterproof-BBQ-5x12.jpg 5w, https:\/\/dtttek.com\/wp-content\/uploads\/2024\/11\/Meat-Probe-PT1000-PT100-Rtd-Temperature-Sensor-Probes-Clips-Compatible-with-Pit-Boss-Series-Pellet-Grill-Smoker-Waterproof-BBQ-300x662.jpg 300w\" sizes=\"(max-width: 1225px) 100vw, 1225px\" \/><\/p>\n<p>&nbsp;<\/p>","protected":false},"excerpt":{"rendered":"<h5><span style=\"color: #37b6ed;\">Caracter\u00edstica<\/span><\/h5>\n<p><strong>\u00b7 <\/strong>Nuevo y de alta calidad.<br \/>\n<strong>\u00b7 <\/strong>Resistencia de platino PT1000<br \/>\n<strong>\u00b7 <\/strong>Instalaci\u00f3n sencilla Plug and Play<br \/>\n<strong>\u00b7 <\/strong>Acero inoxidable duradero de alta calidad.<br \/>\n<strong>\u00b7 <\/strong>Alambre de mica de alta temperatura \/ alambre de acero trenzado<br \/>\n<strong>\u00b7 <\/strong>Mantiene temperaturas m\u00e1s consistentes<\/p>","protected":false},"featured_media":5745,"template":"","meta":{"content-type":"","om_disable_all_campaigns":false,"neve_meta_sidebar":"","neve_meta_container":"","neve_meta_enable_content_width":"off","neve_meta_content_width":100,"neve_meta_title_alignment":"","neve_meta_author_avatar":"","neve_post_elements_order":"","neve_meta_disable_header":"","neve_meta_disable_footer":"","neve_meta_disable_title":""},"product_brand":[],"product_cat":[18],"product_tag":[],"class_list":{"0":"post-5371","1":"product","2":"type-product","3":"status-publish","4":"has-post-thumbnail","6":"product_cat-rtd-temperature-probe","8":"first","9":"instock","10":"shipping-taxable","11":"product-type-simple"},"yoast_head":"<!-- This site is optimized with the Yoast SEO Premium plugin v23.0 (Yoast SEO v26.5) - https:\/\/yoast.com\/wordpress\/plugins\/seo\/ -->\n<title>Barbecue Temperature Probe PT1000 Temperature Sensor BBQ Pellet Stove PT1000 Temperature Sensor - DTTTEK<\/title>\n<meta name=\"robots\" content=\"index, follow, max-snippet:-1, max-image-preview:large, max-video-preview:-1\" \/>\n<link rel=\"canonical\" href=\"https:\/\/dtttek.com\/es\/producto\/sonda-de-temperatura-para-barbacoa-sensor-de-temperatura-pt1000-sensor-de-temperatura-para-estufa-de-pellets-para-barbacoa-sensor-de-temperatura-pt1000\/\" \/>\n<meta property=\"og:locale\" content=\"es_ES\" \/>\n<meta property=\"og:type\" content=\"article\" \/>\n<meta property=\"og:title\" content=\"Barbecue Temperature Probe PT1000 Temperature Sensor BBQ Pellet Stove PT1000 Temperature Sensor\" \/>\n<meta property=\"og:description\" content=\"Feature \u00b7 Brand New and high quality \u00b7 PT1000 Platinum resistance \u00b7 Plug and Play Simple Installation \u00b7 High quality durable stainless steel \u00b7 High temperature mica wire \/ braided steel wire \u00b7 Maintains more consistent temperatures\" \/>\n<meta property=\"og:url\" content=\"https:\/\/dtttek.com\/es\/producto\/sonda-de-temperatura-para-barbacoa-sensor-de-temperatura-pt1000-sensor-de-temperatura-para-estufa-de-pellets-para-barbacoa-sensor-de-temperatura-pt1000\/\" \/>\n<meta property=\"og:site_name\" content=\"DTTTEK\" \/>\n<meta property=\"article:modified_time\" content=\"2024-11-27T09:30:10+00:00\" \/>\n<meta property=\"og:image\" content=\"https:\/\/dtttek.com\/wp-content\/uploads\/2024\/11\/19.jpg\" \/>\n\t<meta property=\"og:image:width\" content=\"2000\" \/>\n\t<meta property=\"og:image:height\" content=\"2000\" \/>\n\t<meta property=\"og:image:type\" content=\"image\/jpeg\" \/>\n<meta name=\"twitter:card\" content=\"summary_large_image\" \/>\n<meta name=\"twitter:label1\" content=\"Tiempo de lectura\" \/>\n\t<meta name=\"twitter:data1\" content=\"1 minuto\" \/>\n<script type=\"application\/ld+json\" class=\"yoast-schema-graph\">{\"@context\":\"https:\/\/schema.org\",\"@graph\":[{\"@type\":\"WebPage\",\"@id\":\"https:\/\/dtttek.com\/product\/barbecue-temperature-probe-pt1000-temperature-sensor-bbq-pellet-stove-pt1000-temperature-sensor\/\",\"url\":\"https:\/\/dtttek.com\/product\/barbecue-temperature-probe-pt1000-temperature-sensor-bbq-pellet-stove-pt1000-temperature-sensor\/\",\"name\":\"Barbecue Temperature Probe PT1000 Temperature Sensor BBQ Pellet Stove PT1000 Temperature Sensor - DTTTEK\",\"isPartOf\":{\"@id\":\"https:\/\/dtttek.com\/#website\"},\"primaryImageOfPage\":{\"@id\":\"https:\/\/dtttek.com\/product\/barbecue-temperature-probe-pt1000-temperature-sensor-bbq-pellet-stove-pt1000-temperature-sensor\/#primaryimage\"},\"image\":{\"@id\":\"https:\/\/dtttek.com\/product\/barbecue-temperature-probe-pt1000-temperature-sensor-bbq-pellet-stove-pt1000-temperature-sensor\/#primaryimage\"},\"thumbnailUrl\":\"https:\/\/dtttek.com\/wp-content\/uploads\/2024\/11\/19.jpg\",\"datePublished\":\"2024-11-20T08:24:06+00:00\",\"dateModified\":\"2024-11-27T09:30:10+00:00\",\"breadcrumb\":{\"@id\":\"https:\/\/dtttek.com\/product\/barbecue-temperature-probe-pt1000-temperature-sensor-bbq-pellet-stove-pt1000-temperature-sensor\/#breadcrumb\"},\"inLanguage\":\"es\",\"potentialAction\":[{\"@type\":\"ReadAction\",\"target\":[\"https:\/\/dtttek.com\/product\/barbecue-temperature-probe-pt1000-temperature-sensor-bbq-pellet-stove-pt1000-temperature-sensor\/\"]}]},{\"@type\":\"ImageObject\",\"inLanguage\":\"es\",\"@id\":\"https:\/\/dtttek.com\/product\/barbecue-temperature-probe-pt1000-temperature-sensor-bbq-pellet-stove-pt1000-temperature-sensor\/#primaryimage\",\"url\":\"https:\/\/dtttek.com\/wp-content\/uploads\/2024\/11\/19.jpg\",\"contentUrl\":\"https:\/\/dtttek.com\/wp-content\/uploads\/2024\/11\/19.jpg\",\"width\":2000,\"height\":2000},{\"@type\":\"BreadcrumbList\",\"@id\":\"https:\/\/dtttek.com\/product\/barbecue-temperature-probe-pt1000-temperature-sensor-bbq-pellet-stove-pt1000-temperature-sensor\/#breadcrumb\",\"itemListElement\":[{\"@type\":\"ListItem\",\"position\":1,\"name\":\"Home\",\"item\":\"https:\/\/dtttek.com\/\"},{\"@type\":\"ListItem\",\"position\":2,\"name\":\"Product\",\"item\":\"https:\/\/dtttek.com\/product-page\/\"},{\"@type\":\"ListItem\",\"position\":3,\"name\":\"Barbecue Temperature Probe PT1000 Temperature Sensor BBQ Pellet Stove PT1000 Temperature Sensor\"}]},{\"@type\":\"WebSite\",\"@id\":\"https:\/\/dtttek.com\/#website\",\"url\":\"https:\/\/dtttek.com\/\",\"name\":\"DTTTEK\",\"description\":\"High quality sensor manufacturer\",\"publisher\":{\"@id\":\"https:\/\/dtttek.com\/#organization\"},\"potentialAction\":[{\"@type\":\"SearchAction\",\"target\":{\"@type\":\"EntryPoint\",\"urlTemplate\":\"https:\/\/dtttek.com\/?s={search_term_string}\"},\"query-input\":{\"@type\":\"PropertyValueSpecification\",\"valueRequired\":true,\"valueName\":\"search_term_string\"}}],\"inLanguage\":\"es\"},{\"@type\":\"Organization\",\"@id\":\"https:\/\/dtttek.com\/#organization\",\"name\":\"DTTTEK\",\"url\":\"https:\/\/dtttek.com\/\",\"logo\":{\"@type\":\"ImageObject\",\"inLanguage\":\"es\",\"@id\":\"https:\/\/dtttek.com\/#\/schema\/logo\/image\/\",\"url\":\"https:\/\/dtttek.com\/wp-content\/uploads\/2024\/08\/cropped-logo-1.png\",\"contentUrl\":\"https:\/\/dtttek.com\/wp-content\/uploads\/2024\/08\/cropped-logo-1.png\",\"width\":512,\"height\":512,\"caption\":\"DTTTEK\"},\"image\":{\"@id\":\"https:\/\/dtttek.com\/#\/schema\/logo\/image\/\"}}]}<\/script>\n<!-- \/ Yoast SEO Premium plugin. -->","yoast_head_json":{"title":"Sonda de temperatura para barbacoa PT1000, sensor de temperatura para estufa de pellets de barbacoa, sensor de temperatura PT1000 - DTTTEK","robots":{"index":"index","follow":"follow","max-snippet":"max-snippet:-1","max-image-preview":"max-image-preview:large","max-video-preview":"max-video-preview:-1"},"canonical":"https:\/\/dtttek.com\/es\/producto\/sonda-de-temperatura-para-barbacoa-sensor-de-temperatura-pt1000-sensor-de-temperatura-para-estufa-de-pellets-para-barbacoa-sensor-de-temperatura-pt1000\/","og_locale":"es_ES","og_type":"article","og_title":"Barbecue Temperature Probe PT1000 Temperature Sensor BBQ Pellet Stove PT1000 Temperature Sensor","og_description":"Feature \u00b7 Brand New and high quality \u00b7 PT1000 Platinum resistance \u00b7 Plug and Play Simple Installation \u00b7 High quality durable stainless steel \u00b7 High temperature mica wire \/ braided steel wire \u00b7 Maintains more consistent temperatures","og_url":"https:\/\/dtttek.com\/es\/producto\/sonda-de-temperatura-para-barbacoa-sensor-de-temperatura-pt1000-sensor-de-temperatura-para-estufa-de-pellets-para-barbacoa-sensor-de-temperatura-pt1000\/","og_site_name":"DTTTEK","article_modified_time":"2024-11-27T09:30:10+00:00","og_image":[{"width":2000,"height":2000,"url":"https:\/\/dtttek.com\/wp-content\/uploads\/2024\/11\/19.jpg","type":"image\/jpeg"}],"twitter_card":"summary_large_image","twitter_misc":{"Tiempo de lectura":"1 minuto"},"schema":{"@context":"https:\/\/schema.org","@graph":[{"@type":"WebPage","@id":"https:\/\/dtttek.com\/product\/barbecue-temperature-probe-pt1000-temperature-sensor-bbq-pellet-stove-pt1000-temperature-sensor\/","url":"https:\/\/dtttek.com\/product\/barbecue-temperature-probe-pt1000-temperature-sensor-bbq-pellet-stove-pt1000-temperature-sensor\/","name":"Sonda de temperatura para barbacoa PT1000, sensor de temperatura para estufa de pellets de barbacoa, sensor de temperatura PT1000 - DTTTEK","isPartOf":{"@id":"https:\/\/dtttek.com\/#website"},"primaryImageOfPage":{"@id":"https:\/\/dtttek.com\/product\/barbecue-temperature-probe-pt1000-temperature-sensor-bbq-pellet-stove-pt1000-temperature-sensor\/#primaryimage"},"image":{"@id":"https:\/\/dtttek.com\/product\/barbecue-temperature-probe-pt1000-temperature-sensor-bbq-pellet-stove-pt1000-temperature-sensor\/#primaryimage"},"thumbnailUrl":"https:\/\/dtttek.com\/wp-content\/uploads\/2024\/11\/19.jpg","datePublished":"2024-11-20T08:24:06+00:00","dateModified":"2024-11-27T09:30:10+00:00","breadcrumb":{"@id":"https:\/\/dtttek.com\/product\/barbecue-temperature-probe-pt1000-temperature-sensor-bbq-pellet-stove-pt1000-temperature-sensor\/#breadcrumb"},"inLanguage":"es","potentialAction":[{"@type":"ReadAction","target":["https:\/\/dtttek.com\/product\/barbecue-temperature-probe-pt1000-temperature-sensor-bbq-pellet-stove-pt1000-temperature-sensor\/"]}]},{"@type":"ImageObject","inLanguage":"es","@id":"https:\/\/dtttek.com\/product\/barbecue-temperature-probe-pt1000-temperature-sensor-bbq-pellet-stove-pt1000-temperature-sensor\/#primaryimage","url":"https:\/\/dtttek.com\/wp-content\/uploads\/2024\/11\/19.jpg","contentUrl":"https:\/\/dtttek.com\/wp-content\/uploads\/2024\/11\/19.jpg","width":2000,"height":2000},{"@type":"BreadcrumbList","@id":"https:\/\/dtttek.com\/product\/barbecue-temperature-probe-pt1000-temperature-sensor-bbq-pellet-stove-pt1000-temperature-sensor\/#breadcrumb","itemListElement":[{"@type":"ListItem","position":1,"name":"Home","item":"https:\/\/dtttek.com\/"},{"@type":"ListItem","position":2,"name":"Product","item":"https:\/\/dtttek.com\/product-page\/"},{"@type":"ListItem","position":3,"name":"Barbecue Temperature Probe PT1000 Temperature Sensor BBQ Pellet Stove PT1000 Temperature Sensor"}]},{"@type":"WebSite","@id":"https:\/\/dtttek.com\/#website","url":"https:\/\/dtttek.com\/","name":"DTTTEK","description":"Fabricante de sensores de alta calidad","publisher":{"@id":"https:\/\/dtttek.com\/#organization"},"potentialAction":[{"@type":"SearchAction","target":{"@type":"EntryPoint","urlTemplate":"https:\/\/dtttek.com\/?s={search_term_string}"},"query-input":{"@type":"PropertyValueSpecification","valueRequired":true,"valueName":"search_term_string"}}],"inLanguage":"es"},{"@type":"Organization","@id":"https:\/\/dtttek.com\/#organization","name":"DTTTEK","url":"https:\/\/dtttek.com\/","logo":{"@type":"ImageObject","inLanguage":"es","@id":"https:\/\/dtttek.com\/#\/schema\/logo\/image\/","url":"https:\/\/dtttek.com\/wp-content\/uploads\/2024\/08\/cropped-logo-1.png","contentUrl":"https:\/\/dtttek.com\/wp-content\/uploads\/2024\/08\/cropped-logo-1.png","width":512,"height":512,"caption":"DTTTEK"},"image":{"@id":"https:\/\/dtttek.com\/#\/schema\/logo\/image\/"}}]}},"_links":{"self":[{"href":"https:\/\/dtttek.com\/es\/wp-json\/wp\/v2\/product\/5371","targetHints":{"allow":["GET"]}}],"collection":[{"href":"https:\/\/dtttek.com\/es\/wp-json\/wp\/v2\/product"}],"about":[{"href":"https:\/\/dtttek.com\/es\/wp-json\/wp\/v2\/types\/product"}],"version-history":[{"count":0,"href":"https:\/\/dtttek.com\/es\/wp-json\/wp\/v2\/product\/5371\/revisions"}],"wp:featuredmedia":[{"embeddable":true,"href":"https:\/\/dtttek.com\/es\/wp-json\/wp\/v2\/media\/5745"}],"wp:attachment":[{"href":"https:\/\/dtttek.com\/es\/wp-json\/wp\/v2\/media?parent=5371"}],"wp:term":[{"taxonomy":"product_brand","embeddable":true,"href":"https:\/\/dtttek.com\/es\/wp-json\/wp\/v2\/product_brand?post=5371"},{"taxonomy":"product_cat","embeddable":true,"href":"https:\/\/dtttek.com\/es\/wp-json\/wp\/v2\/product_cat?post=5371"},{"taxonomy":"product_tag","embeddable":true,"href":"https:\/\/dtttek.com\/es\/wp-json\/wp\/v2\/product_tag?post=5371"}],"curies":[{"name":"wp","href":"https:\/\/api.w.org\/{rel}","templated":true}]}}