{"id":5513,"date":"2024-11-21T19:58:04","date_gmt":"2024-11-21T10:58:04","guid":{"rendered":"https:\/\/dtttek.com\/?post_type=product&#038;p=5513"},"modified":"2024-11-21T20:09:55","modified_gmt":"2024-11-21T11:09:55","slug":"304-stainless-steel-metal-wire-temperature-sensor-household-appliances-barbecue-ntc-temperature-sensor","status":"publish","type":"product","link":"https:\/\/dtttek.com\/es\/producto\/304-stainless-steel-metal-wire-temperature-sensor-household-appliances-barbecue-ntc-temperature-sensor\/","title":{"rendered":"Sensor de temperatura de alambre met\u00e1lico de acero inoxidable 304 para electrodom\u00e9sticos, barbacoas, sensor de temperatura NTC"},"content":{"rendered":"<h3>Descripci\u00f3n<\/h3>\n<p>This temperature probe from DTTTEK responds quickly to food temperatures. It provides accurate temperature readings of meat and food. The sharp tip easily inserts into the thickest part of raw meat, allowing users to ensure that food has reached the ideal temperature. The food temperature probe features a braided stainless steel cable that can withstand temperatures up to 300 degrees Celsius and can be used on the grill, in the oven, or in the smoker.<\/p>\n<h3>Solicitud<\/h3>\n<ul>\n<li>Estufa de pellets para barbacoa<\/li>\n<li>horno de pizza<\/li>\n<li>Horno<\/li>\n<li>Parrilla<\/li>\n<\/ul>\n<h3>Indicadores t\u00e9cnicos<\/h3>\n<table style=\"height: 522px;\" width=\"1212\">\n<tbody>\n<tr>\n<td width=\"282\">Tipo de sensor<\/td>\n<td width=\"282\">Sensor de temperatura NTC<\/td>\n<\/tr>\n<tr>\n<td width=\"282\">Rango de medici\u00f3n de temperatura<\/td>\n<td width=\"282\">-50 \u2103 ~ 300 \u2103<\/td>\n<\/tr>\n<tr>\n<td width=\"282\">Precision<\/td>\n<td width=\"282\">\u00b1 1%<\/td>\n<\/tr>\n<tr>\n<td width=\"282\">Temperatura de trabajo<\/td>\n<td width=\"282\">-50~260 \u2103<\/td>\n<\/tr>\n<tr>\n<td width=\"282\">Material de la carcasa<\/td>\n<td width=\"282\">single-ended glass-sealed NTC<\/td>\n<\/tr>\n<tr>\n<td width=\"282\">Modo de salida<\/td>\n<td width=\"282\">tipo anal\u00f3gico<\/td>\n<\/tr>\n<tr>\n<td width=\"282\">Paquete<\/td>\n<td width=\"282\">Single-ended glass-sealed NTC<\/td>\n<\/tr>\n<tr>\n<td width=\"282\">Objeto de detecci\u00f3n<\/td>\n<td width=\"282\">kitchen thermometer oven temperature measurement<\/td>\n<\/tr>\n<\/tbody>\n<\/table>\n<p>Diagrama<\/p>\n<p><img fetchpriority=\"high\" decoding=\"async\" class=\"alignnone size-full wp-image-5515\" src=\"https:\/\/dtttek.com\/wp-content\/uploads\/2024\/11\/O1CN01cASqPc1Q22EiASoSw_2212805531917-0-cib.jpg\" alt=\"\" width=\"790\" height=\"686\" srcset=\"https:\/\/dtttek.com\/wp-content\/uploads\/2024\/11\/O1CN01cASqPc1Q22EiASoSw_2212805531917-0-cib.jpg 790w, https:\/\/dtttek.com\/wp-content\/uploads\/2024\/11\/O1CN01cASqPc1Q22EiASoSw_2212805531917-0-cib-300x261.jpg 300w, https:\/\/dtttek.com\/wp-content\/uploads\/2024\/11\/O1CN01cASqPc1Q22EiASoSw_2212805531917-0-cib-768x667.jpg 768w, https:\/\/dtttek.com\/wp-content\/uploads\/2024\/11\/O1CN01cASqPc1Q22EiASoSw_2212805531917-0-cib-14x12.jpg 14w\" sizes=\"(max-width: 790px) 100vw, 790px\" \/><\/p>","protected":false},"excerpt":{"rendered":"<h5>Caracter\u00edstica<\/h5>\n<p><strong>\u00b7 <\/strong>Respuesta r\u00e1pida<br \/>\n<strong>\u00b7 <\/strong>Food grade stainless steel 304<br \/>\n<strong>\u00b7 <\/strong>Bajo costo<br \/>\n<strong>\u00b7 <\/strong>Wide operating range<br \/>\n<strong>\u00b7 <\/strong>Step-down tip<br \/>\n<strong>\u00b7 <\/strong>Multiple connector options<\/p>","protected":false},"featured_media":5514,"template":"","meta":{"content-type":"","om_disable_all_campaigns":false,"neve_meta_sidebar":"","neve_meta_container":"","neve_meta_enable_content_width":"off","neve_meta_content_width":100,"neve_meta_title_alignment":"","neve_meta_author_avatar":"","neve_post_elements_order":"","neve_meta_disable_header":"","neve_meta_disable_footer":"","neve_meta_disable_title":""},"product_brand":[],"product_cat":[14],"product_tag":[],"class_list":{"0":"post-5513","1":"product","2":"type-product","3":"status-publish","4":"has-post-thumbnail","6":"product_cat-ntc-temperature-sensor","8":"first","9":"instock","10":"shipping-taxable","11":"product-type-simple"},"yoast_head":"<!-- This site is optimized with the Yoast SEO Premium plugin v23.0 (Yoast SEO v26.5) - https:\/\/yoast.com\/wordpress\/plugins\/seo\/ -->\n<title>304 stainless steel metal wire temperature sensor household appliances barbecue NTC temperature sensor - DTTTEK<\/title>\n<meta name=\"robots\" content=\"index, follow, max-snippet:-1, max-image-preview:large, max-video-preview:-1\" \/>\n<link rel=\"canonical\" href=\"https:\/\/dtttek.com\/es\/producto\/304-stainless-steel-metal-wire-temperature-sensor-household-appliances-barbecue-ntc-temperature-sensor\/\" \/>\n<meta property=\"og:locale\" content=\"es_ES\" \/>\n<meta property=\"og:type\" content=\"article\" \/>\n<meta property=\"og:title\" content=\"304 stainless steel metal wire temperature sensor household appliances barbecue NTC temperature sensor\" \/>\n<meta property=\"og:description\" content=\"Feature \u00b7 Fast response \u00b7 Food grade stainless steel 304 \u00b7 Low cost \u00b7 Wide operating range \u00b7 Step-down tip \u00b7 Multiple connector options\" \/>\n<meta property=\"og:url\" content=\"https:\/\/dtttek.com\/es\/producto\/304-stainless-steel-metal-wire-temperature-sensor-household-appliances-barbecue-ntc-temperature-sensor\/\" \/>\n<meta property=\"og:site_name\" content=\"DTTTEK\" \/>\n<meta property=\"article:modified_time\" content=\"2024-11-21T11:09:55+00:00\" \/>\n<meta property=\"og:image\" content=\"https:\/\/dtttek.com\/wp-content\/uploads\/2024\/11\/8.jpg\" \/>\n\t<meta property=\"og:image:width\" content=\"2000\" \/>\n\t<meta property=\"og:image:height\" content=\"2000\" \/>\n\t<meta property=\"og:image:type\" content=\"image\/jpeg\" \/>\n<meta name=\"twitter:card\" content=\"summary_large_image\" \/>\n<meta name=\"twitter:label1\" content=\"Tiempo de lectura\" \/>\n\t<meta name=\"twitter:data1\" content=\"1 minuto\" \/>\n<script type=\"application\/ld+json\" class=\"yoast-schema-graph\">{\"@context\":\"https:\/\/schema.org\",\"@graph\":[{\"@type\":\"WebPage\",\"@id\":\"https:\/\/dtttek.com\/product\/304-stainless-steel-metal-wire-temperature-sensor-household-appliances-barbecue-ntc-temperature-sensor\/\",\"url\":\"https:\/\/dtttek.com\/product\/304-stainless-steel-metal-wire-temperature-sensor-household-appliances-barbecue-ntc-temperature-sensor\/\",\"name\":\"304 stainless steel metal wire temperature sensor household appliances barbecue NTC temperature sensor - DTTTEK\",\"isPartOf\":{\"@id\":\"https:\/\/dtttek.com\/#website\"},\"primaryImageOfPage\":{\"@id\":\"https:\/\/dtttek.com\/product\/304-stainless-steel-metal-wire-temperature-sensor-household-appliances-barbecue-ntc-temperature-sensor\/#primaryimage\"},\"image\":{\"@id\":\"https:\/\/dtttek.com\/product\/304-stainless-steel-metal-wire-temperature-sensor-household-appliances-barbecue-ntc-temperature-sensor\/#primaryimage\"},\"thumbnailUrl\":\"https:\/\/dtttek.com\/wp-content\/uploads\/2024\/11\/8.jpg\",\"datePublished\":\"2024-11-21T10:58:04+00:00\",\"dateModified\":\"2024-11-21T11:09:55+00:00\",\"breadcrumb\":{\"@id\":\"https:\/\/dtttek.com\/product\/304-stainless-steel-metal-wire-temperature-sensor-household-appliances-barbecue-ntc-temperature-sensor\/#breadcrumb\"},\"inLanguage\":\"es\",\"potentialAction\":[{\"@type\":\"ReadAction\",\"target\":[\"https:\/\/dtttek.com\/product\/304-stainless-steel-metal-wire-temperature-sensor-household-appliances-barbecue-ntc-temperature-sensor\/\"]}]},{\"@type\":\"ImageObject\",\"inLanguage\":\"es\",\"@id\":\"https:\/\/dtttek.com\/product\/304-stainless-steel-metal-wire-temperature-sensor-household-appliances-barbecue-ntc-temperature-sensor\/#primaryimage\",\"url\":\"https:\/\/dtttek.com\/wp-content\/uploads\/2024\/11\/8.jpg\",\"contentUrl\":\"https:\/\/dtttek.com\/wp-content\/uploads\/2024\/11\/8.jpg\",\"width\":2000,\"height\":2000},{\"@type\":\"BreadcrumbList\",\"@id\":\"https:\/\/dtttek.com\/product\/304-stainless-steel-metal-wire-temperature-sensor-household-appliances-barbecue-ntc-temperature-sensor\/#breadcrumb\",\"itemListElement\":[{\"@type\":\"ListItem\",\"position\":1,\"name\":\"Home\",\"item\":\"https:\/\/dtttek.com\/\"},{\"@type\":\"ListItem\",\"position\":2,\"name\":\"Product\",\"item\":\"https:\/\/dtttek.com\/product-page\/\"},{\"@type\":\"ListItem\",\"position\":3,\"name\":\"304 stainless steel metal wire temperature sensor household appliances barbecue NTC temperature sensor\"}]},{\"@type\":\"WebSite\",\"@id\":\"https:\/\/dtttek.com\/#website\",\"url\":\"https:\/\/dtttek.com\/\",\"name\":\"DTTTEK\",\"description\":\"High quality sensor manufacturer\",\"publisher\":{\"@id\":\"https:\/\/dtttek.com\/#organization\"},\"potentialAction\":[{\"@type\":\"SearchAction\",\"target\":{\"@type\":\"EntryPoint\",\"urlTemplate\":\"https:\/\/dtttek.com\/?s={search_term_string}\"},\"query-input\":{\"@type\":\"PropertyValueSpecification\",\"valueRequired\":true,\"valueName\":\"search_term_string\"}}],\"inLanguage\":\"es\"},{\"@type\":\"Organization\",\"@id\":\"https:\/\/dtttek.com\/#organization\",\"name\":\"DTTTEK\",\"url\":\"https:\/\/dtttek.com\/\",\"logo\":{\"@type\":\"ImageObject\",\"inLanguage\":\"es\",\"@id\":\"https:\/\/dtttek.com\/#\/schema\/logo\/image\/\",\"url\":\"https:\/\/dtttek.com\/wp-content\/uploads\/2024\/08\/cropped-logo-1.png\",\"contentUrl\":\"https:\/\/dtttek.com\/wp-content\/uploads\/2024\/08\/cropped-logo-1.png\",\"width\":512,\"height\":512,\"caption\":\"DTTTEK\"},\"image\":{\"@id\":\"https:\/\/dtttek.com\/#\/schema\/logo\/image\/\"}}]}<\/script>\n<!-- \/ Yoast SEO Premium plugin. -->","yoast_head_json":{"title":"304 stainless steel metal wire temperature sensor household appliances barbecue NTC temperature sensor - DTTTEK","robots":{"index":"index","follow":"follow","max-snippet":"max-snippet:-1","max-image-preview":"max-image-preview:large","max-video-preview":"max-video-preview:-1"},"canonical":"https:\/\/dtttek.com\/es\/producto\/304-stainless-steel-metal-wire-temperature-sensor-household-appliances-barbecue-ntc-temperature-sensor\/","og_locale":"es_ES","og_type":"article","og_title":"304 stainless steel metal wire temperature sensor household appliances barbecue NTC temperature sensor","og_description":"Feature \u00b7 Fast response \u00b7 Food grade stainless steel 304 \u00b7 Low cost \u00b7 Wide operating range \u00b7 Step-down tip \u00b7 Multiple connector options","og_url":"https:\/\/dtttek.com\/es\/producto\/304-stainless-steel-metal-wire-temperature-sensor-household-appliances-barbecue-ntc-temperature-sensor\/","og_site_name":"DTTTEK","article_modified_time":"2024-11-21T11:09:55+00:00","og_image":[{"width":2000,"height":2000,"url":"https:\/\/dtttek.com\/wp-content\/uploads\/2024\/11\/8.jpg","type":"image\/jpeg"}],"twitter_card":"summary_large_image","twitter_misc":{"Tiempo de lectura":"1 minuto"},"schema":{"@context":"https:\/\/schema.org","@graph":[{"@type":"WebPage","@id":"https:\/\/dtttek.com\/product\/304-stainless-steel-metal-wire-temperature-sensor-household-appliances-barbecue-ntc-temperature-sensor\/","url":"https:\/\/dtttek.com\/product\/304-stainless-steel-metal-wire-temperature-sensor-household-appliances-barbecue-ntc-temperature-sensor\/","name":"304 stainless steel metal wire temperature sensor household appliances barbecue NTC temperature sensor - DTTTEK","isPartOf":{"@id":"https:\/\/dtttek.com\/#website"},"primaryImageOfPage":{"@id":"https:\/\/dtttek.com\/product\/304-stainless-steel-metal-wire-temperature-sensor-household-appliances-barbecue-ntc-temperature-sensor\/#primaryimage"},"image":{"@id":"https:\/\/dtttek.com\/product\/304-stainless-steel-metal-wire-temperature-sensor-household-appliances-barbecue-ntc-temperature-sensor\/#primaryimage"},"thumbnailUrl":"https:\/\/dtttek.com\/wp-content\/uploads\/2024\/11\/8.jpg","datePublished":"2024-11-21T10:58:04+00:00","dateModified":"2024-11-21T11:09:55+00:00","breadcrumb":{"@id":"https:\/\/dtttek.com\/product\/304-stainless-steel-metal-wire-temperature-sensor-household-appliances-barbecue-ntc-temperature-sensor\/#breadcrumb"},"inLanguage":"es","potentialAction":[{"@type":"ReadAction","target":["https:\/\/dtttek.com\/product\/304-stainless-steel-metal-wire-temperature-sensor-household-appliances-barbecue-ntc-temperature-sensor\/"]}]},{"@type":"ImageObject","inLanguage":"es","@id":"https:\/\/dtttek.com\/product\/304-stainless-steel-metal-wire-temperature-sensor-household-appliances-barbecue-ntc-temperature-sensor\/#primaryimage","url":"https:\/\/dtttek.com\/wp-content\/uploads\/2024\/11\/8.jpg","contentUrl":"https:\/\/dtttek.com\/wp-content\/uploads\/2024\/11\/8.jpg","width":2000,"height":2000},{"@type":"BreadcrumbList","@id":"https:\/\/dtttek.com\/product\/304-stainless-steel-metal-wire-temperature-sensor-household-appliances-barbecue-ntc-temperature-sensor\/#breadcrumb","itemListElement":[{"@type":"ListItem","position":1,"name":"Home","item":"https:\/\/dtttek.com\/"},{"@type":"ListItem","position":2,"name":"Product","item":"https:\/\/dtttek.com\/product-page\/"},{"@type":"ListItem","position":3,"name":"304 stainless steel metal wire temperature sensor household appliances barbecue NTC temperature sensor"}]},{"@type":"WebSite","@id":"https:\/\/dtttek.com\/#website","url":"https:\/\/dtttek.com\/","name":"DTTTEK","description":"Fabricante de sensores de alta calidad","publisher":{"@id":"https:\/\/dtttek.com\/#organization"},"potentialAction":[{"@type":"SearchAction","target":{"@type":"EntryPoint","urlTemplate":"https:\/\/dtttek.com\/?s={search_term_string}"},"query-input":{"@type":"PropertyValueSpecification","valueRequired":true,"valueName":"search_term_string"}}],"inLanguage":"es"},{"@type":"Organization","@id":"https:\/\/dtttek.com\/#organization","name":"DTTTEK","url":"https:\/\/dtttek.com\/","logo":{"@type":"ImageObject","inLanguage":"es","@id":"https:\/\/dtttek.com\/#\/schema\/logo\/image\/","url":"https:\/\/dtttek.com\/wp-content\/uploads\/2024\/08\/cropped-logo-1.png","contentUrl":"https:\/\/dtttek.com\/wp-content\/uploads\/2024\/08\/cropped-logo-1.png","width":512,"height":512,"caption":"DTTTEK"},"image":{"@id":"https:\/\/dtttek.com\/#\/schema\/logo\/image\/"}}]}},"_links":{"self":[{"href":"https:\/\/dtttek.com\/es\/wp-json\/wp\/v2\/product\/5513","targetHints":{"allow":["GET"]}}],"collection":[{"href":"https:\/\/dtttek.com\/es\/wp-json\/wp\/v2\/product"}],"about":[{"href":"https:\/\/dtttek.com\/es\/wp-json\/wp\/v2\/types\/product"}],"version-history":[{"count":0,"href":"https:\/\/dtttek.com\/es\/wp-json\/wp\/v2\/product\/5513\/revisions"}],"wp:featuredmedia":[{"embeddable":true,"href":"https:\/\/dtttek.com\/es\/wp-json\/wp\/v2\/media\/5514"}],"wp:attachment":[{"href":"https:\/\/dtttek.com\/es\/wp-json\/wp\/v2\/media?parent=5513"}],"wp:term":[{"taxonomy":"product_brand","embeddable":true,"href":"https:\/\/dtttek.com\/es\/wp-json\/wp\/v2\/product_brand?post=5513"},{"taxonomy":"product_cat","embeddable":true,"href":"https:\/\/dtttek.com\/es\/wp-json\/wp\/v2\/product_cat?post=5513"},{"taxonomy":"product_tag","embeddable":true,"href":"https:\/\/dtttek.com\/es\/wp-json\/wp\/v2\/product_tag?post=5513"}],"curies":[{"name":"wp","href":"https:\/\/api.w.org\/{rel}","templated":true}]}}