{"id":6682,"date":"2024-12-29T18:12:38","date_gmt":"2024-12-29T09:12:38","guid":{"rendered":"https:\/\/dtttek.com\/?post_type=product&#038;p=6682"},"modified":"2024-12-29T21:09:22","modified_gmt":"2024-12-29T12:09:22","slug":"bbq-pellet-oven-temperature-probe-pt1000-temperature-sensor","status":"publish","type":"product","link":"https:\/\/dtttek.com\/es\/producto\/bbq-pellet-oven-temperature-probe-pt1000-temperature-sensor\/","title":{"rendered":"Sonda de temperatura para horno de pellets de barbacoa, sensor de temperatura Pt1000"},"content":{"rendered":"<h3><span style=\"color: #37b6ed;\">Descripci\u00f3n<\/span><\/h3>\n<p>Este sensor de barbacoa caliente de platino PT1000 est\u00e1 seleccionado entre chips importados de Alemania.<\/p>\n<p>La medici\u00f3n de temperatura ofrece alta precisi\u00f3n y un rendimiento estable. El chip del sensor de temperatura y el cable est\u00e1n soldados por l\u00e1ser para garantizar la fusi\u00f3n completa de ambos metales y mejorar la precisi\u00f3n de la medici\u00f3n. El dise\u00f1o de anillo de presi\u00f3n impermeable de grado industrial, la carcasa de acero inoxidable 304 y la conexi\u00f3n f\u00edsica entre el cable y el sensor ofrecen mayor impermeabilidad y protecci\u00f3n contra fugas. El conector de aviaci\u00f3n de cobre puro niquelado de alta calidad presenta una baja resistencia interna de contacto y es duradero.<\/p>\n<h3><span style=\"color: #37b6ed;\">Solicitud<\/span><\/h3>\n<p><strong>\u00b7 <\/strong>Interrogatorio intenso<br \/>\n<strong>\u00b7 <\/strong>horno de pellets<br \/>\n<strong>\u00b7 <\/strong>Freidora de aire<br \/>\n<strong>\u00b7 <\/strong>Term\u00f3metro para alimentos de barbacoa<br \/>\n<strong>\u00b7 <\/strong>Estufa de gas anti-quema en seco<\/p>\n<h3><span style=\"color: #37b6ed;\">Indicadores t\u00e9cnicos<\/span><\/h3>\n<table style=\"height: 841px;\" width=\"1330\">\n<tbody>\n<tr>\n<td width=\"247\">Tipo de sensor<\/td>\n<td width=\"331\">Sensor de temperatura t\u00e9rmica de platino PT<\/td>\n<\/tr>\n<tr>\n<td width=\"247\">Temperatura de funcionamiento<\/td>\n<td width=\"331\">-50~500 \u2103<\/td>\n<\/tr>\n<tr>\n<td width=\"247\">Rango de medici\u00f3n de temperatura<\/td>\n<td width=\"331\">-50\u2103~500\u2103<\/td>\n<\/tr>\n<tr>\n<td width=\"247\">Paquete\/vivienda<\/td>\n<td width=\"331\">Resistencias de pel\u00edcula fina de platino<\/td>\n<\/tr>\n<tr>\n<td width=\"247\">Exactitud<\/td>\n<td width=\"331\">\u00b11%<\/td>\n<\/tr>\n<tr>\n<td width=\"247\">Material<\/td>\n<td width=\"331\">acero inoxidable 304<\/td>\n<\/tr>\n<tr>\n<td width=\"247\">Cable sensor de temperatura<\/td>\n<td width=\"331\">UL5128-24AWG*2P, 7*0.2, nickel-plated copper wire mica, 304 stainless steel shielding, OD=3.4mm temperature resistance 450\u00b0C<\/td>\n<\/tr>\n<tr>\n<td width=\"247\">Enchufar<\/td>\n<td width=\"331\">SM-2P terminals<\/td>\n<\/tr>\n<tr>\n<td width=\"247\">Tipo de salida<\/td>\n<td width=\"331\">\u00a0tipo anal\u00f3gico<\/td>\n<\/tr>\n<tr>\n<td width=\"247\">Sonda de acero inoxidable<\/td>\n<td width=\"331\">\u04445.0*65-45.7*14.3 flange sheet, 304 stainless steel<\/td>\n<\/tr>\n<tr>\n<td width=\"247\">Longitud del cable<\/td>\n<td width=\"331\">800mm\u00b115mm<\/td>\n<\/tr>\n<tr>\n<td width=\"247\">Par\u00e1metros del chip sensor de temperatura<\/td>\n<td width=\"331\">PT1000, R0=1000\u03a9\u00b12.3\u03a9, accuracy: 2B class, brand: German Heraeus Heraeus<\/td>\n<\/tr>\n<\/tbody>\n<\/table>\n<h3><span style=\"color: #37b6ed;\">Diagrama<\/span><img fetchpriority=\"high\" decoding=\"async\" class=\"alignnone size-full wp-image-6683\" src=\"https:\/\/dtttek.com\/wp-content\/uploads\/2024\/12\/\u56fe\u72471-36.png\" alt=\"\" width=\"1340\" height=\"402\" srcset=\"https:\/\/dtttek.com\/wp-content\/uploads\/2024\/12\/\u56fe\u72471-36.png 1340w, https:\/\/dtttek.com\/wp-content\/uploads\/2024\/12\/\u56fe\u72471-36-300x90.png 300w, https:\/\/dtttek.com\/wp-content\/uploads\/2024\/12\/\u56fe\u72471-36-1024x307.png 1024w, https:\/\/dtttek.com\/wp-content\/uploads\/2024\/12\/\u56fe\u72471-36-768x230.png 768w, https:\/\/dtttek.com\/wp-content\/uploads\/2024\/12\/\u56fe\u72471-36-18x5.png 18w\" sizes=\"(max-width: 1340px) 100vw, 1340px\" \/><\/h3>","protected":false},"excerpt":{"rendered":"<h5><span style=\"color: #37b6ed;\">Caracter\u00edstica<\/span><\/h5>\n<p><strong>\u00b7 <\/strong>Resistencia a altas temperaturas<br \/>\n<strong>\u00b7 <\/strong>Strong pressure bearing<br \/>\n<strong>\u00b7 <\/strong>IPX6 waterproof<br \/>\n<strong>\u00b7 <\/strong>acero inoxidable 304<br \/>\n<strong>\u00b7 <\/strong>Tap\u00f3n moldeado por inyecci\u00f3n, buena flexibilidad.<\/p>","protected":false},"featured_media":6717,"template":"","meta":{"content-type":"","om_disable_all_campaigns":false,"neve_meta_sidebar":"","neve_meta_container":"","neve_meta_enable_content_width":"off","neve_meta_content_width":100,"neve_meta_title_alignment":"","neve_meta_author_avatar":"","neve_post_elements_order":"","neve_meta_disable_header":"","neve_meta_disable_footer":"","neve_meta_disable_title":""},"product_brand":[],"product_cat":[18],"product_tag":[],"class_list":{"0":"post-6682","1":"product","2":"type-product","3":"status-publish","4":"has-post-thumbnail","6":"product_cat-rtd-temperature-probe","8":"first","9":"instock","10":"shipping-taxable","11":"product-type-simple"},"yoast_head":"<!-- This site is optimized with the Yoast SEO Premium plugin v23.0 (Yoast SEO v26.5) - https:\/\/yoast.com\/wordpress\/plugins\/seo\/ -->\n<title>BBQ Pellet Oven Temperature Probe Pt1000 Temperature Sensor - DTTTEK<\/title>\n<meta name=\"robots\" content=\"index, follow, max-snippet:-1, max-image-preview:large, max-video-preview:-1\" \/>\n<link rel=\"canonical\" href=\"https:\/\/dtttek.com\/es\/producto\/bbq-pellet-oven-temperature-probe-pt1000-temperature-sensor\/\" \/>\n<meta property=\"og:locale\" content=\"es_ES\" \/>\n<meta property=\"og:type\" content=\"article\" \/>\n<meta property=\"og:title\" content=\"BBQ Pellet Oven Temperature Probe Pt1000 Temperature Sensor\" \/>\n<meta property=\"og:description\" content=\"Feature \u00b7 High temperature resistance \u00b7 Strong pressure bearing \u00b7 IPX6 waterproof \u00b7 304 stainless steel \u00b7 Injection molded plug, good flexibility\" \/>\n<meta property=\"og:url\" content=\"https:\/\/dtttek.com\/es\/producto\/bbq-pellet-oven-temperature-probe-pt1000-temperature-sensor\/\" \/>\n<meta property=\"og:site_name\" content=\"DTTTEK\" \/>\n<meta property=\"article:modified_time\" content=\"2024-12-29T12:09:22+00:00\" \/>\n<meta property=\"og:image\" content=\"https:\/\/dtttek.com\/wp-content\/uploads\/2024\/12\/124.jpg\" \/>\n\t<meta property=\"og:image:width\" content=\"1000\" \/>\n\t<meta property=\"og:image:height\" content=\"1000\" \/>\n\t<meta property=\"og:image:type\" content=\"image\/jpeg\" \/>\n<meta name=\"twitter:card\" content=\"summary_large_image\" \/>\n<meta name=\"twitter:label1\" content=\"Tiempo de lectura\" \/>\n\t<meta name=\"twitter:data1\" content=\"2 minutos\" \/>\n<script type=\"application\/ld+json\" class=\"yoast-schema-graph\">{\"@context\":\"https:\/\/schema.org\",\"@graph\":[{\"@type\":\"WebPage\",\"@id\":\"https:\/\/dtttek.com\/product\/bbq-pellet-oven-temperature-probe-pt1000-temperature-sensor\/\",\"url\":\"https:\/\/dtttek.com\/product\/bbq-pellet-oven-temperature-probe-pt1000-temperature-sensor\/\",\"name\":\"BBQ Pellet Oven Temperature Probe Pt1000 Temperature Sensor - DTTTEK\",\"isPartOf\":{\"@id\":\"https:\/\/dtttek.com\/#website\"},\"primaryImageOfPage\":{\"@id\":\"https:\/\/dtttek.com\/product\/bbq-pellet-oven-temperature-probe-pt1000-temperature-sensor\/#primaryimage\"},\"image\":{\"@id\":\"https:\/\/dtttek.com\/product\/bbq-pellet-oven-temperature-probe-pt1000-temperature-sensor\/#primaryimage\"},\"thumbnailUrl\":\"https:\/\/dtttek.com\/wp-content\/uploads\/2024\/12\/124.jpg\",\"datePublished\":\"2024-12-29T09:12:38+00:00\",\"dateModified\":\"2024-12-29T12:09:22+00:00\",\"breadcrumb\":{\"@id\":\"https:\/\/dtttek.com\/product\/bbq-pellet-oven-temperature-probe-pt1000-temperature-sensor\/#breadcrumb\"},\"inLanguage\":\"es\",\"potentialAction\":[{\"@type\":\"ReadAction\",\"target\":[\"https:\/\/dtttek.com\/product\/bbq-pellet-oven-temperature-probe-pt1000-temperature-sensor\/\"]}]},{\"@type\":\"ImageObject\",\"inLanguage\":\"es\",\"@id\":\"https:\/\/dtttek.com\/product\/bbq-pellet-oven-temperature-probe-pt1000-temperature-sensor\/#primaryimage\",\"url\":\"https:\/\/dtttek.com\/wp-content\/uploads\/2024\/12\/124.jpg\",\"contentUrl\":\"https:\/\/dtttek.com\/wp-content\/uploads\/2024\/12\/124.jpg\",\"width\":1000,\"height\":1000},{\"@type\":\"BreadcrumbList\",\"@id\":\"https:\/\/dtttek.com\/product\/bbq-pellet-oven-temperature-probe-pt1000-temperature-sensor\/#breadcrumb\",\"itemListElement\":[{\"@type\":\"ListItem\",\"position\":1,\"name\":\"Home\",\"item\":\"https:\/\/dtttek.com\/\"},{\"@type\":\"ListItem\",\"position\":2,\"name\":\"Product\",\"item\":\"https:\/\/dtttek.com\/product-page\/\"},{\"@type\":\"ListItem\",\"position\":3,\"name\":\"BBQ Pellet Oven Temperature Probe Pt1000 Temperature Sensor\"}]},{\"@type\":\"WebSite\",\"@id\":\"https:\/\/dtttek.com\/#website\",\"url\":\"https:\/\/dtttek.com\/\",\"name\":\"DTTTEK\",\"description\":\"High quality sensor manufacturer\",\"publisher\":{\"@id\":\"https:\/\/dtttek.com\/#organization\"},\"potentialAction\":[{\"@type\":\"SearchAction\",\"target\":{\"@type\":\"EntryPoint\",\"urlTemplate\":\"https:\/\/dtttek.com\/?s={search_term_string}\"},\"query-input\":{\"@type\":\"PropertyValueSpecification\",\"valueRequired\":true,\"valueName\":\"search_term_string\"}}],\"inLanguage\":\"es\"},{\"@type\":\"Organization\",\"@id\":\"https:\/\/dtttek.com\/#organization\",\"name\":\"DTTTEK\",\"url\":\"https:\/\/dtttek.com\/\",\"logo\":{\"@type\":\"ImageObject\",\"inLanguage\":\"es\",\"@id\":\"https:\/\/dtttek.com\/#\/schema\/logo\/image\/\",\"url\":\"https:\/\/dtttek.com\/wp-content\/uploads\/2024\/08\/cropped-logo-1.png\",\"contentUrl\":\"https:\/\/dtttek.com\/wp-content\/uploads\/2024\/08\/cropped-logo-1.png\",\"width\":512,\"height\":512,\"caption\":\"DTTTEK\"},\"image\":{\"@id\":\"https:\/\/dtttek.com\/#\/schema\/logo\/image\/\"}}]}<\/script>\n<!-- \/ Yoast SEO Premium plugin. -->","yoast_head_json":{"title":"BBQ Pellet Oven Temperature Probe Pt1000 Temperature Sensor - DTTTEK","robots":{"index":"index","follow":"follow","max-snippet":"max-snippet:-1","max-image-preview":"max-image-preview:large","max-video-preview":"max-video-preview:-1"},"canonical":"https:\/\/dtttek.com\/es\/producto\/bbq-pellet-oven-temperature-probe-pt1000-temperature-sensor\/","og_locale":"es_ES","og_type":"article","og_title":"BBQ Pellet Oven Temperature Probe Pt1000 Temperature Sensor","og_description":"Feature \u00b7 High temperature resistance \u00b7 Strong pressure bearing \u00b7 IPX6 waterproof \u00b7 304 stainless steel \u00b7 Injection molded plug, good flexibility","og_url":"https:\/\/dtttek.com\/es\/producto\/bbq-pellet-oven-temperature-probe-pt1000-temperature-sensor\/","og_site_name":"DTTTEK","article_modified_time":"2024-12-29T12:09:22+00:00","og_image":[{"width":1000,"height":1000,"url":"https:\/\/dtttek.com\/wp-content\/uploads\/2024\/12\/124.jpg","type":"image\/jpeg"}],"twitter_card":"summary_large_image","twitter_misc":{"Tiempo de lectura":"2 minutos"},"schema":{"@context":"https:\/\/schema.org","@graph":[{"@type":"WebPage","@id":"https:\/\/dtttek.com\/product\/bbq-pellet-oven-temperature-probe-pt1000-temperature-sensor\/","url":"https:\/\/dtttek.com\/product\/bbq-pellet-oven-temperature-probe-pt1000-temperature-sensor\/","name":"BBQ Pellet Oven Temperature Probe Pt1000 Temperature Sensor - DTTTEK","isPartOf":{"@id":"https:\/\/dtttek.com\/#website"},"primaryImageOfPage":{"@id":"https:\/\/dtttek.com\/product\/bbq-pellet-oven-temperature-probe-pt1000-temperature-sensor\/#primaryimage"},"image":{"@id":"https:\/\/dtttek.com\/product\/bbq-pellet-oven-temperature-probe-pt1000-temperature-sensor\/#primaryimage"},"thumbnailUrl":"https:\/\/dtttek.com\/wp-content\/uploads\/2024\/12\/124.jpg","datePublished":"2024-12-29T09:12:38+00:00","dateModified":"2024-12-29T12:09:22+00:00","breadcrumb":{"@id":"https:\/\/dtttek.com\/product\/bbq-pellet-oven-temperature-probe-pt1000-temperature-sensor\/#breadcrumb"},"inLanguage":"es","potentialAction":[{"@type":"ReadAction","target":["https:\/\/dtttek.com\/product\/bbq-pellet-oven-temperature-probe-pt1000-temperature-sensor\/"]}]},{"@type":"ImageObject","inLanguage":"es","@id":"https:\/\/dtttek.com\/product\/bbq-pellet-oven-temperature-probe-pt1000-temperature-sensor\/#primaryimage","url":"https:\/\/dtttek.com\/wp-content\/uploads\/2024\/12\/124.jpg","contentUrl":"https:\/\/dtttek.com\/wp-content\/uploads\/2024\/12\/124.jpg","width":1000,"height":1000},{"@type":"BreadcrumbList","@id":"https:\/\/dtttek.com\/product\/bbq-pellet-oven-temperature-probe-pt1000-temperature-sensor\/#breadcrumb","itemListElement":[{"@type":"ListItem","position":1,"name":"Home","item":"https:\/\/dtttek.com\/"},{"@type":"ListItem","position":2,"name":"Product","item":"https:\/\/dtttek.com\/product-page\/"},{"@type":"ListItem","position":3,"name":"BBQ Pellet Oven Temperature Probe Pt1000 Temperature Sensor"}]},{"@type":"WebSite","@id":"https:\/\/dtttek.com\/#website","url":"https:\/\/dtttek.com\/","name":"DTTTEK","description":"Fabricante de sensores de alta calidad","publisher":{"@id":"https:\/\/dtttek.com\/#organization"},"potentialAction":[{"@type":"SearchAction","target":{"@type":"EntryPoint","urlTemplate":"https:\/\/dtttek.com\/?s={search_term_string}"},"query-input":{"@type":"PropertyValueSpecification","valueRequired":true,"valueName":"search_term_string"}}],"inLanguage":"es"},{"@type":"Organization","@id":"https:\/\/dtttek.com\/#organization","name":"DTTTEK","url":"https:\/\/dtttek.com\/","logo":{"@type":"ImageObject","inLanguage":"es","@id":"https:\/\/dtttek.com\/#\/schema\/logo\/image\/","url":"https:\/\/dtttek.com\/wp-content\/uploads\/2024\/08\/cropped-logo-1.png","contentUrl":"https:\/\/dtttek.com\/wp-content\/uploads\/2024\/08\/cropped-logo-1.png","width":512,"height":512,"caption":"DTTTEK"},"image":{"@id":"https:\/\/dtttek.com\/#\/schema\/logo\/image\/"}}]}},"_links":{"self":[{"href":"https:\/\/dtttek.com\/es\/wp-json\/wp\/v2\/product\/6682","targetHints":{"allow":["GET"]}}],"collection":[{"href":"https:\/\/dtttek.com\/es\/wp-json\/wp\/v2\/product"}],"about":[{"href":"https:\/\/dtttek.com\/es\/wp-json\/wp\/v2\/types\/product"}],"version-history":[{"count":0,"href":"https:\/\/dtttek.com\/es\/wp-json\/wp\/v2\/product\/6682\/revisions"}],"wp:featuredmedia":[{"embeddable":true,"href":"https:\/\/dtttek.com\/es\/wp-json\/wp\/v2\/media\/6717"}],"wp:attachment":[{"href":"https:\/\/dtttek.com\/es\/wp-json\/wp\/v2\/media?parent=6682"}],"wp:term":[{"taxonomy":"product_brand","embeddable":true,"href":"https:\/\/dtttek.com\/es\/wp-json\/wp\/v2\/product_brand?post=6682"},{"taxonomy":"product_cat","embeddable":true,"href":"https:\/\/dtttek.com\/es\/wp-json\/wp\/v2\/product_cat?post=6682"},{"taxonomy":"product_tag","embeddable":true,"href":"https:\/\/dtttek.com\/es\/wp-json\/wp\/v2\/product_tag?post=6682"}],"curies":[{"name":"wp","href":"https:\/\/api.w.org\/{rel}","templated":true}]}}