{"id":710,"date":"2024-07-25T01:43:13","date_gmt":"2024-07-25T01:43:13","guid":{"rendered":"https:\/\/dtttek.com\/?page_id=710"},"modified":"2025-04-04T20:46:55","modified_gmt":"2025-04-04T11:46:55","slug":"download","status":"publish","type":"page","link":"https:\/\/dtttek.com\/pt\/download\/","title":{"rendered":"Download"},"content":{"rendered":"<div data-elementor-type=\"wp-page\" data-elementor-id=\"710\" class=\"elementor elementor-710\" data-elementor-post-type=\"page\">\n\t\t\t\t\t\t<section class=\"elementor-section elementor-top-section elementor-element elementor-element-6b2301c7 elementor-section-boxed elementor-section-height-default elementor-section-height-default\" data-id=\"6b2301c7\" data-element_type=\"section\" data-settings=\"{&quot;background_background&quot;:&quot;classic&quot;,&quot;ekit_has_onepagescroll_dot&quot;:&quot;yes&quot;}\">\n\t\t\t\t\t\t<div class=\"elementor-container elementor-column-gap-default\">\n\t\t\t\t\t<div class=\"elementor-column elementor-col-100 elementor-top-column elementor-element elementor-element-49c58dec\" data-id=\"49c58dec\" data-element_type=\"column\">\n\t\t\t<div class=\"elementor-widget-wrap elementor-element-populated\">\n\t\t\t\t\t\t<div class=\"elementor-element elementor-element-1c03156d elementor-widget elementor-widget-elementskit-heading\" data-id=\"1c03156d\" data-element_type=\"widget\" data-settings=\"{&quot;ekit_we_effect_on&quot;:&quot;none&quot;}\" data-widget_type=\"elementskit-heading.default\">\n\t\t\t\t<div class=\"elementor-widget-container\">\n\t\t\t\t\t<div class=\"ekit-wid-con\" ><div class=\"ekit-heading elementskit-section-title-wraper center   ekit_heading_tablet-   ekit_heading_mobile-\"><h2 class=\"ekit-heading--title elementskit-section-title\">Equipamento de teste, tabelas de dados, precau\u00e7\u00f5es, diagramas de circuito, princ\u00edpios de funcionamento<\/h2><\/div><\/div>\t\t\t\t<\/div>\n\t\t\t\t<\/div>\n\t\t\t\t<div class=\"elementor-element elementor-element-18fbdab3 elementor-align--mobilecenter elementor-align-center elementor-widget elementor-widget-elementskit-button\" data-id=\"18fbdab3\" data-element_type=\"widget\" data-settings=\"{&quot;ekit_we_effect_on&quot;:&quot;none&quot;}\" data-widget_type=\"elementskit-button.default\">\n\t\t\t\t<div class=\"elementor-widget-container\">\n\t\t\t\t\t<div class=\"ekit-wid-con\" >\t\t<div class=\"ekit-btn-wraper\">\n\t\t\t\t\t\t\t<a href=\"#elementor-action%3Aaction%3Dpopup%3Aopen%26settings%3DeyJpZCI6IjIyMTYiLCJ0b2dnbGUiOmZhbHNlfQ%3D%3D\" class=\"elementskit-btn  whitespace--normal\" id=\"\">\n\t\t\t\t\tContate-nos\t\t\t\t<\/a>\n\t\t\t\t\t<\/div>\n        <\/div>\t\t\t\t<\/div>\n\t\t\t\t<\/div>\n\t\t\t\t\t<\/div>\n\t\t<\/div>\n\t\t\t\t\t<\/div>\n\t\t<\/section>\n\t\t\t\t<section class=\"elementor-section elementor-top-section elementor-element elementor-element-21ef77a0 elementor-section-boxed elementor-section-height-default elementor-section-height-default\" data-id=\"21ef77a0\" data-element_type=\"section\" data-settings=\"{&quot;background_background&quot;:&quot;classic&quot;,&quot;ekit_has_onepagescroll_dot&quot;:&quot;yes&quot;}\">\n\t\t\t\t\t\t<div class=\"elementor-container elementor-column-gap-default\">\n\t\t\t\t\t<div class=\"elementor-column elementor-col-100 elementor-top-column elementor-element elementor-element-59f667ef\" data-id=\"59f667ef\" data-element_type=\"column\">\n\t\t\t<div class=\"elementor-widget-wrap elementor-element-populated\">\n\t\t\t\t\t\t<div class=\"elementor-element elementor-element-ccbffbc elementor-widget elementor-widget-elementskit-heading\" data-id=\"ccbffbc\" data-element_type=\"widget\" data-settings=\"{&quot;ekit_we_effect_on&quot;:&quot;none&quot;}\" data-widget_type=\"elementskit-heading.default\">\n\t\t\t\t<div class=\"elementor-widget-container\">\n\t\t\t\t\t<div class=\"ekit-wid-con\" ><div class=\"ekit-heading elementskit-section-title-wraper text_center   ekit_heading_tablet-   ekit_heading_mobile-\"><h2 class=\"ekit-heading--title elementskit-section-title\">Bem-vindo ao ElementsKit <br>Perguntas frequentes gerais<\/h2><\/div><\/div>\t\t\t\t<\/div>\n\t\t\t\t<\/div>\n\t\t\t\t<div class=\"elementor-element elementor-element-3ba9d449 elementor-widget elementor-widget-elementskit-tab\" data-id=\"3ba9d449\" data-element_type=\"widget\" data-settings=\"{&quot;ekit_we_effect_on&quot;:&quot;none&quot;}\" data-widget_type=\"elementskit-tab.default\">\n\t\t\t\t<div class=\"elementor-widget-container\">\n\t\t\t\t\t<div class=\"ekit-wid-con\" >        <div class=\"elementkit-tab-wraper vertical  elementskit-fitcontent-tab\">\n            <ul class=\"nav nav-tabs elementkit-tab-nav  elementskit_heartbit_style elementskit_heartbit_style\">\n                                    <li class=\"elementkit-nav-item elementor-repeater-item-3f58367\">\n                        <a class=\"elementkit-nav-link  active left-pos\" id=\"content-3f5836769e03f66ab92a-tab\" data-ekit-handler-id=\"unique-designs\" data-ekit-toggle=\"tab\" data-target=\"#content-3f5836769e03f66ab92a\" href=\"#content-3f5836769e03f66ab92a\"\n                            data-ekit-toggle-trigger=\"click\"\n                            aria-describedby=\"content-3f5836769e03f66ab92a\">\n                                                        <div class=\"ekit-tab-title-group\">\n                                                                <span class=\"elementskit-tab-title\">Designs exclusivos<\/span>\n                            <\/div>\n                        <\/a>\n                    <\/li>\n                                        <li class=\"elementkit-nav-item elementor-repeater-item-162e4b8\">\n                        <a class=\"elementkit-nav-link  left-pos\" id=\"content-162e4b869e03f66ab92a-tab\" data-ekit-handler-id=\"get-elementskit-today\" data-ekit-toggle=\"tab\" data-target=\"#content-162e4b869e03f66ab92a\" href=\"#content-162e4b869e03f66ab92a\"\n                            data-ekit-toggle-trigger=\"click\"\n                            aria-describedby=\"content-162e4b869e03f66ab92a\">\n                                                        <div class=\"ekit-tab-title-group\">\n                                                                <span class=\"elementskit-tab-title\">Obtenha o ElementsKit hoje mesmo<\/span>\n                            <\/div>\n                        <\/a>\n                    <\/li>\n                                <\/ul>\n\n            <div class=\"tab-content elementkit-tab-content\">\n                                    <div class=\"tab-pane elementkit-tab-pane elementor-repeater-item-3f58367  active show\" id=\"content-3f5836769e03f66ab92a\" role=\"tabpanel\"\n                         aria-labelledby=\"content-3f5836769e03f66ab92a-tab\">\n                        <div class=\"animated fadeIn\">\n                            \n\t\t<div class=\"widgetarea_warper widgetarea_warper_editable\" data-elementskit-widgetarea-key=\"3ba9d449\"  data-elementskit-widgetarea-index=\"3f58367\">\n\t\t\t<div class=\"widgetarea_warper_edit\" data-elementskit-widgetarea-key=\"3ba9d449\" data-elementskit-widgetarea-index=\"3f58367\">\n\t\t\t\t<i class=\"eicon-edit\" aria-hidden=\"true\"><\/i>\n\t\t\t\t<span>Edit Content<\/span>\n\t\t\t<\/div>\n\n\t\t\t\t\t\t\t\t<div class=\"ekit-widget-area-container\">\n\t\t\t\t\tClick on the Edit Content button to edit\/add the content.\t\t\t\t\t<\/div>\n\t\t\t\t\t\t<\/div>\n\t\t                        <\/div>\n                    <\/div>\n                                    <div class=\"tab-pane elementkit-tab-pane elementor-repeater-item-162e4b8\" id=\"content-162e4b869e03f66ab92a\" role=\"tabpanel\"\n                         aria-labelledby=\"content-162e4b869e03f66ab92a-tab\">\n                        <div class=\"animated fadeIn\">\n                            \n\t\t<div class=\"widgetarea_warper widgetarea_warper_editable\" data-elementskit-widgetarea-key=\"3ba9d449\"  data-elementskit-widgetarea-index=\"162e4b8\">\n\t\t\t<div class=\"widgetarea_warper_edit\" data-elementskit-widgetarea-key=\"3ba9d449\" data-elementskit-widgetarea-index=\"162e4b8\">\n\t\t\t\t<i class=\"eicon-edit\" aria-hidden=\"true\"><\/i>\n\t\t\t\t<span>Edit Content<\/span>\n\t\t\t<\/div>\n\n\t\t\t\t\t\t\t\t<div class=\"ekit-widget-area-container\">\n\t\t\t\t\tClick on the Edit Content button to edit\/add the content.\t\t\t\t\t<\/div>\n\t\t\t\t\t\t<\/div>\n\t\t                        <\/div>\n                    <\/div>\n                            <\/div>\n        <\/div>\n    <\/div>\t\t\t\t<\/div>\n\t\t\t\t<\/div>\n\t\t\t\t\t<\/div>\n\t\t<\/div>\n\t\t\t\t\t<\/div>\n\t\t<\/section>\n\t\t\t\t<\/div>","protected":false},"excerpt":{"rendered":"<p>Test equipment, data tables, precautions,circuit diagrams, working principles Contact Us Welcome to ElementsKit General FAQs Unique Designs Get ElementsKit today Edit Content Click on the Edit Content button to edit\/add the content. Edit Content Click on the Edit Content button to edit\/add the content.<\/p>","protected":false},"author":1,"featured_media":0,"parent":0,"menu_order":0,"comment_status":"closed","ping_status":"closed","template":"page-templates\/template-pagebuilder-full-width.php","meta":{"content-type":"","om_disable_all_campaigns":false,"neve_meta_sidebar":"","neve_meta_container":"","neve_meta_enable_content_width":"","neve_meta_content_width":0,"neve_meta_title_alignment":"","neve_meta_author_avatar":"","neve_post_elements_order":"","neve_meta_disable_header":"","neve_meta_disable_footer":"","neve_meta_disable_title":"","footnotes":""},"class_list":["post-710","page","type-page","status-publish","hentry"],"yoast_head":"<!-- This site is optimized with the Yoast SEO Premium plugin v23.0 (Yoast SEO v26.5) - https:\/\/yoast.com\/wordpress\/plugins\/seo\/ -->\n<title>Download | DTTTEK<\/title>\n<meta name=\"description\" content=\"Access and download valuable resources from DTTTEK, including product specs, whitepapers, and technical documents for informed decisions.\" \/>\n<meta name=\"robots\" content=\"index, follow, max-snippet:-1, max-image-preview:large, max-video-preview:-1\" \/>\n<link rel=\"canonical\" href=\"https:\/\/dtttek.com\/pt\/download\/\" \/>\n<meta property=\"og:locale\" content=\"pt_BR\" \/>\n<meta property=\"og:type\" content=\"article\" \/>\n<meta property=\"og:title\" content=\"Download\" \/>\n<meta property=\"og:description\" content=\"Access and download valuable resources from DTTTEK, including product specs, whitepapers, and technical documents for informed decisions.\" \/>\n<meta property=\"og:url\" content=\"https:\/\/dtttek.com\/pt\/download\/\" \/>\n<meta property=\"og:site_name\" content=\"DTTTEK\" \/>\n<meta property=\"article:modified_time\" content=\"2025-04-04T11:46:55+00:00\" \/>\n<meta name=\"twitter:card\" content=\"summary_large_image\" \/>\n<meta name=\"twitter:label1\" content=\"Est. tempo de leitura\" \/>\n\t<meta name=\"twitter:data1\" content=\"1 minuto\" \/>\n<script type=\"application\/ld+json\" class=\"yoast-schema-graph\">{\"@context\":\"https:\/\/schema.org\",\"@graph\":[{\"@type\":\"WebPage\",\"@id\":\"https:\/\/dtttek.com\/download\/\",\"url\":\"https:\/\/dtttek.com\/download\/\",\"name\":\"Download | DTTTEK\",\"isPartOf\":{\"@id\":\"https:\/\/dtttek.com\/#website\"},\"datePublished\":\"2024-07-25T01:43:13+00:00\",\"dateModified\":\"2025-04-04T11:46:55+00:00\",\"description\":\"Access and download valuable resources from DTTTEK, including product specs, whitepapers, and technical documents for informed decisions.\",\"breadcrumb\":{\"@id\":\"https:\/\/dtttek.com\/download\/#breadcrumb\"},\"inLanguage\":\"pt-BR\",\"potentialAction\":[{\"@type\":\"ReadAction\",\"target\":[\"https:\/\/dtttek.com\/download\/\"]}]},{\"@type\":\"BreadcrumbList\",\"@id\":\"https:\/\/dtttek.com\/download\/#breadcrumb\",\"itemListElement\":[{\"@type\":\"ListItem\",\"position\":1,\"name\":\"Home\",\"item\":\"https:\/\/dtttek.com\/\"},{\"@type\":\"ListItem\",\"position\":2,\"name\":\"Download\"}]},{\"@type\":\"WebSite\",\"@id\":\"https:\/\/dtttek.com\/#website\",\"url\":\"https:\/\/dtttek.com\/\",\"name\":\"DTTTEK\",\"description\":\"High quality sensor manufacturer\",\"publisher\":{\"@id\":\"https:\/\/dtttek.com\/#organization\"},\"potentialAction\":[{\"@type\":\"SearchAction\",\"target\":{\"@type\":\"EntryPoint\",\"urlTemplate\":\"https:\/\/dtttek.com\/?s={search_term_string}\"},\"query-input\":{\"@type\":\"PropertyValueSpecification\",\"valueRequired\":true,\"valueName\":\"search_term_string\"}}],\"inLanguage\":\"pt-BR\"},{\"@type\":\"Organization\",\"@id\":\"https:\/\/dtttek.com\/#organization\",\"name\":\"DTTTEK\",\"url\":\"https:\/\/dtttek.com\/\",\"logo\":{\"@type\":\"ImageObject\",\"inLanguage\":\"pt-BR\",\"@id\":\"https:\/\/dtttek.com\/#\/schema\/logo\/image\/\",\"url\":\"https:\/\/dtttek.com\/wp-content\/uploads\/2024\/08\/cropped-logo-1.png\",\"contentUrl\":\"https:\/\/dtttek.com\/wp-content\/uploads\/2024\/08\/cropped-logo-1.png\",\"width\":512,\"height\":512,\"caption\":\"DTTTEK\"},\"image\":{\"@id\":\"https:\/\/dtttek.com\/#\/schema\/logo\/image\/\"}}]}<\/script>\n<!-- \/ Yoast SEO Premium plugin. -->","yoast_head_json":{"title":"Baixar | DTTTEK","description":"Acesse e baixe recursos valiosos da DTTTEK, incluindo especifica\u00e7\u00f5es de produtos, whitepapers e documentos t\u00e9cnicos para tomar decis\u00f5es informadas.","robots":{"index":"index","follow":"follow","max-snippet":"max-snippet:-1","max-image-preview":"max-image-preview:large","max-video-preview":"max-video-preview:-1"},"canonical":"https:\/\/dtttek.com\/pt\/download\/","og_locale":"pt_BR","og_type":"article","og_title":"Download","og_description":"Access and download valuable resources from DTTTEK, including product specs, whitepapers, and technical documents for informed decisions.","og_url":"https:\/\/dtttek.com\/pt\/download\/","og_site_name":"DTTTEK","article_modified_time":"2025-04-04T11:46:55+00:00","twitter_card":"summary_large_image","twitter_misc":{"Est. tempo de leitura":"1 minuto"},"schema":{"@context":"https:\/\/schema.org","@graph":[{"@type":"WebPage","@id":"https:\/\/dtttek.com\/download\/","url":"https:\/\/dtttek.com\/download\/","name":"Baixar | DTTTEK","isPartOf":{"@id":"https:\/\/dtttek.com\/#website"},"datePublished":"2024-07-25T01:43:13+00:00","dateModified":"2025-04-04T11:46:55+00:00","description":"Acesse e baixe recursos valiosos da DTTTEK, incluindo especifica\u00e7\u00f5es de produtos, whitepapers e documentos t\u00e9cnicos para tomar decis\u00f5es informadas.","breadcrumb":{"@id":"https:\/\/dtttek.com\/download\/#breadcrumb"},"inLanguage":"pt-BR","potentialAction":[{"@type":"ReadAction","target":["https:\/\/dtttek.com\/download\/"]}]},{"@type":"BreadcrumbList","@id":"https:\/\/dtttek.com\/download\/#breadcrumb","itemListElement":[{"@type":"ListItem","position":1,"name":"Home","item":"https:\/\/dtttek.com\/"},{"@type":"ListItem","position":2,"name":"Download"}]},{"@type":"WebSite","@id":"https:\/\/dtttek.com\/#website","url":"https:\/\/dtttek.com\/","name":"DTTTEK","description":"Fabricante de sensores de alta qualidade","publisher":{"@id":"https:\/\/dtttek.com\/#organization"},"potentialAction":[{"@type":"SearchAction","target":{"@type":"EntryPoint","urlTemplate":"https:\/\/dtttek.com\/?s={search_term_string}"},"query-input":{"@type":"PropertyValueSpecification","valueRequired":true,"valueName":"search_term_string"}}],"inLanguage":"pt-BR"},{"@type":"Organization","@id":"https:\/\/dtttek.com\/#organization","name":"DTTTEK","url":"https:\/\/dtttek.com\/","logo":{"@type":"ImageObject","inLanguage":"pt-BR","@id":"https:\/\/dtttek.com\/#\/schema\/logo\/image\/","url":"https:\/\/dtttek.com\/wp-content\/uploads\/2024\/08\/cropped-logo-1.png","contentUrl":"https:\/\/dtttek.com\/wp-content\/uploads\/2024\/08\/cropped-logo-1.png","width":512,"height":512,"caption":"DTTTEK"},"image":{"@id":"https:\/\/dtttek.com\/#\/schema\/logo\/image\/"}}]}},"_links":{"self":[{"href":"https:\/\/dtttek.com\/pt\/wp-json\/wp\/v2\/pages\/710","targetHints":{"allow":["GET"]}}],"collection":[{"href":"https:\/\/dtttek.com\/pt\/wp-json\/wp\/v2\/pages"}],"about":[{"href":"https:\/\/dtttek.com\/pt\/wp-json\/wp\/v2\/types\/page"}],"author":[{"embeddable":true,"href":"https:\/\/dtttek.com\/pt\/wp-json\/wp\/v2\/users\/1"}],"replies":[{"embeddable":true,"href":"https:\/\/dtttek.com\/pt\/wp-json\/wp\/v2\/comments?post=710"}],"version-history":[{"count":0,"href":"https:\/\/dtttek.com\/pt\/wp-json\/wp\/v2\/pages\/710\/revisions"}],"wp:attachment":[{"href":"https:\/\/dtttek.com\/pt\/wp-json\/wp\/v2\/media?parent=710"}],"curies":[{"name":"wp","href":"https:\/\/api.w.org\/{rel}","templated":true}]}}