{"id":5365,"date":"2024-11-20T17:15:18","date_gmt":"2024-11-20T08:15:18","guid":{"rendered":"https:\/\/dtttek.com\/?post_type=product&#038;p=5365"},"modified":"2024-11-27T18:28:22","modified_gmt":"2024-11-27T09:28:22","slug":"electrical-equipment-pt100-platinum-thermal-sensor-pt100-pt1000-silicone-wire-pt-platinum-thermal-temperature-sensor","status":"publish","type":"product","link":"https:\/\/dtttek.com\/pt\/product\/electrical-equipment-pt100-platinum-thermal-sensor-pt100-pt1000-silicone-wire-pt-platinum-thermal-temperature-sensor\/","title":{"rendered":"Equipamento el\u00e9trico PT100 sensor t\u00e9rmico de platina PT100 PT1000 fio de silicone PT sensor de temperatura t\u00e9rmica de platina"},"content":{"rendered":"<h3><span style=\"color: #37b6ed;\">Descri\u00e7\u00e3o<\/span><\/h3>\n<p>As the owner of solar systems, heating systems and storage technology, you naturally want to use your equipment as efficiently and as long as possible. Therefore, it is essential to use the right temperature sensor for optimal temperature control.<\/p>\n<p>With this PT1000 temperature probe for electrical appliances from DTTTEK, you bring a particularly reliable temperature sensor to your home, which stands out for its very good temperature and long-term stability and sealing.<\/p>\n<h3><span style=\"color: #37b6ed;\">Aplicativo<\/span><\/h3>\n<p><strong>\u00b7 <\/strong>Temperature control systems<br \/>\n<strong>\u00b7 <\/strong>Process control systems<br \/>\n<strong>\u00b7 <\/strong>Laboratory equipment<br \/>\n<strong>\u00b7 <\/strong>Data loggers and other measuring equipment<\/p>\n<h3><span style=\"color: #37b6ed;\">Indicadores t\u00e9cnicos<\/span><\/h3>\n<table style=\"height: 711px;\" width=\"1207\">\n<tbody>\n<tr>\n<td width=\"282\">Tipo de sensor<\/td>\n<td width=\"282\">Sensor de temperatura NTC<\/td>\n<\/tr>\n<tr>\n<td width=\"282\">Faixa de medi\u00e7\u00e3o de temperatura<\/td>\n<td width=\"282\">-70\u2103~500\u2103<\/td>\n<\/tr>\n<tr>\n<td width=\"282\">Precis\u00e3o<\/td>\n<td width=\"282\">\u00b11.5\u00b0C<\/td>\n<\/tr>\n<tr>\n<td width=\"282\">Temperatura de opera\u00e7\u00e3o<\/td>\n<td width=\"282\">200 \u2103<\/td>\n<\/tr>\n<tr>\n<td width=\"282\">Shell material<\/td>\n<td width=\"282\">platinum thin film resistor<\/td>\n<\/tr>\n<tr>\n<td width=\"282\">Output mode<\/td>\n<td width=\"282\">tipo anal\u00f3gico<\/td>\n<\/tr>\n<tr>\n<td width=\"282\">Package<\/td>\n<td width=\"282\">platinum thin film resistor<\/td>\n<\/tr>\n<tr>\n<td width=\"282\">Detection object<\/td>\n<td width=\"282\">electrical equipment<\/td>\n<\/tr>\n<tr>\n<td width=\"282\">Cable length<\/td>\n<td width=\"282\">2000mm<\/td>\n<\/tr>\n<tr>\n<td width=\"282\">Cable material<\/td>\n<td width=\"282\">A\u00e7o inoxid\u00e1vel 304<\/td>\n<\/tr>\n<tr>\n<td width=\"282\">Probe shape<\/td>\n<td width=\"282\">\u04445.0*50mm, round head, 304 stainless steel<\/td>\n<\/tr>\n<\/tbody>\n<\/table>\n<h3><span style=\"color: #37b6ed;\">Diagrama<\/span><\/h3>\n<p><img fetchpriority=\"high\" decoding=\"async\" class=\"alignnone wp-image-5366\" src=\"https:\/\/dtttek.com\/wp-content\/uploads\/2024\/11\/\u5c4f\u5e55\u622a\u56fe-2024-11-19-182410.jpg\" alt=\"\" width=\"1206\" height=\"459\" srcset=\"https:\/\/dtttek.com\/wp-content\/uploads\/2024\/11\/\u5c4f\u5e55\u622a\u56fe-2024-11-19-182410.jpg 741w, https:\/\/dtttek.com\/wp-content\/uploads\/2024\/11\/\u5c4f\u5e55\u622a\u56fe-2024-11-19-182410-300x114.jpg 300w, https:\/\/dtttek.com\/wp-content\/uploads\/2024\/11\/\u5c4f\u5e55\u622a\u56fe-2024-11-19-182410-18x7.jpg 18w\" sizes=\"(max-width: 1206px) 100vw, 1206px\" \/><\/p>","protected":false},"excerpt":{"rendered":"<h5><span style=\"color: #37b6ed;\">Recurso<\/span><\/h5>\n<p><strong>\u00b7<\/strong> Wide resistance range<br \/>\n<strong>\u00b7<\/strong> Good insulation performance, high reliability, fast response speed<br \/>\n<strong>\u00b7<\/strong> Compact structure, easy installation, good waterproofness<br \/>\n<strong>\u00b7<\/strong> Double sealing technology, resistant to mechanical impact, bending, high reliability<br \/>\n<strong>\u00b7<\/strong> High precision, good consistency, good interchangeability<\/p>","protected":false},"featured_media":5741,"template":"","meta":{"content-type":"","om_disable_all_campaigns":false,"neve_meta_sidebar":"","neve_meta_container":"","neve_meta_enable_content_width":"off","neve_meta_content_width":100,"neve_meta_title_alignment":"","neve_meta_author_avatar":"","neve_post_elements_order":"","neve_meta_disable_header":"","neve_meta_disable_footer":"","neve_meta_disable_title":""},"product_brand":[],"product_cat":[15],"product_tag":[],"class_list":{"0":"post-5365","1":"product","2":"type-product","3":"status-publish","4":"has-post-thumbnail","6":"product_cat-thermocouple-probe","8":"first","9":"instock","10":"shipping-taxable","11":"product-type-simple"},"yoast_head":"<!-- This site is optimized with the Yoast SEO Premium plugin v23.0 (Yoast SEO v26.5) - https:\/\/yoast.com\/wordpress\/plugins\/seo\/ -->\n<title>Electrical equipment PT100 platinum thermal sensor PT100 PT1000 silicone wire PT platinum thermal temperature sensor - DTTTEK<\/title>\n<meta name=\"robots\" content=\"index, follow, max-snippet:-1, max-image-preview:large, max-video-preview:-1\" \/>\n<link rel=\"canonical\" href=\"https:\/\/dtttek.com\/pt\/product\/electrical-equipment-pt100-platinum-thermal-sensor-pt100-pt1000-silicone-wire-pt-platinum-thermal-temperature-sensor\/\" \/>\n<meta property=\"og:locale\" content=\"pt_BR\" \/>\n<meta property=\"og:type\" content=\"article\" \/>\n<meta property=\"og:title\" content=\"Electrical equipment PT100 platinum thermal sensor PT100 PT1000 silicone wire PT platinum thermal temperature sensor\" \/>\n<meta property=\"og:description\" content=\"Feature \u00b7 Wide resistance range \u00b7 Good insulation performance, high reliability, fast response speed \u00b7 Compact structure, easy installation, good waterproofness \u00b7 Double sealing technology, resistant to mechanical impact, bending, high reliability \u00b7 High precision, good consistency, good interchangeability\" \/>\n<meta property=\"og:url\" content=\"https:\/\/dtttek.com\/pt\/product\/electrical-equipment-pt100-platinum-thermal-sensor-pt100-pt1000-silicone-wire-pt-platinum-thermal-temperature-sensor\/\" \/>\n<meta property=\"og:site_name\" content=\"DTTTEK\" \/>\n<meta property=\"article:modified_time\" content=\"2024-11-27T09:28:22+00:00\" \/>\n<meta property=\"og:image\" content=\"https:\/\/dtttek.com\/wp-content\/uploads\/2024\/11\/5.jpg\" \/>\n\t<meta property=\"og:image:width\" content=\"2000\" \/>\n\t<meta property=\"og:image:height\" content=\"2000\" \/>\n\t<meta property=\"og:image:type\" content=\"image\/jpeg\" \/>\n<meta name=\"twitter:card\" content=\"summary_large_image\" \/>\n<meta name=\"twitter:label1\" content=\"Est. tempo de leitura\" \/>\n\t<meta name=\"twitter:data1\" content=\"2 minutos\" \/>\n<script type=\"application\/ld+json\" class=\"yoast-schema-graph\">{\"@context\":\"https:\/\/schema.org\",\"@graph\":[{\"@type\":\"WebPage\",\"@id\":\"https:\/\/dtttek.com\/product\/electrical-equipment-pt100-platinum-thermal-sensor-pt100-pt1000-silicone-wire-pt-platinum-thermal-temperature-sensor\/\",\"url\":\"https:\/\/dtttek.com\/product\/electrical-equipment-pt100-platinum-thermal-sensor-pt100-pt1000-silicone-wire-pt-platinum-thermal-temperature-sensor\/\",\"name\":\"Electrical equipment PT100 platinum thermal sensor PT100 PT1000 silicone wire PT platinum thermal temperature sensor - DTTTEK\",\"isPartOf\":{\"@id\":\"https:\/\/dtttek.com\/#website\"},\"primaryImageOfPage\":{\"@id\":\"https:\/\/dtttek.com\/product\/electrical-equipment-pt100-platinum-thermal-sensor-pt100-pt1000-silicone-wire-pt-platinum-thermal-temperature-sensor\/#primaryimage\"},\"image\":{\"@id\":\"https:\/\/dtttek.com\/product\/electrical-equipment-pt100-platinum-thermal-sensor-pt100-pt1000-silicone-wire-pt-platinum-thermal-temperature-sensor\/#primaryimage\"},\"thumbnailUrl\":\"https:\/\/dtttek.com\/wp-content\/uploads\/2024\/11\/5.jpg\",\"datePublished\":\"2024-11-20T08:15:18+00:00\",\"dateModified\":\"2024-11-27T09:28:22+00:00\",\"breadcrumb\":{\"@id\":\"https:\/\/dtttek.com\/product\/electrical-equipment-pt100-platinum-thermal-sensor-pt100-pt1000-silicone-wire-pt-platinum-thermal-temperature-sensor\/#breadcrumb\"},\"inLanguage\":\"pt-BR\",\"potentialAction\":[{\"@type\":\"ReadAction\",\"target\":[\"https:\/\/dtttek.com\/product\/electrical-equipment-pt100-platinum-thermal-sensor-pt100-pt1000-silicone-wire-pt-platinum-thermal-temperature-sensor\/\"]}]},{\"@type\":\"ImageObject\",\"inLanguage\":\"pt-BR\",\"@id\":\"https:\/\/dtttek.com\/product\/electrical-equipment-pt100-platinum-thermal-sensor-pt100-pt1000-silicone-wire-pt-platinum-thermal-temperature-sensor\/#primaryimage\",\"url\":\"https:\/\/dtttek.com\/wp-content\/uploads\/2024\/11\/5.jpg\",\"contentUrl\":\"https:\/\/dtttek.com\/wp-content\/uploads\/2024\/11\/5.jpg\",\"width\":2000,\"height\":2000},{\"@type\":\"BreadcrumbList\",\"@id\":\"https:\/\/dtttek.com\/product\/electrical-equipment-pt100-platinum-thermal-sensor-pt100-pt1000-silicone-wire-pt-platinum-thermal-temperature-sensor\/#breadcrumb\",\"itemListElement\":[{\"@type\":\"ListItem\",\"position\":1,\"name\":\"Home\",\"item\":\"https:\/\/dtttek.com\/\"},{\"@type\":\"ListItem\",\"position\":2,\"name\":\"Product\",\"item\":\"https:\/\/dtttek.com\/product-page\/\"},{\"@type\":\"ListItem\",\"position\":3,\"name\":\"Electrical equipment PT100 platinum thermal sensor PT100 PT1000 silicone wire PT platinum thermal temperature sensor\"}]},{\"@type\":\"WebSite\",\"@id\":\"https:\/\/dtttek.com\/#website\",\"url\":\"https:\/\/dtttek.com\/\",\"name\":\"DTTTEK\",\"description\":\"High quality sensor manufacturer\",\"publisher\":{\"@id\":\"https:\/\/dtttek.com\/#organization\"},\"potentialAction\":[{\"@type\":\"SearchAction\",\"target\":{\"@type\":\"EntryPoint\",\"urlTemplate\":\"https:\/\/dtttek.com\/?s={search_term_string}\"},\"query-input\":{\"@type\":\"PropertyValueSpecification\",\"valueRequired\":true,\"valueName\":\"search_term_string\"}}],\"inLanguage\":\"pt-BR\"},{\"@type\":\"Organization\",\"@id\":\"https:\/\/dtttek.com\/#organization\",\"name\":\"DTTTEK\",\"url\":\"https:\/\/dtttek.com\/\",\"logo\":{\"@type\":\"ImageObject\",\"inLanguage\":\"pt-BR\",\"@id\":\"https:\/\/dtttek.com\/#\/schema\/logo\/image\/\",\"url\":\"https:\/\/dtttek.com\/wp-content\/uploads\/2024\/08\/cropped-logo-1.png\",\"contentUrl\":\"https:\/\/dtttek.com\/wp-content\/uploads\/2024\/08\/cropped-logo-1.png\",\"width\":512,\"height\":512,\"caption\":\"DTTTEK\"},\"image\":{\"@id\":\"https:\/\/dtttek.com\/#\/schema\/logo\/image\/\"}}]}<\/script>\n<!-- \/ Yoast SEO Premium plugin. -->","yoast_head_json":{"title":"Electrical equipment PT100 platinum thermal sensor PT100 PT1000 silicone wire PT platinum thermal temperature sensor - DTTTEK","robots":{"index":"index","follow":"follow","max-snippet":"max-snippet:-1","max-image-preview":"max-image-preview:large","max-video-preview":"max-video-preview:-1"},"canonical":"https:\/\/dtttek.com\/pt\/product\/electrical-equipment-pt100-platinum-thermal-sensor-pt100-pt1000-silicone-wire-pt-platinum-thermal-temperature-sensor\/","og_locale":"pt_BR","og_type":"article","og_title":"Electrical equipment PT100 platinum thermal sensor PT100 PT1000 silicone wire PT platinum thermal temperature sensor","og_description":"Feature \u00b7 Wide resistance range \u00b7 Good insulation performance, high reliability, fast response speed \u00b7 Compact structure, easy installation, good waterproofness \u00b7 Double sealing technology, resistant to mechanical impact, bending, high reliability \u00b7 High precision, good consistency, good interchangeability","og_url":"https:\/\/dtttek.com\/pt\/product\/electrical-equipment-pt100-platinum-thermal-sensor-pt100-pt1000-silicone-wire-pt-platinum-thermal-temperature-sensor\/","og_site_name":"DTTTEK","article_modified_time":"2024-11-27T09:28:22+00:00","og_image":[{"width":2000,"height":2000,"url":"https:\/\/dtttek.com\/wp-content\/uploads\/2024\/11\/5.jpg","type":"image\/jpeg"}],"twitter_card":"summary_large_image","twitter_misc":{"Est. tempo de leitura":"2 minutos"},"schema":{"@context":"https:\/\/schema.org","@graph":[{"@type":"WebPage","@id":"https:\/\/dtttek.com\/product\/electrical-equipment-pt100-platinum-thermal-sensor-pt100-pt1000-silicone-wire-pt-platinum-thermal-temperature-sensor\/","url":"https:\/\/dtttek.com\/product\/electrical-equipment-pt100-platinum-thermal-sensor-pt100-pt1000-silicone-wire-pt-platinum-thermal-temperature-sensor\/","name":"Electrical equipment PT100 platinum thermal sensor PT100 PT1000 silicone wire PT platinum thermal temperature sensor - DTTTEK","isPartOf":{"@id":"https:\/\/dtttek.com\/#website"},"primaryImageOfPage":{"@id":"https:\/\/dtttek.com\/product\/electrical-equipment-pt100-platinum-thermal-sensor-pt100-pt1000-silicone-wire-pt-platinum-thermal-temperature-sensor\/#primaryimage"},"image":{"@id":"https:\/\/dtttek.com\/product\/electrical-equipment-pt100-platinum-thermal-sensor-pt100-pt1000-silicone-wire-pt-platinum-thermal-temperature-sensor\/#primaryimage"},"thumbnailUrl":"https:\/\/dtttek.com\/wp-content\/uploads\/2024\/11\/5.jpg","datePublished":"2024-11-20T08:15:18+00:00","dateModified":"2024-11-27T09:28:22+00:00","breadcrumb":{"@id":"https:\/\/dtttek.com\/product\/electrical-equipment-pt100-platinum-thermal-sensor-pt100-pt1000-silicone-wire-pt-platinum-thermal-temperature-sensor\/#breadcrumb"},"inLanguage":"pt-BR","potentialAction":[{"@type":"ReadAction","target":["https:\/\/dtttek.com\/product\/electrical-equipment-pt100-platinum-thermal-sensor-pt100-pt1000-silicone-wire-pt-platinum-thermal-temperature-sensor\/"]}]},{"@type":"ImageObject","inLanguage":"pt-BR","@id":"https:\/\/dtttek.com\/product\/electrical-equipment-pt100-platinum-thermal-sensor-pt100-pt1000-silicone-wire-pt-platinum-thermal-temperature-sensor\/#primaryimage","url":"https:\/\/dtttek.com\/wp-content\/uploads\/2024\/11\/5.jpg","contentUrl":"https:\/\/dtttek.com\/wp-content\/uploads\/2024\/11\/5.jpg","width":2000,"height":2000},{"@type":"BreadcrumbList","@id":"https:\/\/dtttek.com\/product\/electrical-equipment-pt100-platinum-thermal-sensor-pt100-pt1000-silicone-wire-pt-platinum-thermal-temperature-sensor\/#breadcrumb","itemListElement":[{"@type":"ListItem","position":1,"name":"Home","item":"https:\/\/dtttek.com\/"},{"@type":"ListItem","position":2,"name":"Product","item":"https:\/\/dtttek.com\/product-page\/"},{"@type":"ListItem","position":3,"name":"Electrical equipment PT100 platinum thermal sensor PT100 PT1000 silicone wire PT platinum thermal temperature sensor"}]},{"@type":"WebSite","@id":"https:\/\/dtttek.com\/#website","url":"https:\/\/dtttek.com\/","name":"DTTTEK","description":"Fabricante de sensores de alta qualidade","publisher":{"@id":"https:\/\/dtttek.com\/#organization"},"potentialAction":[{"@type":"SearchAction","target":{"@type":"EntryPoint","urlTemplate":"https:\/\/dtttek.com\/?s={search_term_string}"},"query-input":{"@type":"PropertyValueSpecification","valueRequired":true,"valueName":"search_term_string"}}],"inLanguage":"pt-BR"},{"@type":"Organization","@id":"https:\/\/dtttek.com\/#organization","name":"DTTTEK","url":"https:\/\/dtttek.com\/","logo":{"@type":"ImageObject","inLanguage":"pt-BR","@id":"https:\/\/dtttek.com\/#\/schema\/logo\/image\/","url":"https:\/\/dtttek.com\/wp-content\/uploads\/2024\/08\/cropped-logo-1.png","contentUrl":"https:\/\/dtttek.com\/wp-content\/uploads\/2024\/08\/cropped-logo-1.png","width":512,"height":512,"caption":"DTTTEK"},"image":{"@id":"https:\/\/dtttek.com\/#\/schema\/logo\/image\/"}}]}},"_links":{"self":[{"href":"https:\/\/dtttek.com\/pt\/wp-json\/wp\/v2\/product\/5365","targetHints":{"allow":["GET"]}}],"collection":[{"href":"https:\/\/dtttek.com\/pt\/wp-json\/wp\/v2\/product"}],"about":[{"href":"https:\/\/dtttek.com\/pt\/wp-json\/wp\/v2\/types\/product"}],"version-history":[{"count":0,"href":"https:\/\/dtttek.com\/pt\/wp-json\/wp\/v2\/product\/5365\/revisions"}],"wp:featuredmedia":[{"embeddable":true,"href":"https:\/\/dtttek.com\/pt\/wp-json\/wp\/v2\/media\/5741"}],"wp:attachment":[{"href":"https:\/\/dtttek.com\/pt\/wp-json\/wp\/v2\/media?parent=5365"}],"wp:term":[{"taxonomy":"product_brand","embeddable":true,"href":"https:\/\/dtttek.com\/pt\/wp-json\/wp\/v2\/product_brand?post=5365"},{"taxonomy":"product_cat","embeddable":true,"href":"https:\/\/dtttek.com\/pt\/wp-json\/wp\/v2\/product_cat?post=5365"},{"taxonomy":"product_tag","embeddable":true,"href":"https:\/\/dtttek.com\/pt\/wp-json\/wp\/v2\/product_tag?post=5365"}],"curies":[{"name":"wp","href":"https:\/\/api.w.org\/{rel}","templated":true}]}}