{"id":6400,"date":"2024-12-27T14:36:44","date_gmt":"2024-12-27T05:36:44","guid":{"rendered":"https:\/\/dtttek.com\/?post_type=product&#038;p=6400"},"modified":"2024-12-30T20:06:42","modified_gmt":"2024-12-30T11:06:42","slug":"roller-groove-waterproof-seal-barbecue-probe","status":"publish","type":"product","link":"https:\/\/dtttek.com\/pt\/product\/roller-groove-waterproof-seal-barbecue-probe\/","title":{"rendered":"Sonda de churrasco com veda\u00e7\u00e3o \u00e0 prova d&#039;\u00e1gua e ranhura de rolo"},"content":{"rendered":"<h3><span style=\"color: #37b6ed;\">Descri\u00e7\u00e3o<\/span><\/h3>\n<p>This stainless steel handle temperature sensor probe adopts a stainless steel handle design at the tail, which is beautiful and practical. The detection temperature range is -50\u2103~300\u2103, anti-electromagnetic interference, waterproof, oil-proof and high temperature resistant. The probe handshake position adopts a non-slip striped silicone sleeve design, which can effectively prevent slipping and heat insulation. The high thermal conductivity thermal conductive silicone grease injected into the probe tip effectively improves the overall temperature measurement speed of the sensor.<\/p>\n<h3><span style=\"color: #37b6ed;\">Aplicativo<\/span><\/h3>\n<ul>\n<li>Grelhar<\/li>\n<li>Oven<\/li>\n<li>Fritadeira a ar<\/li>\n<li>Term\u00f4metro para alimentos para churrasco<\/li>\n<li>Fog\u00e3o a g\u00e1s anti-queima a seco<\/li>\n<\/ul>\n<h3><span style=\"color: #37b6ed;\">Indicadores t\u00e9cnicos<\/span><\/h3>\n<table style=\"height: 978px;\" width=\"1325\">\n<tbody>\n<tr>\n<td width=\"255\">Thermistor parameters<\/td>\n<td width=\"344\">R<sub>25<\/sub>=100K\u00b11%, B<sub>25\/50<\/sub>=3950K\u00b11%<\/td>\n<\/tr>\n<tr>\n<td width=\"255\">Tipo de sensor<\/td>\n<td width=\"344\">\u00a0Sensor de temperatura NTC<\/td>\n<\/tr>\n<tr>\n<td width=\"255\">Temperatura de opera\u00e7\u00e3o<\/td>\n<td width=\"344\">-50~260 \u2103<\/td>\n<\/tr>\n<tr>\n<td width=\"255\">Faixa de medi\u00e7\u00e3o de temperatura<\/td>\n<td width=\"344\">-50\u2103~300\u2103<\/td>\n<\/tr>\n<tr>\n<td width=\"255\">Pacote\/alojamento<\/td>\n<td width=\"344\">Single-ended glass-sealed NTC<\/td>\n<\/tr>\n<tr>\n<td width=\"255\">Precis\u00e3o<\/td>\n<td width=\"344\">\u00b11%<\/td>\n<\/tr>\n<tr>\n<td width=\"255\">Material<\/td>\n<td width=\"344\">A\u00e7o inoxid\u00e1vel 304<\/td>\n<\/tr>\n<tr>\n<td width=\"255\">Sonda de a\u00e7o inoxid\u00e1vel<\/td>\n<td width=\"344\">\u00a0\u04444.0*164mm (size after molding), diameter \u04442.6*25 pointed tip, food grade 304 stainless steel<\/td>\n<\/tr>\n<tr>\n<td width=\"255\">Fio sensor de temperatura<\/td>\n<td width=\"344\">7*0.16 nickel-plated conductor, PTFE insulation sheath, single core wire + 304 stainless steel braided shield wire, temperature resistance: -60\u2103~380\u2103<\/td>\n<\/tr>\n<tr>\n<td width=\"255\">Comprimento m\u00e1ximo do fio<\/td>\n<td width=\"344\">\u00a01000mm\u00b150mm<\/td>\n<\/tr>\n<tr>\n<td width=\"255\">Plug<\/td>\n<td width=\"344\">2.5 mono, 90\u2103elbow ear plug<\/td>\n<\/tr>\n<tr>\n<td width=\"255\">Others<\/td>\n<td width=\"344\">\u00a0IPX6 level water-proof, meets the requirements of cleaning and waterproofing in automatic dishwashers<\/td>\n<\/tr>\n<tr>\n<td width=\"255\">Tipo de sa\u00edda<\/td>\n<td width=\"344\">\u00a0tipo anal\u00f3gico<\/td>\n<\/tr>\n<\/tbody>\n<\/table>\n<h3><span style=\"color: #37b6ed;\">Diagrama<\/span><\/h3>\n<p><img fetchpriority=\"high\" decoding=\"async\" class=\"alignnone  wp-image-6755\" src=\"https:\/\/dtttek.com\/wp-content\/uploads\/2024\/12\/2-5-e1735556712411.png\" alt=\"\" width=\"664\" height=\"561\" srcset=\"https:\/\/dtttek.com\/wp-content\/uploads\/2024\/12\/2-5-e1735556712411.png 1110w, https:\/\/dtttek.com\/wp-content\/uploads\/2024\/12\/2-5-e1735556712411-300x254.png 300w, https:\/\/dtttek.com\/wp-content\/uploads\/2024\/12\/2-5-e1735556712411-1024x865.png 1024w, https:\/\/dtttek.com\/wp-content\/uploads\/2024\/12\/2-5-e1735556712411-768x649.png 768w, https:\/\/dtttek.com\/wp-content\/uploads\/2024\/12\/2-5-e1735556712411-14x12.png 14w\" sizes=\"(max-width: 664px) 100vw, 664px\" \/><\/p>","protected":false},"excerpt":{"rendered":"<h5><span style=\"color: #37b6ed;\">Recurso<\/span><\/h5>\n<p><strong>\u00b7 <\/strong>Resposta r\u00e1pida<br \/>\n<strong>\u00b7 <\/strong>Good stability<br \/>\n<strong>\u00b7 <\/strong>Corrosion resistance<br \/>\n<strong>\u00b7 <\/strong>Resist\u00eancia a altas temperaturas<br \/>\n<strong>\u00b7 <\/strong>Plugue moldado por inje\u00e7\u00e3o, boa flexibilidade<\/p>","protected":false},"featured_media":6753,"template":"","meta":{"content-type":"","om_disable_all_campaigns":false,"neve_meta_sidebar":"","neve_meta_container":"","neve_meta_enable_content_width":"off","neve_meta_content_width":100,"neve_meta_title_alignment":"","neve_meta_author_avatar":"","neve_post_elements_order":"","neve_meta_disable_header":"","neve_meta_disable_footer":"","neve_meta_disable_title":""},"product_brand":[],"product_cat":[14],"product_tag":[],"class_list":{"0":"post-6400","1":"product","2":"type-product","3":"status-publish","4":"has-post-thumbnail","6":"product_cat-ntc-temperature-sensor","8":"first","9":"instock","10":"shipping-taxable","11":"product-type-simple"},"yoast_head":"<!-- This site is optimized with the Yoast SEO Premium plugin v23.0 (Yoast SEO v26.5) - https:\/\/yoast.com\/wordpress\/plugins\/seo\/ -->\n<title>Roller Groove Waterproof Seal Barbecue Probe - DTTTEK<\/title>\n<meta name=\"robots\" content=\"index, follow, max-snippet:-1, max-image-preview:large, max-video-preview:-1\" \/>\n<link rel=\"canonical\" href=\"https:\/\/dtttek.com\/pt\/product\/roller-groove-waterproof-seal-barbecue-probe\/\" \/>\n<meta property=\"og:locale\" content=\"pt_BR\" \/>\n<meta property=\"og:type\" content=\"article\" \/>\n<meta property=\"og:title\" content=\"Roller Groove Waterproof Seal Barbecue Probe\" \/>\n<meta property=\"og:description\" content=\"Feature \u00b7 Fast response \u00b7 Good stability \u00b7 Corrosion resistance \u00b7 High temperature resistance \u00b7 Injection molded plug, good flexibility\" \/>\n<meta property=\"og:url\" content=\"https:\/\/dtttek.com\/pt\/product\/roller-groove-waterproof-seal-barbecue-probe\/\" \/>\n<meta property=\"og:site_name\" content=\"DTTTEK\" \/>\n<meta property=\"article:modified_time\" content=\"2024-12-30T11:06:42+00:00\" \/>\n<meta property=\"og:image\" content=\"https:\/\/dtttek.com\/wp-content\/uploads\/2024\/12\/\u4e3b\u56fe-10.jpg\" \/>\n\t<meta property=\"og:image:width\" content=\"1000\" \/>\n\t<meta property=\"og:image:height\" content=\"1000\" \/>\n\t<meta property=\"og:image:type\" content=\"image\/jpeg\" \/>\n<meta name=\"twitter:card\" content=\"summary_large_image\" \/>\n<meta name=\"twitter:label1\" content=\"Est. tempo de leitura\" \/>\n\t<meta name=\"twitter:data1\" content=\"2 minutos\" \/>\n<script type=\"application\/ld+json\" class=\"yoast-schema-graph\">{\"@context\":\"https:\/\/schema.org\",\"@graph\":[{\"@type\":\"WebPage\",\"@id\":\"https:\/\/dtttek.com\/product\/roller-groove-waterproof-seal-barbecue-probe\/\",\"url\":\"https:\/\/dtttek.com\/product\/roller-groove-waterproof-seal-barbecue-probe\/\",\"name\":\"Roller Groove Waterproof Seal Barbecue Probe - DTTTEK\",\"isPartOf\":{\"@id\":\"https:\/\/dtttek.com\/#website\"},\"primaryImageOfPage\":{\"@id\":\"https:\/\/dtttek.com\/product\/roller-groove-waterproof-seal-barbecue-probe\/#primaryimage\"},\"image\":{\"@id\":\"https:\/\/dtttek.com\/product\/roller-groove-waterproof-seal-barbecue-probe\/#primaryimage\"},\"thumbnailUrl\":\"https:\/\/dtttek.com\/wp-content\/uploads\/2024\/12\/\u4e3b\u56fe-10.jpg\",\"datePublished\":\"2024-12-27T05:36:44+00:00\",\"dateModified\":\"2024-12-30T11:06:42+00:00\",\"breadcrumb\":{\"@id\":\"https:\/\/dtttek.com\/product\/roller-groove-waterproof-seal-barbecue-probe\/#breadcrumb\"},\"inLanguage\":\"pt-BR\",\"potentialAction\":[{\"@type\":\"ReadAction\",\"target\":[\"https:\/\/dtttek.com\/product\/roller-groove-waterproof-seal-barbecue-probe\/\"]}]},{\"@type\":\"ImageObject\",\"inLanguage\":\"pt-BR\",\"@id\":\"https:\/\/dtttek.com\/product\/roller-groove-waterproof-seal-barbecue-probe\/#primaryimage\",\"url\":\"https:\/\/dtttek.com\/wp-content\/uploads\/2024\/12\/\u4e3b\u56fe-10.jpg\",\"contentUrl\":\"https:\/\/dtttek.com\/wp-content\/uploads\/2024\/12\/\u4e3b\u56fe-10.jpg\",\"width\":1000,\"height\":1000},{\"@type\":\"BreadcrumbList\",\"@id\":\"https:\/\/dtttek.com\/product\/roller-groove-waterproof-seal-barbecue-probe\/#breadcrumb\",\"itemListElement\":[{\"@type\":\"ListItem\",\"position\":1,\"name\":\"Home\",\"item\":\"https:\/\/dtttek.com\/\"},{\"@type\":\"ListItem\",\"position\":2,\"name\":\"Product\",\"item\":\"https:\/\/dtttek.com\/product-page\/\"},{\"@type\":\"ListItem\",\"position\":3,\"name\":\"Roller Groove Waterproof Seal Barbecue Probe\"}]},{\"@type\":\"WebSite\",\"@id\":\"https:\/\/dtttek.com\/#website\",\"url\":\"https:\/\/dtttek.com\/\",\"name\":\"DTTTEK\",\"description\":\"High quality sensor manufacturer\",\"publisher\":{\"@id\":\"https:\/\/dtttek.com\/#organization\"},\"potentialAction\":[{\"@type\":\"SearchAction\",\"target\":{\"@type\":\"EntryPoint\",\"urlTemplate\":\"https:\/\/dtttek.com\/?s={search_term_string}\"},\"query-input\":{\"@type\":\"PropertyValueSpecification\",\"valueRequired\":true,\"valueName\":\"search_term_string\"}}],\"inLanguage\":\"pt-BR\"},{\"@type\":\"Organization\",\"@id\":\"https:\/\/dtttek.com\/#organization\",\"name\":\"DTTTEK\",\"url\":\"https:\/\/dtttek.com\/\",\"logo\":{\"@type\":\"ImageObject\",\"inLanguage\":\"pt-BR\",\"@id\":\"https:\/\/dtttek.com\/#\/schema\/logo\/image\/\",\"url\":\"https:\/\/dtttek.com\/wp-content\/uploads\/2024\/08\/cropped-logo-1.png\",\"contentUrl\":\"https:\/\/dtttek.com\/wp-content\/uploads\/2024\/08\/cropped-logo-1.png\",\"width\":512,\"height\":512,\"caption\":\"DTTTEK\"},\"image\":{\"@id\":\"https:\/\/dtttek.com\/#\/schema\/logo\/image\/\"}}]}<\/script>\n<!-- \/ Yoast SEO Premium plugin. -->","yoast_head_json":{"title":"Roller Groove Waterproof Seal Barbecue Probe - DTTTEK","robots":{"index":"index","follow":"follow","max-snippet":"max-snippet:-1","max-image-preview":"max-image-preview:large","max-video-preview":"max-video-preview:-1"},"canonical":"https:\/\/dtttek.com\/pt\/product\/roller-groove-waterproof-seal-barbecue-probe\/","og_locale":"pt_BR","og_type":"article","og_title":"Roller Groove Waterproof Seal Barbecue Probe","og_description":"Feature \u00b7 Fast response \u00b7 Good stability \u00b7 Corrosion resistance \u00b7 High temperature resistance \u00b7 Injection molded plug, good flexibility","og_url":"https:\/\/dtttek.com\/pt\/product\/roller-groove-waterproof-seal-barbecue-probe\/","og_site_name":"DTTTEK","article_modified_time":"2024-12-30T11:06:42+00:00","og_image":[{"width":1000,"height":1000,"url":"https:\/\/dtttek.com\/wp-content\/uploads\/2024\/12\/\u4e3b\u56fe-10.jpg","type":"image\/jpeg"}],"twitter_card":"summary_large_image","twitter_misc":{"Est. tempo de leitura":"2 minutos"},"schema":{"@context":"https:\/\/schema.org","@graph":[{"@type":"WebPage","@id":"https:\/\/dtttek.com\/product\/roller-groove-waterproof-seal-barbecue-probe\/","url":"https:\/\/dtttek.com\/product\/roller-groove-waterproof-seal-barbecue-probe\/","name":"Roller Groove Waterproof Seal Barbecue Probe - DTTTEK","isPartOf":{"@id":"https:\/\/dtttek.com\/#website"},"primaryImageOfPage":{"@id":"https:\/\/dtttek.com\/product\/roller-groove-waterproof-seal-barbecue-probe\/#primaryimage"},"image":{"@id":"https:\/\/dtttek.com\/product\/roller-groove-waterproof-seal-barbecue-probe\/#primaryimage"},"thumbnailUrl":"https:\/\/dtttek.com\/wp-content\/uploads\/2024\/12\/\u4e3b\u56fe-10.jpg","datePublished":"2024-12-27T05:36:44+00:00","dateModified":"2024-12-30T11:06:42+00:00","breadcrumb":{"@id":"https:\/\/dtttek.com\/product\/roller-groove-waterproof-seal-barbecue-probe\/#breadcrumb"},"inLanguage":"pt-BR","potentialAction":[{"@type":"ReadAction","target":["https:\/\/dtttek.com\/product\/roller-groove-waterproof-seal-barbecue-probe\/"]}]},{"@type":"ImageObject","inLanguage":"pt-BR","@id":"https:\/\/dtttek.com\/product\/roller-groove-waterproof-seal-barbecue-probe\/#primaryimage","url":"https:\/\/dtttek.com\/wp-content\/uploads\/2024\/12\/\u4e3b\u56fe-10.jpg","contentUrl":"https:\/\/dtttek.com\/wp-content\/uploads\/2024\/12\/\u4e3b\u56fe-10.jpg","width":1000,"height":1000},{"@type":"BreadcrumbList","@id":"https:\/\/dtttek.com\/product\/roller-groove-waterproof-seal-barbecue-probe\/#breadcrumb","itemListElement":[{"@type":"ListItem","position":1,"name":"Home","item":"https:\/\/dtttek.com\/"},{"@type":"ListItem","position":2,"name":"Product","item":"https:\/\/dtttek.com\/product-page\/"},{"@type":"ListItem","position":3,"name":"Roller Groove Waterproof Seal Barbecue Probe"}]},{"@type":"WebSite","@id":"https:\/\/dtttek.com\/#website","url":"https:\/\/dtttek.com\/","name":"DTTTEK","description":"Fabricante de sensores de alta qualidade","publisher":{"@id":"https:\/\/dtttek.com\/#organization"},"potentialAction":[{"@type":"SearchAction","target":{"@type":"EntryPoint","urlTemplate":"https:\/\/dtttek.com\/?s={search_term_string}"},"query-input":{"@type":"PropertyValueSpecification","valueRequired":true,"valueName":"search_term_string"}}],"inLanguage":"pt-BR"},{"@type":"Organization","@id":"https:\/\/dtttek.com\/#organization","name":"DTTTEK","url":"https:\/\/dtttek.com\/","logo":{"@type":"ImageObject","inLanguage":"pt-BR","@id":"https:\/\/dtttek.com\/#\/schema\/logo\/image\/","url":"https:\/\/dtttek.com\/wp-content\/uploads\/2024\/08\/cropped-logo-1.png","contentUrl":"https:\/\/dtttek.com\/wp-content\/uploads\/2024\/08\/cropped-logo-1.png","width":512,"height":512,"caption":"DTTTEK"},"image":{"@id":"https:\/\/dtttek.com\/#\/schema\/logo\/image\/"}}]}},"_links":{"self":[{"href":"https:\/\/dtttek.com\/pt\/wp-json\/wp\/v2\/product\/6400","targetHints":{"allow":["GET"]}}],"collection":[{"href":"https:\/\/dtttek.com\/pt\/wp-json\/wp\/v2\/product"}],"about":[{"href":"https:\/\/dtttek.com\/pt\/wp-json\/wp\/v2\/types\/product"}],"version-history":[{"count":0,"href":"https:\/\/dtttek.com\/pt\/wp-json\/wp\/v2\/product\/6400\/revisions"}],"wp:featuredmedia":[{"embeddable":true,"href":"https:\/\/dtttek.com\/pt\/wp-json\/wp\/v2\/media\/6753"}],"wp:attachment":[{"href":"https:\/\/dtttek.com\/pt\/wp-json\/wp\/v2\/media?parent=6400"}],"wp:term":[{"taxonomy":"product_brand","embeddable":true,"href":"https:\/\/dtttek.com\/pt\/wp-json\/wp\/v2\/product_brand?post=6400"},{"taxonomy":"product_cat","embeddable":true,"href":"https:\/\/dtttek.com\/pt\/wp-json\/wp\/v2\/product_cat?post=6400"},{"taxonomy":"product_tag","embeddable":true,"href":"https:\/\/dtttek.com\/pt\/wp-json\/wp\/v2\/product_tag?post=6400"}],"curies":[{"name":"wp","href":"https:\/\/api.w.org\/{rel}","templated":true}]}}