{"id":6599,"date":"2024-12-27T21:37:06","date_gmt":"2024-12-27T12:37:06","guid":{"rendered":"https:\/\/dtttek.com\/?post_type=product&#038;p=6599"},"modified":"2024-12-27T21:37:07","modified_gmt":"2024-12-27T12:37:07","slug":"barbecue-oven-stainless-steel-flange-probe","status":"publish","type":"product","link":"https:\/\/dtttek.com\/pt\/product\/barbecue-oven-stainless-steel-flange-probe\/","title":{"rendered":"Sonda de flange de a\u00e7o inoxid\u00e1vel para forno de churrasco"},"content":{"rendered":"<h3><span style=\"color: #37b6ed;\">Descri\u00e7\u00e3o<\/span><\/h3>\n<p>This stainless steel flange probe temperature sensor is made of 304 stainless steel, which is environmentally friendly and rust-free. Flange and probe, first fastening stamping, and then laser welding, never loosen high-precision K-couple wire, two layers of high temperature insulation protection, high temperature resistance. The sensor has 100% full detection accuracy and strict quality control.<\/p>\n<h3><span style=\"color: #37b6ed;\">Aplicativo<\/span><\/h3>\n<p><strong>\u00b7 <\/strong>Grelhar<br \/>\n<strong>\u00b7 <\/strong>Forno de pellets<br \/>\n<strong>\u00b7 <\/strong>Fritadeira a ar<br \/>\n<strong>\u00b7 <\/strong>Term\u00f4metro para alimentos para churrasco<br \/>\n<strong>\u00b7 <\/strong>Fog\u00e3o a g\u00e1s anti-queima a seco<\/p>\n<h3><span style=\"color: #37b6ed;\">Indicadores t\u00e9cnicos<\/span><\/h3>\n<table style=\"height: 820px;\" width=\"1264\">\n<tbody>\n<tr>\n<td width=\"255\">Par\u00e2metros do chip sensor de temperatura<\/td>\n<td width=\"344\">Tipo K, N\u00edquel-Cromo (KP+), N\u00edquel-Sil\u00edcio (KN-)<\/td>\n<\/tr>\n<tr>\n<td width=\"255\">Tipo de sensor<\/td>\n<td width=\"344\">Sensor de temperatura termopar tipo K<\/td>\n<\/tr>\n<tr>\n<td width=\"255\">Temperatura de opera\u00e7\u00e3o<\/td>\n<td width=\"344\">-50~500 \u2103<\/td>\n<\/tr>\n<tr>\n<td width=\"255\">Faixa de medi\u00e7\u00e3o de temperatura<\/td>\n<td width=\"344\">-50\u2103~500\u00a0\u2103<\/td>\n<\/tr>\n<tr>\n<td width=\"255\">Pacote\/alojamento<\/td>\n<td width=\"344\">\u04445.0 com sonda de flange<\/td>\n<\/tr>\n<tr>\n<td width=\"255\">Precis\u00e3o<\/td>\n<td width=\"344\">\u00b11,5%<\/td>\n<\/tr>\n<tr>\n<td width=\"255\">Material<\/td>\n<td width=\"344\">A\u00e7o inoxid\u00e1vel 304<\/td>\n<\/tr>\n<tr>\n<td width=\"255\">Fio sensor de temperatura<\/td>\n<td width=\"344\">2\/7*0.2, KX-mica+glass fiber sheath, 304 stainless steel shielding, OD=3.0mm, temperature resistance: -60\u00a0\u2103~500\u00a0\u2103<\/td>\n<\/tr>\n<tr>\n<td width=\"255\">Comprimento m\u00e1ximo do fio<\/td>\n<td width=\"344\">500mm\u00b110mm<\/td>\n<\/tr>\n<tr>\n<td width=\"255\">Plug<\/td>\n<td width=\"344\">SM-2.54-2P plug<\/td>\n<\/tr>\n<tr>\n<td width=\"255\">Tipo de sa\u00edda<\/td>\n<td width=\"344\">\u00a0tipo anal\u00f3gico<\/td>\n<\/tr>\n<tr>\n<td width=\"255\">Sonda de a\u00e7o inoxid\u00e1vel<\/td>\n<td width=\"344\">SUS304-05.0*90-46\/14,5 flange sheet<\/td>\n<\/tr>\n<\/tbody>\n<\/table>\n<h3><span style=\"color: #37b6ed;\">Diagrama<\/span><img fetchpriority=\"high\" decoding=\"async\" class=\"alignnone size-full wp-image-6601\" src=\"https:\/\/dtttek.com\/wp-content\/uploads\/2024\/12\/2-4.png\" alt=\"\" width=\"1361\" height=\"351\" srcset=\"https:\/\/dtttek.com\/wp-content\/uploads\/2024\/12\/2-4.png 1361w, https:\/\/dtttek.com\/wp-content\/uploads\/2024\/12\/2-4-300x77.png 300w, https:\/\/dtttek.com\/wp-content\/uploads\/2024\/12\/2-4-1024x264.png 1024w, https:\/\/dtttek.com\/wp-content\/uploads\/2024\/12\/2-4-768x198.png 768w, https:\/\/dtttek.com\/wp-content\/uploads\/2024\/12\/2-4-18x5.png 18w\" sizes=\"(max-width: 1361px) 100vw, 1361px\" \/><\/h3>","protected":false},"excerpt":{"rendered":"<h5><span style=\"color: #37b6ed;\">Recurso<\/span><\/h5>\n<p><strong>\u00b7 <\/strong>Resposta r\u00e1pida<br \/>\n<strong>\u00b7 <\/strong>Good stability<br \/>\n<strong>\u00b7 <\/strong>Laser welding<br \/>\n<strong>\u00b7 <\/strong>Apar\u00eancia requintada<br \/>\n<strong>\u00b7 <\/strong>Alta precis\u00e3o<\/p>","protected":false},"featured_media":6600,"template":"","meta":{"content-type":"","om_disable_all_campaigns":false,"neve_meta_sidebar":"","neve_meta_container":"","neve_meta_enable_content_width":"off","neve_meta_content_width":100,"neve_meta_title_alignment":"","neve_meta_author_avatar":"","neve_post_elements_order":"","neve_meta_disable_header":"","neve_meta_disable_footer":"","neve_meta_disable_title":""},"product_brand":[],"product_cat":[15],"product_tag":[],"class_list":{"0":"post-6599","1":"product","2":"type-product","3":"status-publish","4":"has-post-thumbnail","6":"product_cat-thermocouple-probe","8":"first","9":"instock","10":"shipping-taxable","11":"product-type-simple"},"yoast_head":"<!-- This site is optimized with the Yoast SEO Premium plugin v23.0 (Yoast SEO v26.5) - https:\/\/yoast.com\/wordpress\/plugins\/seo\/ -->\n<title>Barbecue Oven Stainless Steel Flange Probe - DTTTEK<\/title>\n<meta name=\"robots\" content=\"index, follow, max-snippet:-1, max-image-preview:large, max-video-preview:-1\" \/>\n<link rel=\"canonical\" href=\"https:\/\/dtttek.com\/pt\/product\/barbecue-oven-stainless-steel-flange-probe\/\" \/>\n<meta property=\"og:locale\" content=\"pt_BR\" \/>\n<meta property=\"og:type\" content=\"article\" \/>\n<meta property=\"og:title\" content=\"Barbecue Oven Stainless Steel Flange Probe\" \/>\n<meta property=\"og:description\" content=\"Feature \u00b7 Fast response \u00b7 Good stability \u00b7 Laser welding \u00b7 Exquisite appearance \u00b7 High precision\" \/>\n<meta property=\"og:url\" content=\"https:\/\/dtttek.com\/pt\/product\/barbecue-oven-stainless-steel-flange-probe\/\" \/>\n<meta property=\"og:site_name\" content=\"DTTTEK\" \/>\n<meta property=\"article:modified_time\" content=\"2024-12-27T12:37:07+00:00\" \/>\n<meta property=\"og:image\" content=\"https:\/\/dtttek.com\/wp-content\/uploads\/2024\/12\/212.jpg\" \/>\n\t<meta property=\"og:image:width\" content=\"1000\" \/>\n\t<meta property=\"og:image:height\" content=\"1000\" \/>\n\t<meta property=\"og:image:type\" content=\"image\/jpeg\" \/>\n<meta name=\"twitter:card\" content=\"summary_large_image\" \/>\n<meta name=\"twitter:label1\" content=\"Est. tempo de leitura\" \/>\n\t<meta name=\"twitter:data1\" content=\"2 minutos\" \/>\n<script type=\"application\/ld+json\" class=\"yoast-schema-graph\">{\"@context\":\"https:\/\/schema.org\",\"@graph\":[{\"@type\":\"WebPage\",\"@id\":\"https:\/\/dtttek.com\/product\/barbecue-oven-stainless-steel-flange-probe\/\",\"url\":\"https:\/\/dtttek.com\/product\/barbecue-oven-stainless-steel-flange-probe\/\",\"name\":\"Barbecue Oven Stainless Steel Flange Probe - DTTTEK\",\"isPartOf\":{\"@id\":\"https:\/\/dtttek.com\/#website\"},\"primaryImageOfPage\":{\"@id\":\"https:\/\/dtttek.com\/product\/barbecue-oven-stainless-steel-flange-probe\/#primaryimage\"},\"image\":{\"@id\":\"https:\/\/dtttek.com\/product\/barbecue-oven-stainless-steel-flange-probe\/#primaryimage\"},\"thumbnailUrl\":\"https:\/\/dtttek.com\/wp-content\/uploads\/2024\/12\/212.jpg\",\"datePublished\":\"2024-12-27T12:37:06+00:00\",\"dateModified\":\"2024-12-27T12:37:07+00:00\",\"breadcrumb\":{\"@id\":\"https:\/\/dtttek.com\/product\/barbecue-oven-stainless-steel-flange-probe\/#breadcrumb\"},\"inLanguage\":\"pt-BR\",\"potentialAction\":[{\"@type\":\"ReadAction\",\"target\":[\"https:\/\/dtttek.com\/product\/barbecue-oven-stainless-steel-flange-probe\/\"]}]},{\"@type\":\"ImageObject\",\"inLanguage\":\"pt-BR\",\"@id\":\"https:\/\/dtttek.com\/product\/barbecue-oven-stainless-steel-flange-probe\/#primaryimage\",\"url\":\"https:\/\/dtttek.com\/wp-content\/uploads\/2024\/12\/212.jpg\",\"contentUrl\":\"https:\/\/dtttek.com\/wp-content\/uploads\/2024\/12\/212.jpg\",\"width\":1000,\"height\":1000},{\"@type\":\"BreadcrumbList\",\"@id\":\"https:\/\/dtttek.com\/product\/barbecue-oven-stainless-steel-flange-probe\/#breadcrumb\",\"itemListElement\":[{\"@type\":\"ListItem\",\"position\":1,\"name\":\"Home\",\"item\":\"https:\/\/dtttek.com\/\"},{\"@type\":\"ListItem\",\"position\":2,\"name\":\"Product\",\"item\":\"https:\/\/dtttek.com\/product-page\/\"},{\"@type\":\"ListItem\",\"position\":3,\"name\":\"Barbecue Oven Stainless Steel Flange Probe\"}]},{\"@type\":\"WebSite\",\"@id\":\"https:\/\/dtttek.com\/#website\",\"url\":\"https:\/\/dtttek.com\/\",\"name\":\"DTTTEK\",\"description\":\"High quality sensor manufacturer\",\"publisher\":{\"@id\":\"https:\/\/dtttek.com\/#organization\"},\"potentialAction\":[{\"@type\":\"SearchAction\",\"target\":{\"@type\":\"EntryPoint\",\"urlTemplate\":\"https:\/\/dtttek.com\/?s={search_term_string}\"},\"query-input\":{\"@type\":\"PropertyValueSpecification\",\"valueRequired\":true,\"valueName\":\"search_term_string\"}}],\"inLanguage\":\"pt-BR\"},{\"@type\":\"Organization\",\"@id\":\"https:\/\/dtttek.com\/#organization\",\"name\":\"DTTTEK\",\"url\":\"https:\/\/dtttek.com\/\",\"logo\":{\"@type\":\"ImageObject\",\"inLanguage\":\"pt-BR\",\"@id\":\"https:\/\/dtttek.com\/#\/schema\/logo\/image\/\",\"url\":\"https:\/\/dtttek.com\/wp-content\/uploads\/2024\/08\/cropped-logo-1.png\",\"contentUrl\":\"https:\/\/dtttek.com\/wp-content\/uploads\/2024\/08\/cropped-logo-1.png\",\"width\":512,\"height\":512,\"caption\":\"DTTTEK\"},\"image\":{\"@id\":\"https:\/\/dtttek.com\/#\/schema\/logo\/image\/\"}}]}<\/script>\n<!-- \/ Yoast SEO Premium plugin. -->","yoast_head_json":{"title":"Barbecue Oven Stainless Steel Flange Probe - DTTTEK","robots":{"index":"index","follow":"follow","max-snippet":"max-snippet:-1","max-image-preview":"max-image-preview:large","max-video-preview":"max-video-preview:-1"},"canonical":"https:\/\/dtttek.com\/pt\/product\/barbecue-oven-stainless-steel-flange-probe\/","og_locale":"pt_BR","og_type":"article","og_title":"Barbecue Oven Stainless Steel Flange Probe","og_description":"Feature \u00b7 Fast response \u00b7 Good stability \u00b7 Laser welding \u00b7 Exquisite appearance \u00b7 High precision","og_url":"https:\/\/dtttek.com\/pt\/product\/barbecue-oven-stainless-steel-flange-probe\/","og_site_name":"DTTTEK","article_modified_time":"2024-12-27T12:37:07+00:00","og_image":[{"width":1000,"height":1000,"url":"https:\/\/dtttek.com\/wp-content\/uploads\/2024\/12\/212.jpg","type":"image\/jpeg"}],"twitter_card":"summary_large_image","twitter_misc":{"Est. tempo de leitura":"2 minutos"},"schema":{"@context":"https:\/\/schema.org","@graph":[{"@type":"WebPage","@id":"https:\/\/dtttek.com\/product\/barbecue-oven-stainless-steel-flange-probe\/","url":"https:\/\/dtttek.com\/product\/barbecue-oven-stainless-steel-flange-probe\/","name":"Barbecue Oven Stainless Steel Flange Probe - DTTTEK","isPartOf":{"@id":"https:\/\/dtttek.com\/#website"},"primaryImageOfPage":{"@id":"https:\/\/dtttek.com\/product\/barbecue-oven-stainless-steel-flange-probe\/#primaryimage"},"image":{"@id":"https:\/\/dtttek.com\/product\/barbecue-oven-stainless-steel-flange-probe\/#primaryimage"},"thumbnailUrl":"https:\/\/dtttek.com\/wp-content\/uploads\/2024\/12\/212.jpg","datePublished":"2024-12-27T12:37:06+00:00","dateModified":"2024-12-27T12:37:07+00:00","breadcrumb":{"@id":"https:\/\/dtttek.com\/product\/barbecue-oven-stainless-steel-flange-probe\/#breadcrumb"},"inLanguage":"pt-BR","potentialAction":[{"@type":"ReadAction","target":["https:\/\/dtttek.com\/product\/barbecue-oven-stainless-steel-flange-probe\/"]}]},{"@type":"ImageObject","inLanguage":"pt-BR","@id":"https:\/\/dtttek.com\/product\/barbecue-oven-stainless-steel-flange-probe\/#primaryimage","url":"https:\/\/dtttek.com\/wp-content\/uploads\/2024\/12\/212.jpg","contentUrl":"https:\/\/dtttek.com\/wp-content\/uploads\/2024\/12\/212.jpg","width":1000,"height":1000},{"@type":"BreadcrumbList","@id":"https:\/\/dtttek.com\/product\/barbecue-oven-stainless-steel-flange-probe\/#breadcrumb","itemListElement":[{"@type":"ListItem","position":1,"name":"Home","item":"https:\/\/dtttek.com\/"},{"@type":"ListItem","position":2,"name":"Product","item":"https:\/\/dtttek.com\/product-page\/"},{"@type":"ListItem","position":3,"name":"Barbecue Oven Stainless Steel Flange Probe"}]},{"@type":"WebSite","@id":"https:\/\/dtttek.com\/#website","url":"https:\/\/dtttek.com\/","name":"DTTTEK","description":"Fabricante de sensores de alta qualidade","publisher":{"@id":"https:\/\/dtttek.com\/#organization"},"potentialAction":[{"@type":"SearchAction","target":{"@type":"EntryPoint","urlTemplate":"https:\/\/dtttek.com\/?s={search_term_string}"},"query-input":{"@type":"PropertyValueSpecification","valueRequired":true,"valueName":"search_term_string"}}],"inLanguage":"pt-BR"},{"@type":"Organization","@id":"https:\/\/dtttek.com\/#organization","name":"DTTTEK","url":"https:\/\/dtttek.com\/","logo":{"@type":"ImageObject","inLanguage":"pt-BR","@id":"https:\/\/dtttek.com\/#\/schema\/logo\/image\/","url":"https:\/\/dtttek.com\/wp-content\/uploads\/2024\/08\/cropped-logo-1.png","contentUrl":"https:\/\/dtttek.com\/wp-content\/uploads\/2024\/08\/cropped-logo-1.png","width":512,"height":512,"caption":"DTTTEK"},"image":{"@id":"https:\/\/dtttek.com\/#\/schema\/logo\/image\/"}}]}},"_links":{"self":[{"href":"https:\/\/dtttek.com\/pt\/wp-json\/wp\/v2\/product\/6599","targetHints":{"allow":["GET"]}}],"collection":[{"href":"https:\/\/dtttek.com\/pt\/wp-json\/wp\/v2\/product"}],"about":[{"href":"https:\/\/dtttek.com\/pt\/wp-json\/wp\/v2\/types\/product"}],"version-history":[{"count":0,"href":"https:\/\/dtttek.com\/pt\/wp-json\/wp\/v2\/product\/6599\/revisions"}],"wp:featuredmedia":[{"embeddable":true,"href":"https:\/\/dtttek.com\/pt\/wp-json\/wp\/v2\/media\/6600"}],"wp:attachment":[{"href":"https:\/\/dtttek.com\/pt\/wp-json\/wp\/v2\/media?parent=6599"}],"wp:term":[{"taxonomy":"product_brand","embeddable":true,"href":"https:\/\/dtttek.com\/pt\/wp-json\/wp\/v2\/product_brand?post=6599"},{"taxonomy":"product_cat","embeddable":true,"href":"https:\/\/dtttek.com\/pt\/wp-json\/wp\/v2\/product_cat?post=6599"},{"taxonomy":"product_tag","embeddable":true,"href":"https:\/\/dtttek.com\/pt\/wp-json\/wp\/v2\/product_tag?post=6599"}],"curies":[{"name":"wp","href":"https:\/\/api.w.org\/{rel}","templated":true}]}}