{"id":6612,"date":"2024-12-27T21:54:36","date_gmt":"2024-12-27T12:54:36","guid":{"rendered":"https:\/\/dtttek.com\/?post_type=product&#038;p=6612"},"modified":"2024-12-27T21:54:37","modified_gmt":"2024-12-27T12:54:37","slug":"sensor-de-temperatura-termopar-tipo-k-com-sonda-de-flange","status":"publish","type":"product","link":"https:\/\/dtttek.com\/pt\/product\/sensor-de-temperatura-termopar-tipo-k-com-sonda-de-flange\/","title":{"rendered":"Sensor de temperatura termopar tipo K com sonda de flange"},"content":{"rendered":"<h3><span style=\"color: #37b6ed;\">Descri\u00e7\u00e3o<\/span><\/h3>\n<p>A sonda e o flange deste sensor de temperatura tipo K s\u00e3o soldados a laser, o que \u00e9 bonito e inquebr\u00e1vel. Fio de casal K de alta precis\u00e3o, duas camadas de prote\u00e7\u00e3o de isolamento de alta temperatura, alta resist\u00eancia \u00e0 temperatura. O sensor tem precis\u00e3o de detec\u00e7\u00e3o total 100% e controle de qualidade rigoroso.<\/p>\n<h3><span style=\"color: #37b6ed;\">Aplicativo<\/span><\/h3>\n<p><strong>\u00b7 <\/strong>Grelhar<br \/>\n<strong>\u00b7 <\/strong>Forno de pellets<br \/>\n<strong>\u00b7 <\/strong>Fritadeira a ar<br \/>\n<strong>\u00b7 <\/strong>Term\u00f4metro para alimentos para churrasco<br \/>\n<strong>\u00b7 <\/strong>Fog\u00e3o a g\u00e1s anti-queima a seco<\/p>\n<h3><span style=\"color: #37b6ed;\">Indicadores t\u00e9cnicos<\/span><\/h3>\n<table style=\"height: 843px;\" width=\"1334\">\n<tbody>\n<tr>\n<td width=\"255\">Par\u00e2metros do chip sensor de temperatura<\/td>\n<td width=\"344\">Tipo K, N\u00edquel-Cromo (KP+), N\u00edquel-Sil\u00edcio (KN-)<\/td>\n<\/tr>\n<tr>\n<td width=\"255\">Tipo de sensor<\/td>\n<td width=\"344\">Sensor de temperatura termopar tipo K<\/td>\n<\/tr>\n<tr>\n<td width=\"255\">Temperatura de opera\u00e7\u00e3o<\/td>\n<td width=\"344\">-50~450 \u2103<\/td>\n<\/tr>\n<tr>\n<td width=\"255\">Faixa de medi\u00e7\u00e3o de temperatura<\/td>\n<td width=\"344\">-50\u2103~450\u2103<\/td>\n<\/tr>\n<tr>\n<td width=\"255\">Pacote\/alojamento<\/td>\n<td width=\"344\">\u04445.0 com sonda de flange<\/td>\n<\/tr>\n<tr>\n<td width=\"255\">Precis\u00e3o<\/td>\n<td width=\"344\">\u00b11,5%<\/td>\n<\/tr>\n<tr>\n<td width=\"255\">Material<\/td>\n<td width=\"344\">A\u00e7o inoxid\u00e1vel 304<\/td>\n<\/tr>\n<tr>\n<td width=\"255\">Fio sensor de temperatura<\/td>\n<td width=\"344\">0,3 n\u00facleo \u00fanico, n\u00facleo interno de fibra de vidro verde e branco\/branco, bainha de fibra de vidro verde e branca, fio de casal K, di\u00e2metro externo de 2,5 mm, resist\u00eancia \u00e0 temperatura: -60 \u00b0 C ~ 450 \u00b0 C<\/td>\n<\/tr>\n<tr>\n<td width=\"255\">Comprimento m\u00e1ximo do fio<\/td>\n<td width=\"344\">1550 mm \u00b1 10 mm<\/td>\n<\/tr>\n<tr>\n<td width=\"255\">Plug<\/td>\n<td width=\"344\">\u00a0Plugue MOLEX 22012021-2P<\/td>\n<\/tr>\n<tr>\n<td width=\"255\">Tipo de sa\u00edda<\/td>\n<td width=\"344\">\u00a0tipo anal\u00f3gico<\/td>\n<\/tr>\n<tr>\n<td width=\"255\">Sonda de a\u00e7o inoxid\u00e1vel<\/td>\n<td width=\"344\">Sonda de parafuso de a\u00e7o inoxid\u00e1vel \u04445\u00d7101.5-304<\/td>\n<\/tr>\n<\/tbody>\n<\/table>\n<h3><span style=\"color: #37b6ed;\">Diagrama<\/span><\/h3>\n<p><img fetchpriority=\"high\" decoding=\"async\" class=\"alignnone  wp-image-6613\" src=\"https:\/\/dtttek.com\/wp-content\/uploads\/2024\/12\/\u56fe\u72471-22.png\" alt=\"\" width=\"1287\" height=\"303\" srcset=\"https:\/\/dtttek.com\/wp-content\/uploads\/2024\/12\/\u56fe\u72471-22.png 1646w, https:\/\/dtttek.com\/wp-content\/uploads\/2024\/12\/\u56fe\u72471-22-300x71.png 300w, https:\/\/dtttek.com\/wp-content\/uploads\/2024\/12\/\u56fe\u72471-22-1024x241.png 1024w, https:\/\/dtttek.com\/wp-content\/uploads\/2024\/12\/\u56fe\u72471-22-768x181.png 768w, https:\/\/dtttek.com\/wp-content\/uploads\/2024\/12\/\u56fe\u72471-22-1536x361.png 1536w, https:\/\/dtttek.com\/wp-content\/uploads\/2024\/12\/\u56fe\u72471-22-18x4.png 18w\" sizes=\"(max-width: 1287px) 100vw, 1287px\" \/><\/p>","protected":false},"excerpt":{"rendered":"<h5><span style=\"color: #37b6ed;\">Recurso<\/span><\/h5>\n<p><strong>\u00b7 <\/strong>Resposta r\u00e1pida<br \/>\n<strong>\u00b7 <\/strong>Apar\u00eancia requintada<br \/>\n<strong>\u00b7 <\/strong>Alta precis\u00e3o<br \/>\n<strong>\u00b7 <\/strong>Resist\u00eancia a altas temperaturas<br \/>\n<strong>\u00b7 <\/strong>Plugue moldado por inje\u00e7\u00e3o, boa flexibilidade<\/p>","protected":false},"featured_media":6614,"template":"","meta":{"content-type":"","om_disable_all_campaigns":false,"neve_meta_sidebar":"","neve_meta_container":"","neve_meta_enable_content_width":"off","neve_meta_content_width":100,"neve_meta_title_alignment":"","neve_meta_author_avatar":"","neve_post_elements_order":"","neve_meta_disable_header":"","neve_meta_disable_footer":"","neve_meta_disable_title":""},"product_brand":[],"product_cat":[15],"product_tag":[],"class_list":{"0":"post-6612","1":"product","2":"type-product","3":"status-publish","4":"has-post-thumbnail","6":"product_cat-thermocouple-probe","8":"first","9":"instock","10":"shipping-taxable","11":"product-type-simple"},"yoast_head":"<!-- This site is optimized with the Yoast SEO Premium plugin v23.0 (Yoast SEO v26.5) - https:\/\/yoast.com\/wordpress\/plugins\/seo\/ -->\n<title>K-Type Thermocouple Temperature Sensor With Flange Probe - DTTTEK<\/title>\n<meta name=\"robots\" content=\"index, follow, max-snippet:-1, max-image-preview:large, max-video-preview:-1\" \/>\n<link rel=\"canonical\" href=\"https:\/\/dtttek.com\/pt\/product\/sensor-de-temperatura-termopar-tipo-k-com-sonda-de-flange\/\" \/>\n<meta property=\"og:locale\" content=\"pt_BR\" \/>\n<meta property=\"og:type\" content=\"article\" \/>\n<meta property=\"og:title\" content=\"K-Type Thermocouple Temperature Sensor With Flange Probe\" \/>\n<meta property=\"og:description\" content=\"Feature \u00b7 Fast response \u00b7 Exquisite appearance \u00b7 High precision \u00b7 High temperature resistance \u00b7 Injection molded plug, good flexibility\" \/>\n<meta property=\"og:url\" content=\"https:\/\/dtttek.com\/pt\/product\/sensor-de-temperatura-termopar-tipo-k-com-sonda-de-flange\/\" \/>\n<meta property=\"og:site_name\" content=\"DTTTEK\" \/>\n<meta property=\"article:modified_time\" content=\"2024-12-27T12:54:37+00:00\" \/>\n<meta property=\"og:image\" content=\"https:\/\/dtttek.com\/wp-content\/uploads\/2024\/12\/215.jpg\" \/>\n\t<meta property=\"og:image:width\" content=\"1000\" \/>\n\t<meta property=\"og:image:height\" content=\"1000\" \/>\n\t<meta property=\"og:image:type\" content=\"image\/jpeg\" \/>\n<meta name=\"twitter:card\" content=\"summary_large_image\" \/>\n<meta name=\"twitter:label1\" content=\"Est. tempo de leitura\" \/>\n\t<meta name=\"twitter:data1\" content=\"2 minutos\" \/>\n<script type=\"application\/ld+json\" class=\"yoast-schema-graph\">{\"@context\":\"https:\/\/schema.org\",\"@graph\":[{\"@type\":\"WebPage\",\"@id\":\"https:\/\/dtttek.com\/product\/k-type-thermocouple-temperature-sensor-with-flange-probe\/\",\"url\":\"https:\/\/dtttek.com\/product\/k-type-thermocouple-temperature-sensor-with-flange-probe\/\",\"name\":\"K-Type Thermocouple Temperature Sensor With Flange Probe - DTTTEK\",\"isPartOf\":{\"@id\":\"https:\/\/dtttek.com\/#website\"},\"primaryImageOfPage\":{\"@id\":\"https:\/\/dtttek.com\/product\/k-type-thermocouple-temperature-sensor-with-flange-probe\/#primaryimage\"},\"image\":{\"@id\":\"https:\/\/dtttek.com\/product\/k-type-thermocouple-temperature-sensor-with-flange-probe\/#primaryimage\"},\"thumbnailUrl\":\"https:\/\/dtttek.com\/wp-content\/uploads\/2024\/12\/215.jpg\",\"datePublished\":\"2024-12-27T12:54:36+00:00\",\"dateModified\":\"2024-12-27T12:54:37+00:00\",\"breadcrumb\":{\"@id\":\"https:\/\/dtttek.com\/product\/k-type-thermocouple-temperature-sensor-with-flange-probe\/#breadcrumb\"},\"inLanguage\":\"pt-BR\",\"potentialAction\":[{\"@type\":\"ReadAction\",\"target\":[\"https:\/\/dtttek.com\/product\/k-type-thermocouple-temperature-sensor-with-flange-probe\/\"]}]},{\"@type\":\"ImageObject\",\"inLanguage\":\"pt-BR\",\"@id\":\"https:\/\/dtttek.com\/product\/k-type-thermocouple-temperature-sensor-with-flange-probe\/#primaryimage\",\"url\":\"https:\/\/dtttek.com\/wp-content\/uploads\/2024\/12\/215.jpg\",\"contentUrl\":\"https:\/\/dtttek.com\/wp-content\/uploads\/2024\/12\/215.jpg\",\"width\":1000,\"height\":1000},{\"@type\":\"BreadcrumbList\",\"@id\":\"https:\/\/dtttek.com\/product\/k-type-thermocouple-temperature-sensor-with-flange-probe\/#breadcrumb\",\"itemListElement\":[{\"@type\":\"ListItem\",\"position\":1,\"name\":\"Home\",\"item\":\"https:\/\/dtttek.com\/\"},{\"@type\":\"ListItem\",\"position\":2,\"name\":\"Product\",\"item\":\"https:\/\/dtttek.com\/product-page\/\"},{\"@type\":\"ListItem\",\"position\":3,\"name\":\"K-Type Thermocouple Temperature Sensor With Flange Probe\"}]},{\"@type\":\"WebSite\",\"@id\":\"https:\/\/dtttek.com\/#website\",\"url\":\"https:\/\/dtttek.com\/\",\"name\":\"DTTTEK\",\"description\":\"High quality sensor manufacturer\",\"publisher\":{\"@id\":\"https:\/\/dtttek.com\/#organization\"},\"potentialAction\":[{\"@type\":\"SearchAction\",\"target\":{\"@type\":\"EntryPoint\",\"urlTemplate\":\"https:\/\/dtttek.com\/?s={search_term_string}\"},\"query-input\":{\"@type\":\"PropertyValueSpecification\",\"valueRequired\":true,\"valueName\":\"search_term_string\"}}],\"inLanguage\":\"pt-BR\"},{\"@type\":\"Organization\",\"@id\":\"https:\/\/dtttek.com\/#organization\",\"name\":\"DTTTEK\",\"url\":\"https:\/\/dtttek.com\/\",\"logo\":{\"@type\":\"ImageObject\",\"inLanguage\":\"pt-BR\",\"@id\":\"https:\/\/dtttek.com\/#\/schema\/logo\/image\/\",\"url\":\"https:\/\/dtttek.com\/wp-content\/uploads\/2024\/08\/cropped-logo-1.png\",\"contentUrl\":\"https:\/\/dtttek.com\/wp-content\/uploads\/2024\/08\/cropped-logo-1.png\",\"width\":512,\"height\":512,\"caption\":\"DTTTEK\"},\"image\":{\"@id\":\"https:\/\/dtttek.com\/#\/schema\/logo\/image\/\"}}]}<\/script>\n<!-- \/ Yoast SEO Premium plugin. -->","yoast_head_json":{"title":"K-Type Thermocouple Temperature Sensor With Flange Probe - DTTTEK","robots":{"index":"index","follow":"follow","max-snippet":"max-snippet:-1","max-image-preview":"max-image-preview:large","max-video-preview":"max-video-preview:-1"},"canonical":"https:\/\/dtttek.com\/pt\/product\/sensor-de-temperatura-termopar-tipo-k-com-sonda-de-flange\/","og_locale":"pt_BR","og_type":"article","og_title":"K-Type Thermocouple Temperature Sensor With Flange Probe","og_description":"Feature \u00b7 Fast response \u00b7 Exquisite appearance \u00b7 High precision \u00b7 High temperature resistance \u00b7 Injection molded plug, good flexibility","og_url":"https:\/\/dtttek.com\/pt\/product\/sensor-de-temperatura-termopar-tipo-k-com-sonda-de-flange\/","og_site_name":"DTTTEK","article_modified_time":"2024-12-27T12:54:37+00:00","og_image":[{"width":1000,"height":1000,"url":"https:\/\/dtttek.com\/wp-content\/uploads\/2024\/12\/215.jpg","type":"image\/jpeg"}],"twitter_card":"summary_large_image","twitter_misc":{"Est. tempo de leitura":"2 minutos"},"schema":{"@context":"https:\/\/schema.org","@graph":[{"@type":"WebPage","@id":"https:\/\/dtttek.com\/product\/k-type-thermocouple-temperature-sensor-with-flange-probe\/","url":"https:\/\/dtttek.com\/product\/k-type-thermocouple-temperature-sensor-with-flange-probe\/","name":"K-Type Thermocouple Temperature Sensor With Flange Probe - DTTTEK","isPartOf":{"@id":"https:\/\/dtttek.com\/#website"},"primaryImageOfPage":{"@id":"https:\/\/dtttek.com\/product\/k-type-thermocouple-temperature-sensor-with-flange-probe\/#primaryimage"},"image":{"@id":"https:\/\/dtttek.com\/product\/k-type-thermocouple-temperature-sensor-with-flange-probe\/#primaryimage"},"thumbnailUrl":"https:\/\/dtttek.com\/wp-content\/uploads\/2024\/12\/215.jpg","datePublished":"2024-12-27T12:54:36+00:00","dateModified":"2024-12-27T12:54:37+00:00","breadcrumb":{"@id":"https:\/\/dtttek.com\/product\/k-type-thermocouple-temperature-sensor-with-flange-probe\/#breadcrumb"},"inLanguage":"pt-BR","potentialAction":[{"@type":"ReadAction","target":["https:\/\/dtttek.com\/product\/k-type-thermocouple-temperature-sensor-with-flange-probe\/"]}]},{"@type":"ImageObject","inLanguage":"pt-BR","@id":"https:\/\/dtttek.com\/product\/k-type-thermocouple-temperature-sensor-with-flange-probe\/#primaryimage","url":"https:\/\/dtttek.com\/wp-content\/uploads\/2024\/12\/215.jpg","contentUrl":"https:\/\/dtttek.com\/wp-content\/uploads\/2024\/12\/215.jpg","width":1000,"height":1000},{"@type":"BreadcrumbList","@id":"https:\/\/dtttek.com\/product\/k-type-thermocouple-temperature-sensor-with-flange-probe\/#breadcrumb","itemListElement":[{"@type":"ListItem","position":1,"name":"Home","item":"https:\/\/dtttek.com\/"},{"@type":"ListItem","position":2,"name":"Product","item":"https:\/\/dtttek.com\/product-page\/"},{"@type":"ListItem","position":3,"name":"K-Type Thermocouple Temperature Sensor With Flange Probe"}]},{"@type":"WebSite","@id":"https:\/\/dtttek.com\/#website","url":"https:\/\/dtttek.com\/","name":"DTTTEK","description":"Fabricante de sensores de alta qualidade","publisher":{"@id":"https:\/\/dtttek.com\/#organization"},"potentialAction":[{"@type":"SearchAction","target":{"@type":"EntryPoint","urlTemplate":"https:\/\/dtttek.com\/?s={search_term_string}"},"query-input":{"@type":"PropertyValueSpecification","valueRequired":true,"valueName":"search_term_string"}}],"inLanguage":"pt-BR"},{"@type":"Organization","@id":"https:\/\/dtttek.com\/#organization","name":"DTTTEK","url":"https:\/\/dtttek.com\/","logo":{"@type":"ImageObject","inLanguage":"pt-BR","@id":"https:\/\/dtttek.com\/#\/schema\/logo\/image\/","url":"https:\/\/dtttek.com\/wp-content\/uploads\/2024\/08\/cropped-logo-1.png","contentUrl":"https:\/\/dtttek.com\/wp-content\/uploads\/2024\/08\/cropped-logo-1.png","width":512,"height":512,"caption":"DTTTEK"},"image":{"@id":"https:\/\/dtttek.com\/#\/schema\/logo\/image\/"}}]}},"_links":{"self":[{"href":"https:\/\/dtttek.com\/pt\/wp-json\/wp\/v2\/product\/6612","targetHints":{"allow":["GET"]}}],"collection":[{"href":"https:\/\/dtttek.com\/pt\/wp-json\/wp\/v2\/product"}],"about":[{"href":"https:\/\/dtttek.com\/pt\/wp-json\/wp\/v2\/types\/product"}],"version-history":[{"count":0,"href":"https:\/\/dtttek.com\/pt\/wp-json\/wp\/v2\/product\/6612\/revisions"}],"wp:featuredmedia":[{"embeddable":true,"href":"https:\/\/dtttek.com\/pt\/wp-json\/wp\/v2\/media\/6614"}],"wp:attachment":[{"href":"https:\/\/dtttek.com\/pt\/wp-json\/wp\/v2\/media?parent=6612"}],"wp:term":[{"taxonomy":"product_brand","embeddable":true,"href":"https:\/\/dtttek.com\/pt\/wp-json\/wp\/v2\/product_brand?post=6612"},{"taxonomy":"product_cat","embeddable":true,"href":"https:\/\/dtttek.com\/pt\/wp-json\/wp\/v2\/product_cat?post=6612"},{"taxonomy":"product_tag","embeddable":true,"href":"https:\/\/dtttek.com\/pt\/wp-json\/wp\/v2\/product_tag?post=6612"}],"curies":[{"name":"wp","href":"https:\/\/api.w.org\/{rel}","templated":true}]}}