{"id":6670,"date":"2024-12-29T13:15:45","date_gmt":"2024-12-29T04:15:45","guid":{"rendered":"https:\/\/dtttek.com\/?post_type=product&#038;p=6670"},"modified":"2024-12-29T21:07:03","modified_gmt":"2024-12-29T12:07:03","slug":"customizable-pellet-stove-pt1000-platinum-thermal-sensor","status":"publish","type":"product","link":"https:\/\/dtttek.com\/pt\/product\/customizable-pellet-stove-pt1000-platinum-thermal-sensor\/","title":{"rendered":"Fog\u00e3o a Pellets Personaliz\u00e1vel Pt1000 Platinum Sensor T\u00e9rmico"},"content":{"rendered":"<h3><span style=\"color: #37b6ed;\">Descri\u00e7\u00e3o<\/span><\/h3>\n<p>This PT1000 platinum hot barbecue sensor is selected from German imported chips.<\/p>\n<p>The temperature measurement accuracy is high and the performance is stable. The temperature sensor chip and the wire are laser welded to ensure that the two metals are truly fused and the temperature measurement accuracy is improved. Industrial-grade waterproof pressure ring design, 304 stainless steel shell, physical connection between the wire and the sensor, more effective waterproof and leakage. The high-quality pure copper nickel-plated pin aviation plug is selected, which has small contact internal resistance and is durable.<\/p>\n<h3><span style=\"color: #37b6ed;\">Aplicativo<\/span><\/h3>\n<p><strong>\u00b7 <\/strong>Grelhar<br \/>\n<strong>\u00b7 <\/strong>Forno de pellets<br \/>\n<strong>\u00b7 <\/strong>Fritadeira a ar<br \/>\n<strong>\u00b7 <\/strong>Term\u00f4metro para alimentos para churrasco<br \/>\n<strong>\u00b7 <\/strong>Fog\u00e3o a g\u00e1s anti-queima a seco<\/p>\n<h3><span style=\"color: #37b6ed;\">Indicadores t\u00e9cnicos<\/span><\/h3>\n<table style=\"height: 843px;\" width=\"1341\">\n<tbody>\n<tr>\n<td width=\"247\">Tipo de sensor<\/td>\n<td width=\"331\">PT platinum thermal temperature sensor<\/td>\n<\/tr>\n<tr>\n<td width=\"247\">Temperatura de opera\u00e7\u00e3o<\/td>\n<td width=\"331\">-50~500 \u2103<\/td>\n<\/tr>\n<tr>\n<td width=\"247\">Faixa de medi\u00e7\u00e3o de temperatura<\/td>\n<td width=\"331\">-50\u2103~300\u2103<\/td>\n<\/tr>\n<tr>\n<td width=\"247\">Pacote\/alojamento<\/td>\n<td width=\"331\">Platinum thin-film resistors<\/td>\n<\/tr>\n<tr>\n<td width=\"247\">Precis\u00e3o<\/td>\n<td width=\"331\">\u00b12(0.3+0.005|T|)|T|<\/td>\n<\/tr>\n<tr>\n<td width=\"247\">Material<\/td>\n<td width=\"331\">A\u00e7o inoxid\u00e1vel 304<\/td>\n<\/tr>\n<tr>\n<td width=\"247\">Fio sensor de temperatura<\/td>\n<td width=\"331\">7*0.12 silver-plated conductor, PTFE insulated double-core + 304 stainless steel braided shielded wire, temperature resistance: -60\u00b0C~380\u00b0C, wire length: 1860mm<\/td>\n<\/tr>\n<tr>\n<td width=\"247\">Plug<\/td>\n<td width=\"331\">35*24*8mm, 90\u00b0 elbow, 3.5 monophonic in-ear plug<\/td>\n<\/tr>\n<tr>\n<td width=\"247\">Tipo de sa\u00edda<\/td>\n<td width=\"331\">\u00a0tipo anal\u00f3gico<\/td>\n<\/tr>\n<tr>\n<td width=\"247\">Dimensions<\/td>\n<td width=\"331\">\u04243.5*150mm tip, 304 food grade stainless steel<\/p>\n<p>(size before molding)<\/td>\n<\/tr>\n<tr>\n<td width=\"247\">Temperature coefficient<\/td>\n<td width=\"331\">TCR=3850 ppm\/k<\/td>\n<\/tr>\n<\/tbody>\n<\/table>\n<h3><span style=\"color: #37b6ed;\">Diagrama<\/span><img fetchpriority=\"high\" decoding=\"async\" class=\"alignnone size-full wp-image-6671\" src=\"https:\/\/dtttek.com\/wp-content\/uploads\/2024\/12\/\u56fe\u72471-34.png\" alt=\"\" width=\"1712\" height=\"638\" srcset=\"https:\/\/dtttek.com\/wp-content\/uploads\/2024\/12\/\u56fe\u72471-34.png 1712w, https:\/\/dtttek.com\/wp-content\/uploads\/2024\/12\/\u56fe\u72471-34-300x112.png 300w, https:\/\/dtttek.com\/wp-content\/uploads\/2024\/12\/\u56fe\u72471-34-1024x382.png 1024w, https:\/\/dtttek.com\/wp-content\/uploads\/2024\/12\/\u56fe\u72471-34-768x286.png 768w, https:\/\/dtttek.com\/wp-content\/uploads\/2024\/12\/\u56fe\u72471-34-1536x572.png 1536w, https:\/\/dtttek.com\/wp-content\/uploads\/2024\/12\/\u56fe\u72471-34-18x7.png 18w\" sizes=\"(max-width: 1712px) 100vw, 1712px\" \/><\/h3>","protected":false},"excerpt":{"rendered":"<h5><span style=\"color: #37b6ed;\">Recurso<\/span><\/h5>\n<p><strong>\u00b7 <\/strong>Resposta r\u00e1pida<br \/>\n<strong>\u00b7 <\/strong>Good stability<br \/>\n<strong>\u00b7 <\/strong>Corrosion resistance<br \/>\n<strong>\u00b7 <\/strong>IPX6 waterproof<br \/>\n<strong>\u00b7 <\/strong>A\u00e7o inoxid\u00e1vel 304<br \/>\n<strong>\u00b7 <\/strong>Corrosion resistance<\/p>","protected":false},"featured_media":6714,"template":"","meta":{"content-type":"","om_disable_all_campaigns":false,"neve_meta_sidebar":"","neve_meta_container":"","neve_meta_enable_content_width":"off","neve_meta_content_width":100,"neve_meta_title_alignment":"","neve_meta_author_avatar":"","neve_post_elements_order":"","neve_meta_disable_header":"","neve_meta_disable_footer":"","neve_meta_disable_title":""},"product_brand":[],"product_cat":[18],"product_tag":[],"class_list":{"0":"post-6670","1":"product","2":"type-product","3":"status-publish","4":"has-post-thumbnail","6":"product_cat-rtd-temperature-probe","8":"first","9":"instock","10":"shipping-taxable","11":"product-type-simple"},"yoast_head":"<!-- This site is optimized with the Yoast SEO Premium plugin v23.0 (Yoast SEO v26.5) - https:\/\/yoast.com\/wordpress\/plugins\/seo\/ -->\n<title>Customizable Pellet Stove Pt1000 Platinum Thermal Sensor - DTTTEK<\/title>\n<meta name=\"robots\" content=\"index, follow, max-snippet:-1, max-image-preview:large, max-video-preview:-1\" \/>\n<link rel=\"canonical\" href=\"https:\/\/dtttek.com\/pt\/product\/customizable-pellet-stove-pt1000-platinum-thermal-sensor\/\" \/>\n<meta property=\"og:locale\" content=\"pt_BR\" \/>\n<meta property=\"og:type\" content=\"article\" \/>\n<meta property=\"og:title\" content=\"Customizable Pellet Stove Pt1000 Platinum Thermal Sensor\" \/>\n<meta property=\"og:description\" content=\"Feature \u00b7 Fast response \u00b7 Good stability \u00b7 Corrosion resistance \u00b7 IPX6 waterproof \u00b7 304 stainless steel \u00b7 Corrosion resistance\" \/>\n<meta property=\"og:url\" content=\"https:\/\/dtttek.com\/pt\/product\/customizable-pellet-stove-pt1000-platinum-thermal-sensor\/\" \/>\n<meta property=\"og:site_name\" content=\"DTTTEK\" \/>\n<meta property=\"article:modified_time\" content=\"2024-12-29T12:07:03+00:00\" \/>\n<meta property=\"og:image\" content=\"https:\/\/dtttek.com\/wp-content\/uploads\/2024\/12\/109.jpg\" \/>\n\t<meta property=\"og:image:width\" content=\"1000\" \/>\n\t<meta property=\"og:image:height\" content=\"1000\" \/>\n\t<meta property=\"og:image:type\" content=\"image\/jpeg\" \/>\n<meta name=\"twitter:card\" content=\"summary_large_image\" \/>\n<meta name=\"twitter:label1\" content=\"Est. tempo de leitura\" \/>\n\t<meta name=\"twitter:data1\" content=\"2 minutos\" \/>\n<script type=\"application\/ld+json\" class=\"yoast-schema-graph\">{\"@context\":\"https:\/\/schema.org\",\"@graph\":[{\"@type\":\"WebPage\",\"@id\":\"https:\/\/dtttek.com\/product\/customizable-pellet-stove-pt1000-platinum-thermal-sensor\/\",\"url\":\"https:\/\/dtttek.com\/product\/customizable-pellet-stove-pt1000-platinum-thermal-sensor\/\",\"name\":\"Customizable Pellet Stove Pt1000 Platinum Thermal Sensor - DTTTEK\",\"isPartOf\":{\"@id\":\"https:\/\/dtttek.com\/#website\"},\"primaryImageOfPage\":{\"@id\":\"https:\/\/dtttek.com\/product\/customizable-pellet-stove-pt1000-platinum-thermal-sensor\/#primaryimage\"},\"image\":{\"@id\":\"https:\/\/dtttek.com\/product\/customizable-pellet-stove-pt1000-platinum-thermal-sensor\/#primaryimage\"},\"thumbnailUrl\":\"https:\/\/dtttek.com\/wp-content\/uploads\/2024\/12\/109.jpg\",\"datePublished\":\"2024-12-29T04:15:45+00:00\",\"dateModified\":\"2024-12-29T12:07:03+00:00\",\"breadcrumb\":{\"@id\":\"https:\/\/dtttek.com\/product\/customizable-pellet-stove-pt1000-platinum-thermal-sensor\/#breadcrumb\"},\"inLanguage\":\"pt-BR\",\"potentialAction\":[{\"@type\":\"ReadAction\",\"target\":[\"https:\/\/dtttek.com\/product\/customizable-pellet-stove-pt1000-platinum-thermal-sensor\/\"]}]},{\"@type\":\"ImageObject\",\"inLanguage\":\"pt-BR\",\"@id\":\"https:\/\/dtttek.com\/product\/customizable-pellet-stove-pt1000-platinum-thermal-sensor\/#primaryimage\",\"url\":\"https:\/\/dtttek.com\/wp-content\/uploads\/2024\/12\/109.jpg\",\"contentUrl\":\"https:\/\/dtttek.com\/wp-content\/uploads\/2024\/12\/109.jpg\",\"width\":1000,\"height\":1000},{\"@type\":\"BreadcrumbList\",\"@id\":\"https:\/\/dtttek.com\/product\/customizable-pellet-stove-pt1000-platinum-thermal-sensor\/#breadcrumb\",\"itemListElement\":[{\"@type\":\"ListItem\",\"position\":1,\"name\":\"Home\",\"item\":\"https:\/\/dtttek.com\/\"},{\"@type\":\"ListItem\",\"position\":2,\"name\":\"Product\",\"item\":\"https:\/\/dtttek.com\/product-page\/\"},{\"@type\":\"ListItem\",\"position\":3,\"name\":\"Customizable Pellet Stove Pt1000 Platinum Thermal Sensor\"}]},{\"@type\":\"WebSite\",\"@id\":\"https:\/\/dtttek.com\/#website\",\"url\":\"https:\/\/dtttek.com\/\",\"name\":\"DTTTEK\",\"description\":\"High quality sensor manufacturer\",\"publisher\":{\"@id\":\"https:\/\/dtttek.com\/#organization\"},\"potentialAction\":[{\"@type\":\"SearchAction\",\"target\":{\"@type\":\"EntryPoint\",\"urlTemplate\":\"https:\/\/dtttek.com\/?s={search_term_string}\"},\"query-input\":{\"@type\":\"PropertyValueSpecification\",\"valueRequired\":true,\"valueName\":\"search_term_string\"}}],\"inLanguage\":\"pt-BR\"},{\"@type\":\"Organization\",\"@id\":\"https:\/\/dtttek.com\/#organization\",\"name\":\"DTTTEK\",\"url\":\"https:\/\/dtttek.com\/\",\"logo\":{\"@type\":\"ImageObject\",\"inLanguage\":\"pt-BR\",\"@id\":\"https:\/\/dtttek.com\/#\/schema\/logo\/image\/\",\"url\":\"https:\/\/dtttek.com\/wp-content\/uploads\/2024\/08\/cropped-logo-1.png\",\"contentUrl\":\"https:\/\/dtttek.com\/wp-content\/uploads\/2024\/08\/cropped-logo-1.png\",\"width\":512,\"height\":512,\"caption\":\"DTTTEK\"},\"image\":{\"@id\":\"https:\/\/dtttek.com\/#\/schema\/logo\/image\/\"}}]}<\/script>\n<!-- \/ Yoast SEO Premium plugin. -->","yoast_head_json":{"title":"Customizable Pellet Stove Pt1000 Platinum Thermal Sensor - DTTTEK","robots":{"index":"index","follow":"follow","max-snippet":"max-snippet:-1","max-image-preview":"max-image-preview:large","max-video-preview":"max-video-preview:-1"},"canonical":"https:\/\/dtttek.com\/pt\/product\/customizable-pellet-stove-pt1000-platinum-thermal-sensor\/","og_locale":"pt_BR","og_type":"article","og_title":"Customizable Pellet Stove Pt1000 Platinum Thermal Sensor","og_description":"Feature \u00b7 Fast response \u00b7 Good stability \u00b7 Corrosion resistance \u00b7 IPX6 waterproof \u00b7 304 stainless steel \u00b7 Corrosion resistance","og_url":"https:\/\/dtttek.com\/pt\/product\/customizable-pellet-stove-pt1000-platinum-thermal-sensor\/","og_site_name":"DTTTEK","article_modified_time":"2024-12-29T12:07:03+00:00","og_image":[{"width":1000,"height":1000,"url":"https:\/\/dtttek.com\/wp-content\/uploads\/2024\/12\/109.jpg","type":"image\/jpeg"}],"twitter_card":"summary_large_image","twitter_misc":{"Est. tempo de leitura":"2 minutos"},"schema":{"@context":"https:\/\/schema.org","@graph":[{"@type":"WebPage","@id":"https:\/\/dtttek.com\/product\/customizable-pellet-stove-pt1000-platinum-thermal-sensor\/","url":"https:\/\/dtttek.com\/product\/customizable-pellet-stove-pt1000-platinum-thermal-sensor\/","name":"Customizable Pellet Stove Pt1000 Platinum Thermal Sensor - DTTTEK","isPartOf":{"@id":"https:\/\/dtttek.com\/#website"},"primaryImageOfPage":{"@id":"https:\/\/dtttek.com\/product\/customizable-pellet-stove-pt1000-platinum-thermal-sensor\/#primaryimage"},"image":{"@id":"https:\/\/dtttek.com\/product\/customizable-pellet-stove-pt1000-platinum-thermal-sensor\/#primaryimage"},"thumbnailUrl":"https:\/\/dtttek.com\/wp-content\/uploads\/2024\/12\/109.jpg","datePublished":"2024-12-29T04:15:45+00:00","dateModified":"2024-12-29T12:07:03+00:00","breadcrumb":{"@id":"https:\/\/dtttek.com\/product\/customizable-pellet-stove-pt1000-platinum-thermal-sensor\/#breadcrumb"},"inLanguage":"pt-BR","potentialAction":[{"@type":"ReadAction","target":["https:\/\/dtttek.com\/product\/customizable-pellet-stove-pt1000-platinum-thermal-sensor\/"]}]},{"@type":"ImageObject","inLanguage":"pt-BR","@id":"https:\/\/dtttek.com\/product\/customizable-pellet-stove-pt1000-platinum-thermal-sensor\/#primaryimage","url":"https:\/\/dtttek.com\/wp-content\/uploads\/2024\/12\/109.jpg","contentUrl":"https:\/\/dtttek.com\/wp-content\/uploads\/2024\/12\/109.jpg","width":1000,"height":1000},{"@type":"BreadcrumbList","@id":"https:\/\/dtttek.com\/product\/customizable-pellet-stove-pt1000-platinum-thermal-sensor\/#breadcrumb","itemListElement":[{"@type":"ListItem","position":1,"name":"Home","item":"https:\/\/dtttek.com\/"},{"@type":"ListItem","position":2,"name":"Product","item":"https:\/\/dtttek.com\/product-page\/"},{"@type":"ListItem","position":3,"name":"Customizable Pellet Stove Pt1000 Platinum Thermal Sensor"}]},{"@type":"WebSite","@id":"https:\/\/dtttek.com\/#website","url":"https:\/\/dtttek.com\/","name":"DTTTEK","description":"Fabricante de sensores de alta qualidade","publisher":{"@id":"https:\/\/dtttek.com\/#organization"},"potentialAction":[{"@type":"SearchAction","target":{"@type":"EntryPoint","urlTemplate":"https:\/\/dtttek.com\/?s={search_term_string}"},"query-input":{"@type":"PropertyValueSpecification","valueRequired":true,"valueName":"search_term_string"}}],"inLanguage":"pt-BR"},{"@type":"Organization","@id":"https:\/\/dtttek.com\/#organization","name":"DTTTEK","url":"https:\/\/dtttek.com\/","logo":{"@type":"ImageObject","inLanguage":"pt-BR","@id":"https:\/\/dtttek.com\/#\/schema\/logo\/image\/","url":"https:\/\/dtttek.com\/wp-content\/uploads\/2024\/08\/cropped-logo-1.png","contentUrl":"https:\/\/dtttek.com\/wp-content\/uploads\/2024\/08\/cropped-logo-1.png","width":512,"height":512,"caption":"DTTTEK"},"image":{"@id":"https:\/\/dtttek.com\/#\/schema\/logo\/image\/"}}]}},"_links":{"self":[{"href":"https:\/\/dtttek.com\/pt\/wp-json\/wp\/v2\/product\/6670","targetHints":{"allow":["GET"]}}],"collection":[{"href":"https:\/\/dtttek.com\/pt\/wp-json\/wp\/v2\/product"}],"about":[{"href":"https:\/\/dtttek.com\/pt\/wp-json\/wp\/v2\/types\/product"}],"version-history":[{"count":0,"href":"https:\/\/dtttek.com\/pt\/wp-json\/wp\/v2\/product\/6670\/revisions"}],"wp:featuredmedia":[{"embeddable":true,"href":"https:\/\/dtttek.com\/pt\/wp-json\/wp\/v2\/media\/6714"}],"wp:attachment":[{"href":"https:\/\/dtttek.com\/pt\/wp-json\/wp\/v2\/media?parent=6670"}],"wp:term":[{"taxonomy":"product_brand","embeddable":true,"href":"https:\/\/dtttek.com\/pt\/wp-json\/wp\/v2\/product_brand?post=6670"},{"taxonomy":"product_cat","embeddable":true,"href":"https:\/\/dtttek.com\/pt\/wp-json\/wp\/v2\/product_cat?post=6670"},{"taxonomy":"product_tag","embeddable":true,"href":"https:\/\/dtttek.com\/pt\/wp-json\/wp\/v2\/product_tag?post=6670"}],"curies":[{"name":"wp","href":"https:\/\/api.w.org\/{rel}","templated":true}]}}